{"id":79243,"date":"2018-11-13T09:48:26","date_gmt":"2018-11-13T08:48:26","guid":{"rendered":"https:\/\/whisky.ad\/product\/crafters-london-dry-gin-0-7l-43\/"},"modified":"2023-12-13T20:00:34","modified_gmt":"2023-12-13T19:00:34","slug":"crafters-london-dry-gin-0-7l-43","status":"publish","type":"product","link":"https:\/\/whisky.ad\/ca\/producte\/crafters-london-dry-gin-0-7l-43\/","title":{"rendered":"Crafter&#8217;s London Dry Gin 0.7L. 43%"},"content":{"rendered":"","protected":false},"excerpt":{"rendered":"<p>Crafter&#8217;s london dry \u00e9s una ginebra artesanal creada amb el m\u00e8tode tradicional d&#8217;alambins. La columna vertebral de la recepta \u00e9s una varietat de plantes n\u00f2rdiques triades a m\u00e0 del camp eston\u00e8s. La ver\u00f2nica i el fonoll predominen en un aromes picant. arrodonint un sabor cruixent i ben equilibrat. Crafter&#8217;s es serveix millor amb un t\u00f2nic de qualitat i una branca fresca de roman\u00ed.    <\/p>\n","protected":false},"featured_media":77442,"comment_status":"open","ping_status":"closed","template":"","meta":{"_acf_changed":false},"product_brand":[],"product_cat":[415,349],"product_tag":[494],"class_list":{"0":"post-79243","1":"product","2":"type-product","3":"status-publish","4":"has-post-thumbnail","6":"product_cat-ginebra-ca","7":"product_cat-begudes-alcoholiques-ca","8":"product_tag-estonia-ca","10":"first","11":"instock","12":"taxable","13":"shipping-taxable","14":"purchasable","15":"product-type-simple"},"acf":[],"aioseo_notices":[],"jetpack_sharing_enabled":true,"_links":{"self":[{"href":"https:\/\/whisky.ad\/ca\/wp-json\/wp\/v2\/product\/79243","targetHints":{"allow":["GET"]}}],"collection":[{"href":"https:\/\/whisky.ad\/ca\/wp-json\/wp\/v2\/product"}],"about":[{"href":"https:\/\/whisky.ad\/ca\/wp-json\/wp\/v2\/types\/product"}],"replies":[{"embeddable":true,"href":"https:\/\/whisky.ad\/ca\/wp-json\/wp\/v2\/comments?post=79243"}],"wp:featuredmedia":[{"embeddable":true,"href":"https:\/\/whisky.ad\/ca\/wp-json\/wp\/v2\/media\/77442"}],"wp:attachment":[{"href":"https:\/\/whisky.ad\/ca\/wp-json\/wp\/v2\/media?parent=79243"}],"wp:term":[{"taxonomy":"product_brand","embeddable":true,"href":"https:\/\/whisky.ad\/ca\/wp-json\/wp\/v2\/product_brand?post=79243"},{"taxonomy":"product_cat","embeddable":true,"href":"https:\/\/whisky.ad\/ca\/wp-json\/wp\/v2\/product_cat?post=79243"},{"taxonomy":"product_tag","embeddable":true,"href":"https:\/\/whisky.ad\/ca\/wp-json\/wp\/v2\/product_tag?post=79243"}],"curies":[{"name":"wp","href":"https:\/\/api.w.org\/{rel}","templated":true}]}}