{"id":79237,"date":"2018-11-18T17:26:16","date_gmt":"2018-11-18T16:26:16","guid":{"rendered":"https:\/\/whisky.ad\/product\/mackmyra-motorhead-whisky-700ml-40-vol\/"},"modified":"2018-11-18T17:26:16","modified_gmt":"2018-11-18T16:26:16","slug":"mackmyra-motorhead-whisky-700ml-40-vol","status":"publish","type":"product","link":"https:\/\/whisky.ad\/ca\/producte\/mackmyra-motorhead-whisky-700ml-40-vol\/","title":{"rendered":"MACKMYRA MOT\u00d6RHEAD WHISKY (700ml 40% vol.)"},"content":{"rendered":"","protected":false},"excerpt":{"rendered":"<h5>La banda m\u00e9s forta del m\u00f3n llan\u00e7a probablement el whisky m\u00e9s sol\u00b7licitat.<\/h5>\n<p>Ara tothom sap que Mot\u00f6rhead segueix el seu propi cam\u00ed i fa les coses a la seva manera. Per celebrar els 40 anys de trituraci\u00f3 del timp\u00e0, Mot\u00f6rhead Whisky es llan\u00e7a ara en col\u00b7laboraci\u00f3 amb el soci de begudes Brands For Fans i la guardonada destil\u00b7leria sueca Mackmyra. L&#8217;actitud intransigent que caracteritza la m\u00fasica de la banda tamb\u00e9 \u00e9s \u00f2bvia a Mot\u00f6rhead Whisky: influ\u00e8ncies de bourbon al davant, \u00e9s un whisky alerta i vital, gaireb\u00e9 arrogant, perfectament equilibrat, amb bon caramel i notes t\u00edpiques de vainilla del roure americ\u00e0. La banda ha tingut un paper actiu tant en l&#8217;elecci\u00f3 de b\u00f3tes com de blends per posar el seu nom a l&#8217;etiqueta. Amb Mot\u00f6rhead Whisky, la banda ha fet dos primers llan\u00e7aments d&#8217;un cop des que el nou \u00e0lbum &#8220;Bad Magic&#8221; acabava de publicar-se a principis d&#8217;estiu i va encap\u00e7alar les llistes a diversos pa\u00efsos. Lemmy Kilminster, el llegendari l\u00edder, fundador, vocalista i baixista de Mot\u00f6rheads diu: <em>&#8220;La vida \u00e9s menys dolorosa amb Mot\u00f6rhead Whisky. Podria pensar en fer un glop de tant en tant&#8221;<\/em>. Mikkey Dee, motor-baterista: <\/p>\n<p> <em>&#8220;Creiem que \u00e9s molt divertit llan\u00e7ar un whisky en col\u00b7laboraci\u00f3 amb una destil\u00b7leria sueca de fama mundial, Mackmyra. El whisky \u00e9s incre\u00efblement bo, amb tot car\u00e0cter i totalment aromatitzat amb un excel\u00b7lent toc de bourbon, ja que ha estat envellit en b\u00f3tes de bourbon. Tots nosaltres de la banda hem estat actius en el proc\u00e9s de producci\u00f3 i estem molt orgullosos del resultat, i estem contents de llan\u00e7ar ara un whisky tan genial i caracter\u00edstic, a l&#8217;estil Mot\u00f6rhead&#8221;.<\/em><\/p>\n<h5>Sobre Mot\u00f6rhead Whisky<\/h5>\n<p>Batch one of Mot\u00f6rhead whisky \u00e9s un whisky single malt suec d&#8217;edici\u00f3 limitada amb un car\u00e0cter roure i lleugerament afruitat, caracteritzat per una crian\u00e7a de cinc anys en b\u00f3tes noves de roure americ\u00e0, on parts del whisky ha obtingut un toc final de b\u00f3tes de roure oloroso els \u00faltims sis mesos. . La graduaci\u00f3 alcoh\u00f2lica \u00e9s del 40% i el whisky es filtra en fred, de manera que no s&#8217;ha de produir cap ennuvolat a l&#8217;ampolla o al got, si el whisky es serveix a una temperatura m\u00e9s baixa. En resum, es converteix en un whisky de malta sueca agradable, f\u00e0cil de beure i f\u00e0cil de roure i picant.<\/p>\n<p><strong>Angela D&#8217;Orazio, Master Blender \/ CNO, Chief Nose Officer explica:<\/strong><\/p>\n<p><em>&#8220;Aquests meravellosos oakbarrels! Sovint em trobo amb b\u00f3tes de whisky fins a la mina, i aqu\u00ed tenim un munt de b\u00f3tes noves de roure americ\u00e0 que han madurat cinc anys. Vam parlar de fer un whisky de malt suec amb influ\u00e8ncies gustatives de Bourbon als nois, i all\u00e0 nom\u00e9s ens esperava. Per a un petit toc d&#8217;alguna cosa m\u00e9s, vam afegir una petita porci\u00f3 de whisky durant sis mesos que va acabar en b\u00f3tes de roure d&#8217;Oloroso&#8221;.<\/em><\/p>\n","protected":false},"featured_media":71028,"comment_status":"open","ping_status":"closed","template":"","meta":{"_acf_changed":false},"product_brand":[],"product_cat":[524,360,456],"product_tag":[549,554,555],"class_list":{"0":"post-79237","1":"product","2":"type-product","3":"status-publish","4":"has-post-thumbnail","6":"product_cat-sweden-ca","7":"product_cat-whisky-per-marca-ca","8":"product_cat-mackmyra-ca","9":"product_tag-swedish-ca","10":"product_tag-mackmyra-ca","11":"product_tag-single-malt-ca","13":"first","14":"outofstock","15":"taxable","16":"shipping-taxable","17":"purchasable","18":"product-type-simple"},"acf":[],"aioseo_notices":[],"jetpack_sharing_enabled":true,"_links":{"self":[{"href":"https:\/\/whisky.ad\/ca\/wp-json\/wp\/v2\/product\/79237","targetHints":{"allow":["GET"]}}],"collection":[{"href":"https:\/\/whisky.ad\/ca\/wp-json\/wp\/v2\/product"}],"about":[{"href":"https:\/\/whisky.ad\/ca\/wp-json\/wp\/v2\/types\/product"}],"replies":[{"embeddable":true,"href":"https:\/\/whisky.ad\/ca\/wp-json\/wp\/v2\/comments?post=79237"}],"wp:featuredmedia":[{"embeddable":true,"href":"https:\/\/whisky.ad\/ca\/wp-json\/wp\/v2\/media\/71028"}],"wp:attachment":[{"href":"https:\/\/whisky.ad\/ca\/wp-json\/wp\/v2\/media?parent=79237"}],"wp:term":[{"taxonomy":"product_brand","embeddable":true,"href":"https:\/\/whisky.ad\/ca\/wp-json\/wp\/v2\/product_brand?post=79237"},{"taxonomy":"product_cat","embeddable":true,"href":"https:\/\/whisky.ad\/ca\/wp-json\/wp\/v2\/product_cat?post=79237"},{"taxonomy":"product_tag","embeddable":true,"href":"https:\/\/whisky.ad\/ca\/wp-json\/wp\/v2\/product_tag?post=79237"}],"curies":[{"name":"wp","href":"https:\/\/api.w.org\/{rel}","templated":true}]}}