{"id":79234,"date":"2018-11-13T11:25:41","date_gmt":"2018-11-13T10:25:41","guid":{"rendered":"https:\/\/whisky.ad\/product\/znaps-of-sweden-vodka-pure-lake-gateway-0-7l-375\/"},"modified":"2018-11-13T11:25:41","modified_gmt":"2018-11-13T10:25:41","slug":"znaps-of-sweden-vodka-pure-lake-gateway-0-7l-375","status":"publish","type":"product","link":"https:\/\/whisky.ad\/ca\/producte\/znaps-of-sweden-vodka-pure-lake-gateway-0-7l-375\/","title":{"rendered":"Znaps of Sweden Vodka Pure Lake Gateway 0.7l. 37,5%"},"content":{"rendered":"","protected":false},"excerpt":{"rendered":"<p>Znaps Pure Lake Gateway Vodka \u00e9s un producte suec d&#8217;alta qualitat a partir de blat d&#8217;hivern i destil\u00b7lat mitjan\u00e7ant el m\u00e8tode de destil\u00b7laci\u00f3 cont\u00ednua de m\u00faltiples columnes. L&#8217;aigua d&#8217;una cresta de dos milions d&#8217;anys que va prendre la seva forma final durant l&#8217;\u00faltima edat de gel es filtra de manera natural a trav\u00e9s de roques fines i sorra per mineralitzar-la perfectament i suavitzar-la abans de barrejar-se. &#8220;Sempre em costa tenir les coses en perspectiva. Qu\u00e8 \u00e9s important i qu\u00e8 no? Per exemple, acabo d&#8217;anar al banc i contractar una hipoteca d&#8217;un mili\u00f3 i mig per comprar un pis. I ara estic dempeus al supermercat preguntant-me si val la pena pagar una mica m\u00e9s per una melmelada de taronja tallada gruixuda amb una etiqueta elegant&#8230; Un mili\u00f3 i mig, i estic remenant un pot de melmelada a la m\u00e0. On t\u00e9 la l\u00f2gica? Resposta &#8211; no n&#8217;hi ha cap&#8221;. <\/p>\n","protected":false},"featured_media":77409,"comment_status":"open","ping_status":"closed","template":"","meta":{"_acf_changed":false},"product_brand":[],"product_cat":[417,349],"product_tag":[],"class_list":{"0":"post-79234","1":"product","2":"type-product","3":"status-publish","4":"has-post-thumbnail","6":"product_cat-vodka-ca","7":"product_cat-begudes-alcoholiques-ca","9":"first","10":"instock","11":"taxable","12":"shipping-taxable","13":"purchasable","14":"product-type-simple"},"acf":[],"aioseo_notices":[],"jetpack_sharing_enabled":true,"_links":{"self":[{"href":"https:\/\/whisky.ad\/ca\/wp-json\/wp\/v2\/product\/79234","targetHints":{"allow":["GET"]}}],"collection":[{"href":"https:\/\/whisky.ad\/ca\/wp-json\/wp\/v2\/product"}],"about":[{"href":"https:\/\/whisky.ad\/ca\/wp-json\/wp\/v2\/types\/product"}],"replies":[{"embeddable":true,"href":"https:\/\/whisky.ad\/ca\/wp-json\/wp\/v2\/comments?post=79234"}],"wp:featuredmedia":[{"embeddable":true,"href":"https:\/\/whisky.ad\/ca\/wp-json\/wp\/v2\/media\/77409"}],"wp:attachment":[{"href":"https:\/\/whisky.ad\/ca\/wp-json\/wp\/v2\/media?parent=79234"}],"wp:term":[{"taxonomy":"product_brand","embeddable":true,"href":"https:\/\/whisky.ad\/ca\/wp-json\/wp\/v2\/product_brand?post=79234"},{"taxonomy":"product_cat","embeddable":true,"href":"https:\/\/whisky.ad\/ca\/wp-json\/wp\/v2\/product_cat?post=79234"},{"taxonomy":"product_tag","embeddable":true,"href":"https:\/\/whisky.ad\/ca\/wp-json\/wp\/v2\/product_tag?post=79234"}],"curies":[{"name":"wp","href":"https:\/\/api.w.org\/{rel}","templated":true}]}}