{"id":79231,"date":"2018-11-13T11:27:37","date_gmt":"2018-11-13T10:27:37","guid":{"rendered":"https:\/\/whisky.ad\/product\/znaps-of-sweden-vodka-norfolk-brink-rhubarb-pear-gooseberry-0-7l-375\/"},"modified":"2018-11-13T11:27:37","modified_gmt":"2018-11-13T10:27:37","slug":"znaps-of-sweden-vodka-norfolk-brink-rhubarb-pear-gooseberry-0-7l-375","status":"publish","type":"product","link":"https:\/\/whisky.ad\/ca\/producte\/znaps-of-sweden-vodka-norfolk-brink-rhubarb-pear-gooseberry-0-7l-375\/","title":{"rendered":"Znaps of Sweden Vodka Norfolk Brink-Rhubarb, Pear &amp; Gooseberry 0.7l. 37,5%"},"content":{"rendered":"<p>Sabor natural: Znaps de ruibarbre, pera i grosella espinosa Norfolk Brink Vodka \u00e9s un producte suec d&#8217;alta qualitat a partir de blat d&#8217;hivern i destil\u00b7lat mitjan\u00e7ant el m\u00e8tode de destil\u00b7laci\u00f3 cont\u00ednua de m\u00faltiples columnes. L&#8217;aigua d&#8217;una cresta de dos milions d&#8217;anys que va prendre la seva forma final durant l&#8217;\u00faltima edat de gel es filtra de manera natural a trav\u00e9s de roques fines i sorra per mineralitzar-la perfectament i suavitzar-la abans de barrejar-se. &#8220;Viure una vida senzilla. Primer pas: deixar de complicar-ho. Segon pas: talar les tripes, amb quina freq\u00fc\u00e8ncia s&#8217;havia anat malament? I amb quina freq\u00fc\u00e8ncia has sentit alguna cosa i has fet el contrari, per adonar-te m\u00e9s tard que hauries d&#8217;haver-ho fet. va seguir el teu sentiment inicial?&#8221;<\/p>\n","protected":false},"excerpt":{"rendered":"<p>Sabor natural: Znaps de ruibarbre, pera i grosella espinosa Norfolk Brink Vodka \u00e9s un producte suec d&#8217;alta qualitat a partir de blat d&#8217;hivern i destil\u00b7lat mitjan\u00e7ant el m\u00e8tode de destil\u00b7laci\u00f3 cont\u00ednua de m\u00faltiples columnes. L&#8217;aigua d&#8217;una cresta de dos milions d&#8217;anys que va prendre la seva forma final durant l&#8217;\u00faltima edat de gel es filtra [&hellip;]<\/p>\n","protected":false},"featured_media":77424,"comment_status":"open","ping_status":"closed","template":"","meta":{"_acf_changed":false},"product_brand":[],"product_cat":[417,349],"product_tag":[],"class_list":{"0":"post-79231","1":"product","2":"type-product","3":"status-publish","4":"has-post-thumbnail","6":"product_cat-vodka-ca","7":"product_cat-begudes-alcoholiques-ca","9":"first","10":"instock","11":"taxable","12":"shipping-taxable","13":"purchasable","14":"product-type-simple"},"acf":[],"aioseo_notices":[],"jetpack_sharing_enabled":true,"_links":{"self":[{"href":"https:\/\/whisky.ad\/ca\/wp-json\/wp\/v2\/product\/79231","targetHints":{"allow":["GET"]}}],"collection":[{"href":"https:\/\/whisky.ad\/ca\/wp-json\/wp\/v2\/product"}],"about":[{"href":"https:\/\/whisky.ad\/ca\/wp-json\/wp\/v2\/types\/product"}],"replies":[{"embeddable":true,"href":"https:\/\/whisky.ad\/ca\/wp-json\/wp\/v2\/comments?post=79231"}],"wp:featuredmedia":[{"embeddable":true,"href":"https:\/\/whisky.ad\/ca\/wp-json\/wp\/v2\/media\/77424"}],"wp:attachment":[{"href":"https:\/\/whisky.ad\/ca\/wp-json\/wp\/v2\/media?parent=79231"}],"wp:term":[{"taxonomy":"product_brand","embeddable":true,"href":"https:\/\/whisky.ad\/ca\/wp-json\/wp\/v2\/product_brand?post=79231"},{"taxonomy":"product_cat","embeddable":true,"href":"https:\/\/whisky.ad\/ca\/wp-json\/wp\/v2\/product_cat?post=79231"},{"taxonomy":"product_tag","embeddable":true,"href":"https:\/\/whisky.ad\/ca\/wp-json\/wp\/v2\/product_tag?post=79231"}],"curies":[{"name":"wp","href":"https:\/\/api.w.org\/{rel}","templated":true}]}}