{"id":79228,"date":"2018-11-13T11:15:34","date_gmt":"2018-11-13T10:15:34","guid":{"rendered":"https:\/\/whisky.ad\/product\/znaps-of-sweden-vodka-forest-tale-blackberry-blueberry-0-7l-375\/"},"modified":"2018-11-13T11:15:34","modified_gmt":"2018-11-13T10:15:34","slug":"znaps-of-sweden-vodka-forest-tale-blackberry-blueberry-0-7l-375","status":"publish","type":"product","link":"https:\/\/whisky.ad\/ca\/producte\/znaps-of-sweden-vodka-forest-tale-blackberry-blueberry-0-7l-375\/","title":{"rendered":"Znaps of Sweden Vodka Forest Tale-Blackberry &amp; blueberry 0.7l. 37,5%"},"content":{"rendered":"","protected":false},"excerpt":{"rendered":"<p>Sabor natural: el vodka Znaps Forest Tale de mores i nabius \u00e9s un producte suec d&#8217;alta qualitat a partir de blat d&#8217;hivern i destil\u00b7lat mitjan\u00e7ant el m\u00e8tode de destil\u00b7laci\u00f3 cont\u00ednua de m\u00faltiples columnes. L&#8217;aigua d&#8217;una cresta de dos milions d&#8217;anys que va prendre la seva forma final durant l&#8217;\u00faltima edat de gel es filtra de manera natural a trav\u00e9s de roques fines i sorra per mineralitzar-la perfectament i suavitzar-la abans de barrejar-se. &#8220;A la meva ve\u00efna li encanta collir nabius a l&#8217;estiu, a la galleda. Sempre passa amb alguns per a mi. La meva ve\u00efna \u00e9s un nen de la natura, no una persona de ciutat com jo. Bec caf\u00e8 en una tassa de cartr\u00f3 caminant pel carrer, visitar la farm\u00e0cia despr\u00e9s de la mitjanit i el meu cabell sempre est\u00e0 perfecte. El meu ve\u00ed vol que m&#8217;apropi a la natura. Per qu\u00e8, em pregunto, quan es tracta de mi, en una galleda&#8221;.<\/p>\n","protected":false},"featured_media":77406,"comment_status":"open","ping_status":"closed","template":"","meta":{"_acf_changed":false},"product_brand":[],"product_cat":[417,349],"product_tag":[],"class_list":{"0":"post-79228","1":"product","2":"type-product","3":"status-publish","4":"has-post-thumbnail","6":"product_cat-vodka-ca","7":"product_cat-begudes-alcoholiques-ca","9":"first","10":"instock","11":"taxable","12":"shipping-taxable","13":"purchasable","14":"product-type-simple"},"acf":[],"aioseo_notices":[],"jetpack_sharing_enabled":true,"_links":{"self":[{"href":"https:\/\/whisky.ad\/ca\/wp-json\/wp\/v2\/product\/79228","targetHints":{"allow":["GET"]}}],"collection":[{"href":"https:\/\/whisky.ad\/ca\/wp-json\/wp\/v2\/product"}],"about":[{"href":"https:\/\/whisky.ad\/ca\/wp-json\/wp\/v2\/types\/product"}],"replies":[{"embeddable":true,"href":"https:\/\/whisky.ad\/ca\/wp-json\/wp\/v2\/comments?post=79228"}],"wp:featuredmedia":[{"embeddable":true,"href":"https:\/\/whisky.ad\/ca\/wp-json\/wp\/v2\/media\/77406"}],"wp:attachment":[{"href":"https:\/\/whisky.ad\/ca\/wp-json\/wp\/v2\/media?parent=79228"}],"wp:term":[{"taxonomy":"product_brand","embeddable":true,"href":"https:\/\/whisky.ad\/ca\/wp-json\/wp\/v2\/product_brand?post=79228"},{"taxonomy":"product_cat","embeddable":true,"href":"https:\/\/whisky.ad\/ca\/wp-json\/wp\/v2\/product_cat?post=79228"},{"taxonomy":"product_tag","embeddable":true,"href":"https:\/\/whisky.ad\/ca\/wp-json\/wp\/v2\/product_tag?post=79228"}],"curies":[{"name":"wp","href":"https:\/\/api.w.org\/{rel}","templated":true}]}}