{"id":79222,"date":"2023-08-05T11:14:42","date_gmt":"2023-08-05T10:14:42","guid":{"rendered":"https:\/\/whisky.ad\/product\/worthy-park-single-estate-reser-0-7l-45\/"},"modified":"2023-08-05T11:14:42","modified_gmt":"2023-08-05T10:14:42","slug":"worthy-park-single-estate-reser-0-7l-45","status":"publish","type":"product","link":"https:\/\/whisky.ad\/ca\/producte\/worthy-park-single-estate-reser-0-7l-45\/","title":{"rendered":"Worthy Park Single Estate Reser. 0.7l 45%"},"content":{"rendered":"","protected":false},"excerpt":{"rendered":"<div class=\"flex flex-grow flex-col gap-3\">\n<div class=\"min-h-[20px] flex flex-col items-start gap-3 overflow-x-auto whitespace-pre-wrap break-words\">\n<div class=\"markdown prose w-full break-words dark:prose-invert light\">\n<p>Worthy Park Single Estate Reserve \u00e9s un rom jamaic\u00e0 prestigi\u00f3s i molt cotitzat que mostra l&#8217;artesania i la dedicaci\u00f3 excepcionals de Worthy Park Estate. Com el seu nom indica, aquest rom \u00e9s una mostra del comprom\u00eds de la finca amb la producci\u00f3 d&#8217;un licor que s&#8217;elabora \u00edntegrament a la seva pr\u00f2pia propietat, des del cultiu de la canya de sucre fins a l&#8217;embotellament final. Aquest llan\u00e7ament d&#8217;edici\u00f3 limitada \u00e9s una barreja de roms envellits acuradament seleccionats, destil\u00b7lats amb alambins de coure tradicionals. El proc\u00e9s d&#8217;envelliment t\u00e9 lloc en b\u00f3tes de roure, permetent que el rom desenvolupi el seu car\u00e0cter i complexitat \u00fanics al llarg del temps. Cada lot \u00e9s controlat meticulosament pel Master Blender per garantir la m\u00e0xima qualitat i consist\u00e8ncia. El nas de Worthy Park Single Estate Reserve \u00e9s una deliciosa revelaci\u00f3 de fruites tropicals, que inclou notes de pl\u00e0tans madurs, mangos i tocs c\u00edtrics. A mesura que fas un glop, la textura vellutata abra\u00e7a el teu paladar, revelant un perfil de sabor ric i polifac\u00e8tic. Espereu una combinaci\u00f3 harm\u00f2nica de fruites tropicals, roure torrat i esp\u00e8cies c\u00e0lides, accentuades per un subtil toc de funky terr\u00f3s que \u00e9s caracter\u00edstic dels aut\u00e8ntics roms de Jamaica. El cos mitj\u00e0 a complet del rom es complementa amb una dol\u00e7or ben equilibrada, amb sabors de caramel, vainilla i un toc de melassa. El final \u00e9s llarg i satisfactori, deixant-vos impressions persistents de fruita tropical i la suau calidesa del roure envellit. Worthy Park Single Estate Reserve es gaudeix millor net o amb uns quants cubs de gel per apreciar plenament els seus complexos sabors. Com a rom d&#8217;una sola finca, ofereix una representaci\u00f3 genu\u00efna del territori, la hist\u00f2ria i la dedicaci\u00f3 de Worthy Park Estate per produir alguns dels millors roms del m\u00f3n. Per als aficionats i col\u00b7leccionistes, Worthy Park Single Estate Reserve \u00e9s una aut\u00e8ntica joia, que mostra el cim de l&#8217;experi\u00e8ncia en l&#8217;elaboraci\u00f3 de rom de Jamaica i exemplifica el ric patrimoni de l&#8217;esperit ic\u00f2nic del Carib. <\/p>\n<\/div>\n<\/div>\n<\/div>\n","protected":false},"featured_media":77022,"comment_status":"open","ping_status":"closed","template":"","meta":{"_acf_changed":false},"product_brand":[],"product_cat":[386,370],"product_tag":[],"class_list":{"0":"post-79222","1":"product","2":"type-product","3":"status-publish","4":"has-post-thumbnail","6":"product_cat-jamaica-ca","7":"product_cat-ron-ca","9":"first","10":"instock","11":"taxable","12":"shipping-taxable","13":"purchasable","14":"product-type-simple"},"acf":[],"aioseo_notices":[],"jetpack_sharing_enabled":true,"_links":{"self":[{"href":"https:\/\/whisky.ad\/ca\/wp-json\/wp\/v2\/product\/79222","targetHints":{"allow":["GET"]}}],"collection":[{"href":"https:\/\/whisky.ad\/ca\/wp-json\/wp\/v2\/product"}],"about":[{"href":"https:\/\/whisky.ad\/ca\/wp-json\/wp\/v2\/types\/product"}],"replies":[{"embeddable":true,"href":"https:\/\/whisky.ad\/ca\/wp-json\/wp\/v2\/comments?post=79222"}],"wp:featuredmedia":[{"embeddable":true,"href":"https:\/\/whisky.ad\/ca\/wp-json\/wp\/v2\/media\/77022"}],"wp:attachment":[{"href":"https:\/\/whisky.ad\/ca\/wp-json\/wp\/v2\/media?parent=79222"}],"wp:term":[{"taxonomy":"product_brand","embeddable":true,"href":"https:\/\/whisky.ad\/ca\/wp-json\/wp\/v2\/product_brand?post=79222"},{"taxonomy":"product_cat","embeddable":true,"href":"https:\/\/whisky.ad\/ca\/wp-json\/wp\/v2\/product_cat?post=79222"},{"taxonomy":"product_tag","embeddable":true,"href":"https:\/\/whisky.ad\/ca\/wp-json\/wp\/v2\/product_tag?post=79222"}],"curies":[{"name":"wp","href":"https:\/\/api.w.org\/{rel}","templated":true}]}}