{"id":79216,"date":"2023-08-28T10:21:28","date_gmt":"2023-08-28T09:21:28","guid":{"rendered":"https:\/\/whisky.ad\/product\/worthy-park-select-0-7l-40\/"},"modified":"2023-08-28T10:21:28","modified_gmt":"2023-08-28T09:21:28","slug":"worthy-park-select-0-7l-40","status":"publish","type":"product","link":"https:\/\/whisky.ad\/ca\/producte\/worthy-park-select-0-7l-40\/","title":{"rendered":"Worthy Park Select 0.7l 40%"},"content":{"rendered":"","protected":false},"excerpt":{"rendered":"<div class=\"flex flex-grow flex-col gap-3 max-w-full\">\n<div class=\"min-h-[20px] flex flex-col items-start gap-3 overflow-x-auto whitespace-pre-wrap break-words\">\n<div class=\"markdown prose w-full break-words dark:prose-invert light\">\n<p>Elaborat sota propietat jamaicana i produ\u00eft dins del paisatge jamaic\u00e0, el Worthy Park SELECT Jamaican Rum \u00e9s una representaci\u00f3 aut\u00e8ntica. Aquest rom es destil\u00b7la minuciosament amb alambins de coure 100% i t\u00e9 un per\u00edode d&#8217;envelliment moderat, donant lloc a una fusi\u00f3 harm\u00f2nica de roms envellits entre 4 i 12 anys, que culmina amb una barreja de cos mitj\u00e0. Cadascun dels nostres roms troba la maduraci\u00f3 dins de b\u00f3tes de roure blanc americ\u00e0 ex-Bourbon que abans s&#8217;utilitzaven, tot realitzat a les nostres instal\u00b7lacions de destil\u00b7leria. La fusi\u00f3 de la nostra selecci\u00f3 de roms, envellits dins de l&#8217;espectre de 4 a 12 anys, d\u00f3na un car\u00e0cter distint que ret homenatge al vigor i la determinaci\u00f3 de la nostra comunitat resistent. Worthy Park encapsula i venera la cultura i el carisma incomparables de la poblaci\u00f3 de Jamaica, que genera admiraci\u00f3 a escala mundial. Perfil de tast: L&#8217;aroma \u00e9s vellutat i suau, oferint notes de vainilla acompanyades de subtils rastres de canyella, fruita tropical, pl\u00e0tan i taronja. Al paladar, experimenta la delicada dol\u00e7or de la melassa, acompanyada d&#8217;un delicat toc de pr\u00e9ssec i xocolata. Aix\u00f2 \u00e9s seguit per l&#8217;indulg\u00e8ncia dels sabors cremosos de caramel i toffee, elegantment en capes amb tons de roure.  <\/p>\n<\/div>\n<\/div>\n<\/div>\n","protected":false},"featured_media":77262,"comment_status":"open","ping_status":"closed","template":"","meta":{"_acf_changed":false},"product_brand":[],"product_cat":[386,370],"product_tag":[],"class_list":{"0":"post-79216","1":"product","2":"type-product","3":"status-publish","4":"has-post-thumbnail","6":"product_cat-jamaica-ca","7":"product_cat-ron-ca","9":"first","10":"outofstock","11":"taxable","12":"shipping-taxable","13":"product-type-simple"},"acf":[],"aioseo_notices":[],"jetpack_sharing_enabled":true,"_links":{"self":[{"href":"https:\/\/whisky.ad\/ca\/wp-json\/wp\/v2\/product\/79216","targetHints":{"allow":["GET"]}}],"collection":[{"href":"https:\/\/whisky.ad\/ca\/wp-json\/wp\/v2\/product"}],"about":[{"href":"https:\/\/whisky.ad\/ca\/wp-json\/wp\/v2\/types\/product"}],"replies":[{"embeddable":true,"href":"https:\/\/whisky.ad\/ca\/wp-json\/wp\/v2\/comments?post=79216"}],"wp:featuredmedia":[{"embeddable":true,"href":"https:\/\/whisky.ad\/ca\/wp-json\/wp\/v2\/media\/77262"}],"wp:attachment":[{"href":"https:\/\/whisky.ad\/ca\/wp-json\/wp\/v2\/media?parent=79216"}],"wp:term":[{"taxonomy":"product_brand","embeddable":true,"href":"https:\/\/whisky.ad\/ca\/wp-json\/wp\/v2\/product_brand?post=79216"},{"taxonomy":"product_cat","embeddable":true,"href":"https:\/\/whisky.ad\/ca\/wp-json\/wp\/v2\/product_cat?post=79216"},{"taxonomy":"product_tag","embeddable":true,"href":"https:\/\/whisky.ad\/ca\/wp-json\/wp\/v2\/product_tag?post=79216"}],"curies":[{"name":"wp","href":"https:\/\/api.w.org\/{rel}","templated":true}]}}