{"id":79213,"date":"2023-08-28T10:31:30","date_gmt":"2023-08-28T09:31:30","guid":{"rendered":"https:\/\/whisky.ad\/product\/worthy-park-rum-bar-silver-0-7l-40\/"},"modified":"2023-08-28T10:31:30","modified_gmt":"2023-08-28T09:31:30","slug":"worthy-park-rum-bar-silver-0-7l-40","status":"publish","type":"product","link":"https:\/\/whisky.ad\/ca\/producte\/worthy-park-rum-bar-silver-0-7l-40\/","title":{"rendered":"Worthy Park Rum Bar Silver 0.7l 40%"},"content":{"rendered":"","protected":false},"excerpt":{"rendered":"<p>Procedent de The Worthy Park Single Estate Reserve a Jamaica, aquest rom no envellit emergeix de l&#8217;antic m\u00e8tode jamaic\u00e0 d&#8217;alambics conegut per crear roms robusts i pesats. Elaborat a trav\u00e9s d&#8217;una barreja de tres marques diferents de rom, aquesta oferta mostra opulentes notes de pl\u00e0tan mantegosos, la qual cosa la converteix en una excel\u00b7lent opci\u00f3 per elaborar c\u00f2ctels i begudes mixtes. <\/p>\n","protected":false},"featured_media":77271,"comment_status":"open","ping_status":"closed","template":"","meta":{"_acf_changed":false},"product_brand":[],"product_cat":[386,370],"product_tag":[],"class_list":{"0":"post-79213","1":"product","2":"type-product","3":"status-publish","4":"has-post-thumbnail","6":"product_cat-jamaica-ca","7":"product_cat-ron-ca","9":"first","10":"instock","11":"taxable","12":"shipping-taxable","13":"purchasable","14":"product-type-simple"},"acf":[],"aioseo_notices":[],"jetpack_sharing_enabled":true,"_links":{"self":[{"href":"https:\/\/whisky.ad\/ca\/wp-json\/wp\/v2\/product\/79213","targetHints":{"allow":["GET"]}}],"collection":[{"href":"https:\/\/whisky.ad\/ca\/wp-json\/wp\/v2\/product"}],"about":[{"href":"https:\/\/whisky.ad\/ca\/wp-json\/wp\/v2\/types\/product"}],"replies":[{"embeddable":true,"href":"https:\/\/whisky.ad\/ca\/wp-json\/wp\/v2\/comments?post=79213"}],"wp:featuredmedia":[{"embeddable":true,"href":"https:\/\/whisky.ad\/ca\/wp-json\/wp\/v2\/media\/77271"}],"wp:attachment":[{"href":"https:\/\/whisky.ad\/ca\/wp-json\/wp\/v2\/media?parent=79213"}],"wp:term":[{"taxonomy":"product_brand","embeddable":true,"href":"https:\/\/whisky.ad\/ca\/wp-json\/wp\/v2\/product_brand?post=79213"},{"taxonomy":"product_cat","embeddable":true,"href":"https:\/\/whisky.ad\/ca\/wp-json\/wp\/v2\/product_cat?post=79213"},{"taxonomy":"product_tag","embeddable":true,"href":"https:\/\/whisky.ad\/ca\/wp-json\/wp\/v2\/product_tag?post=79213"}],"curies":[{"name":"wp","href":"https:\/\/api.w.org\/{rel}","templated":true}]}}