{"id":79210,"date":"2023-08-28T10:27:07","date_gmt":"2023-08-28T09:27:07","guid":{"rendered":"https:\/\/whisky.ad\/product\/worthy-park-rum-bar-overproof-0-7l-63\/"},"modified":"2023-08-28T10:27:07","modified_gmt":"2023-08-28T09:27:07","slug":"worthy-park-rum-bar-overproof-0-7l-63","status":"publish","type":"product","link":"https:\/\/whisky.ad\/ca\/producte\/worthy-park-rum-bar-overproof-0-7l-63\/","title":{"rendered":"Worthy Park Rum Bar Overproof 0.7l 63%"},"content":{"rendered":"","protected":false},"excerpt":{"rendered":"<p>El Rom-Bar Premium White Overproof Rum: un cim de l&#8217;artesania del White Overproof Rum de Jamaica. Elaborat a la destil\u00b7leria Worthy Park Estate, aquest rom excepcional mostra el cim de la destil\u00b7laci\u00f3 jamaicana. La tradici\u00f3 sost\u00e9 que una barreja de tres roms sense criar, cadascun destil\u00b7lat meticulosament a la perfecci\u00f3 amb alambins de coure, forma el cor d&#8217;aquest notable esperit. Perfil de tast: Aspecte: Transparent. Aroma: Despr\u00e8n un encant afruitat, destacat per notes de pl\u00e0tan i fruita tropical. Boca: s&#8217;embarca en un viatge d&#8217;indulg\u00e8ncia a la fruita, teixint l&#8217;ess\u00e8ncia de l&#8217;exotisme i la vitalitat de la canya de sucre fresca, tot completat amb la pres\u00e8ncia acollidora dels pl\u00e0tans. Acabat: deixa una impressi\u00f3 duradora i satisfact\u00f2ria.  <\/p>\n","protected":false},"featured_media":77265,"comment_status":"open","ping_status":"closed","template":"","meta":{"_acf_changed":false},"product_brand":[],"product_cat":[386,370],"product_tag":[],"class_list":{"0":"post-79210","1":"product","2":"type-product","3":"status-publish","4":"has-post-thumbnail","6":"product_cat-jamaica-ca","7":"product_cat-ron-ca","9":"first","10":"outofstock","11":"taxable","12":"shipping-taxable","13":"product-type-simple"},"acf":[],"aioseo_notices":[],"jetpack_sharing_enabled":true,"_links":{"self":[{"href":"https:\/\/whisky.ad\/ca\/wp-json\/wp\/v2\/product\/79210","targetHints":{"allow":["GET"]}}],"collection":[{"href":"https:\/\/whisky.ad\/ca\/wp-json\/wp\/v2\/product"}],"about":[{"href":"https:\/\/whisky.ad\/ca\/wp-json\/wp\/v2\/types\/product"}],"replies":[{"embeddable":true,"href":"https:\/\/whisky.ad\/ca\/wp-json\/wp\/v2\/comments?post=79210"}],"wp:featuredmedia":[{"embeddable":true,"href":"https:\/\/whisky.ad\/ca\/wp-json\/wp\/v2\/media\/77265"}],"wp:attachment":[{"href":"https:\/\/whisky.ad\/ca\/wp-json\/wp\/v2\/media?parent=79210"}],"wp:term":[{"taxonomy":"product_brand","embeddable":true,"href":"https:\/\/whisky.ad\/ca\/wp-json\/wp\/v2\/product_brand?post=79210"},{"taxonomy":"product_cat","embeddable":true,"href":"https:\/\/whisky.ad\/ca\/wp-json\/wp\/v2\/product_cat?post=79210"},{"taxonomy":"product_tag","embeddable":true,"href":"https:\/\/whisky.ad\/ca\/wp-json\/wp\/v2\/product_tag?post=79210"}],"curies":[{"name":"wp","href":"https:\/\/api.w.org\/{rel}","templated":true}]}}