{"id":79207,"date":"2023-08-28T10:37:51","date_gmt":"2023-08-28T09:37:51","guid":{"rendered":"https:\/\/whisky.ad\/product\/worthy-park-rum-bar-gold-0-7l-40\/"},"modified":"2023-08-28T10:37:51","modified_gmt":"2023-08-28T09:37:51","slug":"worthy-park-rum-bar-gold-0-7l-40","status":"publish","type":"product","link":"https:\/\/whisky.ad\/ca\/producte\/worthy-park-rum-bar-gold-0-7l-40\/","title":{"rendered":"Worthy Park Rum Bar Gold 0.7l 40%"},"content":{"rendered":"","protected":false},"excerpt":{"rendered":"<p>Aquest rom de 4 anys, una opci\u00f3 excepcional amb una relaci\u00f3 qualitat-preu, prov\u00e9 de l&#8217;estimada Worthy Park Estate de Jamaica. Ideal per assaborir sobre gel, infusiona perfectament c\u00f2ctels amb un car\u00e0cter abundant. Perfil de tast: Anticipeu l&#8217;atractiu del pl\u00e0tan recobert de mel, un delicat toc de pebre rosat i un subtil corrent subtil de sequedat de t\u00f2fona de xocolata. <\/p>\n","protected":false},"featured_media":77274,"comment_status":"open","ping_status":"closed","template":"","meta":{"_acf_changed":false},"product_brand":[],"product_cat":[386,370],"product_tag":[],"class_list":{"0":"post-79207","1":"product","2":"type-product","3":"status-publish","4":"has-post-thumbnail","6":"product_cat-jamaica-ca","7":"product_cat-ron-ca","9":"first","10":"outofstock","11":"taxable","12":"shipping-taxable","13":"product-type-simple"},"acf":[],"aioseo_notices":[],"jetpack_sharing_enabled":true,"_links":{"self":[{"href":"https:\/\/whisky.ad\/ca\/wp-json\/wp\/v2\/product\/79207","targetHints":{"allow":["GET"]}}],"collection":[{"href":"https:\/\/whisky.ad\/ca\/wp-json\/wp\/v2\/product"}],"about":[{"href":"https:\/\/whisky.ad\/ca\/wp-json\/wp\/v2\/types\/product"}],"replies":[{"embeddable":true,"href":"https:\/\/whisky.ad\/ca\/wp-json\/wp\/v2\/comments?post=79207"}],"wp:featuredmedia":[{"embeddable":true,"href":"https:\/\/whisky.ad\/ca\/wp-json\/wp\/v2\/media\/77274"}],"wp:attachment":[{"href":"https:\/\/whisky.ad\/ca\/wp-json\/wp\/v2\/media?parent=79207"}],"wp:term":[{"taxonomy":"product_brand","embeddable":true,"href":"https:\/\/whisky.ad\/ca\/wp-json\/wp\/v2\/product_brand?post=79207"},{"taxonomy":"product_cat","embeddable":true,"href":"https:\/\/whisky.ad\/ca\/wp-json\/wp\/v2\/product_cat?post=79207"},{"taxonomy":"product_tag","embeddable":true,"href":"https:\/\/whisky.ad\/ca\/wp-json\/wp\/v2\/product_tag?post=79207"}],"curies":[{"name":"wp","href":"https:\/\/api.w.org\/{rel}","templated":true}]}}