{"id":79204,"date":"2023-08-28T09:59:08","date_gmt":"2023-08-28T08:59:08","guid":{"rendered":"https:\/\/whisky.ad\/product\/worthy-park-10yo-port-0-7l-45\/"},"modified":"2023-08-28T09:59:08","modified_gmt":"2023-08-28T08:59:08","slug":"worthy-park-10yo-port-0-7l-45","status":"publish","type":"product","link":"https:\/\/whisky.ad\/ca\/producte\/worthy-park-10yo-port-0-7l-45\/","title":{"rendered":"Worthy Park 10YO Port 0.7l 45%"},"content":{"rendered":"","protected":false},"excerpt":{"rendered":"<p>Elaborat a la destil\u00b7leria Worthy Park ubicada a Jamaica, aquest whisky sorgeix d&#8217;un entorn envoltat de serralades, enmig de paisatges exuberants i f\u00e8rtils, a una dist\u00e0ncia considerable de la costa. La fam\u00edlia Clarke, custodia de la destil\u00b7leria, mant\u00e9 els valors d&#8217;excel\u00b7l\u00e8ncia, efici\u00e8ncia i patrimoni. Per tant, el rom es destil\u00b7la amb dilig\u00e8ncia utilitzant el m\u00e8tode d&#8217;alambins tradicional. Despr\u00e9s d&#8217;un per\u00edode de maduraci\u00f3 de vuit anys en b\u00f3tes antigues de bourbon, el Worthy Park Port 2010 passa per una fase de crian\u00e7a addicional de dos anys en b\u00f3tes antigues de port. Destil\u00b7lat: 2010 Embotellat: 2020 Perfil de tast: Aspecte: Exhibeix un acollidor to ambre. Aroma: El bouquet \u00e9s ricament intens, despr\u00e8n notes afruitats de poma, pl\u00e0tan i pruna, entrella\u00e7ades amb impressions de roure i vainilla. Boca: un car\u00e0cter d&#8217;esp\u00e8cies agradable i delicat agraeix el paladar, acompanyat d&#8217;una barreja afruitada de pl\u00e0tans i caramel, tot complementat amb la pres\u00e8ncia de roure. Final: El final perdura \u00e0mpliament, amb elements afruitats perdurables que es fusionen perfectament amb matisos de roure.   <\/p>\n","protected":false},"featured_media":77235,"comment_status":"open","ping_status":"closed","template":"","meta":{"_acf_changed":false},"product_brand":[],"product_cat":[386,370],"product_tag":[],"class_list":{"0":"post-79204","1":"product","2":"type-product","3":"status-publish","4":"has-post-thumbnail","6":"product_cat-jamaica-ca","7":"product_cat-ron-ca","9":"first","10":"outofstock","11":"taxable","12":"shipping-taxable","13":"product-type-simple"},"acf":[],"aioseo_notices":[],"jetpack_sharing_enabled":true,"_links":{"self":[{"href":"https:\/\/whisky.ad\/ca\/wp-json\/wp\/v2\/product\/79204","targetHints":{"allow":["GET"]}}],"collection":[{"href":"https:\/\/whisky.ad\/ca\/wp-json\/wp\/v2\/product"}],"about":[{"href":"https:\/\/whisky.ad\/ca\/wp-json\/wp\/v2\/types\/product"}],"replies":[{"embeddable":true,"href":"https:\/\/whisky.ad\/ca\/wp-json\/wp\/v2\/comments?post=79204"}],"wp:featuredmedia":[{"embeddable":true,"href":"https:\/\/whisky.ad\/ca\/wp-json\/wp\/v2\/media\/77235"}],"wp:attachment":[{"href":"https:\/\/whisky.ad\/ca\/wp-json\/wp\/v2\/media?parent=79204"}],"wp:term":[{"taxonomy":"product_brand","embeddable":true,"href":"https:\/\/whisky.ad\/ca\/wp-json\/wp\/v2\/product_brand?post=79204"},{"taxonomy":"product_cat","embeddable":true,"href":"https:\/\/whisky.ad\/ca\/wp-json\/wp\/v2\/product_cat?post=79204"},{"taxonomy":"product_tag","embeddable":true,"href":"https:\/\/whisky.ad\/ca\/wp-json\/wp\/v2\/product_tag?post=79204"}],"curies":[{"name":"wp","href":"https:\/\/api.w.org\/{rel}","templated":true}]}}