{"id":79201,"date":"2023-08-28T10:16:46","date_gmt":"2023-08-28T09:16:46","guid":{"rendered":"https:\/\/whisky.ad\/product\/worthy-park-10yo-madeira-0-7l-45\/"},"modified":"2023-08-28T10:16:46","modified_gmt":"2023-08-28T09:16:46","slug":"worthy-park-10yo-madeira-0-7l-45","status":"publish","type":"product","link":"https:\/\/whisky.ad\/ca\/producte\/worthy-park-10yo-madeira-0-7l-45\/","title":{"rendered":"Worthy Park 10YO Madeira 0.7l 45%"},"content":{"rendered":"","protected":false},"excerpt":{"rendered":"<p>Originari de la distingida destil\u00b7leria Worthy Park ubicada a Jamaica, aquest whisky sorgeix en un tel\u00f3 de fons esc\u00e8nic de serralades muntanyoses i paisatges f\u00e8rtils, allunyats de l&#8217;encant de la vora del mar. Sota la direcci\u00f3 de la fam\u00edlia Clarke, la destil\u00b7leria es dirigeix amb una dedicaci\u00f3 inquebrantable a l&#8217;excel\u00b7l\u00e8ncia, l&#8217;efici\u00e8ncia i les venerables tradicions. Per tant, el rom es destil\u00b7la minuciosament utilitzant \u00fanicament la t\u00e8cnica d&#8217;alambins consagrat. El Worthy Park Madeira 2010 empr\u00e8n un viatge de maduraci\u00f3 de vuit anys en antigues b\u00f3tes de bourbon, seguit d&#8217;una estada addicional de dos anys a les antigues b\u00f3tes de vi de Madeira. Destil\u00b7lat: 2010 Embotellat: 2020 Perfil de tast: Aspecte: Presenta una tonalitat ambre captivadora. Aroma: El bouquet es desplega amb una complexitat captivadora, oferint notes de fruita seca, pl\u00e0tans madurs, un subtil toc de pebre i una abra\u00e7ada harm\u00f2nica de roure. Boca: un picant delici\u00f3s adorna el paladar, acompanyat d&#8217;una pres\u00e8ncia suau de roure, arrodonida per la dol\u00e7or persistent de les baies vermelles posteriors. Acabat: l&#8217;acabat s&#8217;est\u00e9n amb gr\u00e0cia, deixant una impressi\u00f3 duradora.   <\/p>\n","protected":false},"featured_media":77241,"comment_status":"open","ping_status":"closed","template":"","meta":{"_acf_changed":false},"product_brand":[],"product_cat":[386,370],"product_tag":[],"class_list":{"0":"post-79201","1":"product","2":"type-product","3":"status-publish","4":"has-post-thumbnail","6":"product_cat-jamaica-ca","7":"product_cat-ron-ca","9":"first","10":"outofstock","11":"taxable","12":"shipping-taxable","13":"product-type-simple"},"acf":[],"aioseo_notices":[],"jetpack_sharing_enabled":true,"_links":{"self":[{"href":"https:\/\/whisky.ad\/ca\/wp-json\/wp\/v2\/product\/79201","targetHints":{"allow":["GET"]}}],"collection":[{"href":"https:\/\/whisky.ad\/ca\/wp-json\/wp\/v2\/product"}],"about":[{"href":"https:\/\/whisky.ad\/ca\/wp-json\/wp\/v2\/types\/product"}],"replies":[{"embeddable":true,"href":"https:\/\/whisky.ad\/ca\/wp-json\/wp\/v2\/comments?post=79201"}],"wp:featuredmedia":[{"embeddable":true,"href":"https:\/\/whisky.ad\/ca\/wp-json\/wp\/v2\/media\/77241"}],"wp:attachment":[{"href":"https:\/\/whisky.ad\/ca\/wp-json\/wp\/v2\/media?parent=79201"}],"wp:term":[{"taxonomy":"product_brand","embeddable":true,"href":"https:\/\/whisky.ad\/ca\/wp-json\/wp\/v2\/product_brand?post=79201"},{"taxonomy":"product_cat","embeddable":true,"href":"https:\/\/whisky.ad\/ca\/wp-json\/wp\/v2\/product_cat?post=79201"},{"taxonomy":"product_tag","embeddable":true,"href":"https:\/\/whisky.ad\/ca\/wp-json\/wp\/v2\/product_tag?post=79201"}],"curies":[{"name":"wp","href":"https:\/\/api.w.org\/{rel}","templated":true}]}}