{"id":79198,"date":"2023-08-05T11:12:31","date_gmt":"2023-08-05T10:12:31","guid":{"rendered":"https:\/\/whisky.ad\/product\/worthy-park-109-1l-54-5\/"},"modified":"2023-08-05T11:12:31","modified_gmt":"2023-08-05T10:12:31","slug":"worthy-park-109-1l-54-5","status":"publish","type":"product","link":"https:\/\/whisky.ad\/ca\/producte\/worthy-park-109-1l-54-5\/","title":{"rendered":"Worthy Park 109 1l 54.5%"},"content":{"rendered":"","protected":false},"excerpt":{"rendered":"<div class=\"text-xs flex items-center justify-center gap-1 invisible absolute left-0 top-2 -ml-4 -translate-x-full group-hover:visible !invisible\"><\/div>\n<div class=\"flex flex-grow flex-col gap-3\">\n<div class=\"min-h-[20px] flex flex-col items-start gap-3 overflow-x-auto whitespace-pre-wrap break-words\">\n<div class=\"markdown prose w-full break-words dark:prose-invert light\">\n<p>Worthy Park 109 \u00e9s un rom jamaic\u00e0 molt aclamat que prov\u00e9 de la reconeguda Worthy Park Estate, que t\u00e9 una rica hist\u00f2ria que es remunta al segle XVII. Aquest rom s&#8217;anomena &#8220;109&#8221; en refer\u00e8ncia a la prova espec\u00edfica d&#8217;alcohol en qu\u00e8 s&#8217;embotella. Worthy Park 109 \u00e9s un rom a base de melassa que es destil\u00b7la amb alambins d&#8217;olla tradicionals, un m\u00e8tode que s&#8217;ha perfeccionat durant generacions a la finca. Aquest enfocament artesanal de la destil\u00b7laci\u00f3 contribueix al perfil de sabor caracter\u00edstic i robust del rom. En abocar-lo, el l\u00edquid ambre us rep amb una aroma captivadora de fruites tropicals, pl\u00e0tans madurs i un toc de roure. El glop inicial revela una textura suau i vellutata que cobreix el paladar, amb una explosi\u00f3 de sabors rics i complexos. Espereu una barreja de pl\u00e0tans madurs, pinyes sucoses i tocs d&#8217;esp\u00e8cies tropicals que ballen harmoniosament al vostre paladar. La intensitat dels sabors del rom est\u00e0 equilibrada per una dol\u00e7or agradable, que recorda el sucre moreno i el caramel. A mesura que es desenvolupen els sabors, l&#8217;aut\u00e8ntic personatge jamaic\u00e0 brilla amb un subtil funky, conegut com &#8220;hogo&#8221;, que afegeix profunditat i complexitat a l&#8217;esperit. Worthy Park 109 \u00e9s un rom atrevit i amb cos que es mant\u00e9 per si sol, perfecte per prendre un glop net o sobre les roques. La seva versatilitat tamb\u00e9 el converteix en una base fant\u00e0stica per a c\u00f2ctels cl\u00e0ssics i inventius. Tant els entusiastes com els coneixedors del rom aprecien el Worthy Park 109 per la seva autenticitat sense disculpes, que ret homenatge al ric patrimoni rom de Jamaica. Representa una expressi\u00f3 notable de la dedicaci\u00f3 de Worthy Park Estate a la qualitat, l&#8217;artesania i l&#8217;art tradicional de l&#8217;elaboraci\u00f3 del rom. <\/p>\n<\/div>\n<\/div>\n<\/div>\n","protected":false},"featured_media":77025,"comment_status":"open","ping_status":"closed","template":"","meta":{"_acf_changed":false},"product_brand":[],"product_cat":[386,370],"product_tag":[],"class_list":{"0":"post-79198","1":"product","2":"type-product","3":"status-publish","4":"has-post-thumbnail","6":"product_cat-jamaica-ca","7":"product_cat-ron-ca","9":"first","10":"instock","11":"taxable","12":"shipping-taxable","13":"purchasable","14":"product-type-simple"},"acf":[],"aioseo_notices":[],"jetpack_sharing_enabled":true,"_links":{"self":[{"href":"https:\/\/whisky.ad\/ca\/wp-json\/wp\/v2\/product\/79198","targetHints":{"allow":["GET"]}}],"collection":[{"href":"https:\/\/whisky.ad\/ca\/wp-json\/wp\/v2\/product"}],"about":[{"href":"https:\/\/whisky.ad\/ca\/wp-json\/wp\/v2\/types\/product"}],"replies":[{"embeddable":true,"href":"https:\/\/whisky.ad\/ca\/wp-json\/wp\/v2\/comments?post=79198"}],"wp:featuredmedia":[{"embeddable":true,"href":"https:\/\/whisky.ad\/ca\/wp-json\/wp\/v2\/media\/77025"}],"wp:attachment":[{"href":"https:\/\/whisky.ad\/ca\/wp-json\/wp\/v2\/media?parent=79198"}],"wp:term":[{"taxonomy":"product_brand","embeddable":true,"href":"https:\/\/whisky.ad\/ca\/wp-json\/wp\/v2\/product_brand?post=79198"},{"taxonomy":"product_cat","embeddable":true,"href":"https:\/\/whisky.ad\/ca\/wp-json\/wp\/v2\/product_cat?post=79198"},{"taxonomy":"product_tag","embeddable":true,"href":"https:\/\/whisky.ad\/ca\/wp-json\/wp\/v2\/product_tag?post=79198"}],"curies":[{"name":"wp","href":"https:\/\/api.w.org\/{rel}","templated":true}]}}