{"id":79195,"date":"2018-11-13T17:50:56","date_gmt":"2018-11-13T16:50:56","guid":{"rendered":"https:\/\/whisky.ad\/product\/viru-valge-nordic-pure-grain-vodka-1l-40\/"},"modified":"2018-11-13T17:50:56","modified_gmt":"2018-11-13T16:50:56","slug":"viru-valge-nordic-pure-grain-vodka-1l-40","status":"publish","type":"product","link":"https:\/\/whisky.ad\/ca\/producte\/viru-valge-nordic-pure-grain-vodka-1l-40\/","title":{"rendered":"Viru Valge Nordic Pure Grain Vodka 1L. 40%"},"content":{"rendered":"<p><img decoding=\"async\" src=\"https:\/\/liviko.ee\/static\/Collins-1-181x380.jpg\" alt=\"Viru Valge Collins\" data-index=\"0\" data-href=\"https:\/\/liviko.ee\/static\/Collins-1-286x600.jpg\" data-width=\"286\" data-height=\"600\"><\/p>\n","protected":false},"excerpt":{"rendered":"<p>Viru Valge \u00e9s el vodka d&#8217;alta qualitat m\u00e9s popular i de confian\u00e7a d&#8217;Est\u00f2nia amb les seves pr\u00f2pies tradicions, d\u00e8cades d&#8217;experi\u00e8ncia i una llarga hist\u00f2ria. El vodka genu\u00efnament n\u00f2rdic \u00e9s la marca de begudes alcoh\u00f2liques m\u00e9s antiga d&#8217;Est\u00f2nia. Malgrat les profundes arrels i les fortes tradicions de Viru Valge, avui en dia, per a la seva producci\u00f3, Liviko utilitza les solucions m\u00e9s actualitzades i modernes. Viru Valge ve del m\u00e9s blanc dels pa\u00efsos. A les nits d&#8217;estiu, el sol nom\u00e9s es pon un breu moment, i a l&#8217;hivern, el s\u00f2l descansa sota una catifa blanca de neu amb les primeres gelades que velen els clars aiguamolls d&#8217;un blanc enlluernador. No hi ha grans f\u00e0briques ni ciutats a la terra natal de Viru Valge, la poblaci\u00f3 local es troba dispersa a quil\u00f2metres de dist\u00e0ncia l&#8217;una de l&#8217;altra i, com confirmen les investigacions, l&#8217;aire que respiren \u00e9s el m\u00e9s net del m\u00f3n. L&#8217;aigua de les aig\u00fces cristal\u00b7lines del llac i la collita dels camps n\u00f2rdics rocosos tamb\u00e9 produeixen el veritable vodka n\u00f2rdic Viru Valge. <\/p>\n","protected":false},"featured_media":75750,"comment_status":"open","ping_status":"closed","template":"","meta":{"_acf_changed":false},"product_brand":[],"product_cat":[417,349],"product_tag":[494],"class_list":{"0":"post-79195","1":"product","2":"type-product","3":"status-publish","4":"has-post-thumbnail","6":"product_cat-vodka-ca","7":"product_cat-begudes-alcoholiques-ca","8":"product_tag-estonia-ca","10":"first","11":"instock","12":"taxable","13":"shipping-taxable","14":"purchasable","15":"product-type-simple"},"acf":[],"aioseo_notices":[],"jetpack_sharing_enabled":true,"_links":{"self":[{"href":"https:\/\/whisky.ad\/ca\/wp-json\/wp\/v2\/product\/79195","targetHints":{"allow":["GET"]}}],"collection":[{"href":"https:\/\/whisky.ad\/ca\/wp-json\/wp\/v2\/product"}],"about":[{"href":"https:\/\/whisky.ad\/ca\/wp-json\/wp\/v2\/types\/product"}],"replies":[{"embeddable":true,"href":"https:\/\/whisky.ad\/ca\/wp-json\/wp\/v2\/comments?post=79195"}],"wp:featuredmedia":[{"embeddable":true,"href":"https:\/\/whisky.ad\/ca\/wp-json\/wp\/v2\/media\/75750"}],"wp:attachment":[{"href":"https:\/\/whisky.ad\/ca\/wp-json\/wp\/v2\/media?parent=79195"}],"wp:term":[{"taxonomy":"product_brand","embeddable":true,"href":"https:\/\/whisky.ad\/ca\/wp-json\/wp\/v2\/product_brand?post=79195"},{"taxonomy":"product_cat","embeddable":true,"href":"https:\/\/whisky.ad\/ca\/wp-json\/wp\/v2\/product_cat?post=79195"},{"taxonomy":"product_tag","embeddable":true,"href":"https:\/\/whisky.ad\/ca\/wp-json\/wp\/v2\/product_tag?post=79195"}],"curies":[{"name":"wp","href":"https:\/\/api.w.org\/{rel}","templated":true}]}}