{"id":79191,"date":"2018-11-13T17:44:21","date_gmt":"2018-11-13T16:44:21","guid":{"rendered":"https:\/\/whisky.ad\/product\/viru-valge-nordic-naturally-flavoured-vodka-500ml-37-5-vol\/"},"modified":"2018-11-13T17:44:21","modified_gmt":"2018-11-13T16:44:21","slug":"viru-valge-nordic-naturally-flavoured-vodka-500ml-37-5-vol","status":"publish","type":"product","link":"https:\/\/whisky.ad\/ca\/producte\/viru-valge-nordic-naturally-flavoured-vodka-500ml-37-5-vol\/","title":{"rendered":"Viru Valge Nordic Naturally Flavoured Vodka (500ml 37.5% vol.)"},"content":{"rendered":"<p><img decoding=\"async\" class=\"image cocktail__image\" src=\"https:\/\/viruvalge.ee\/wp-content\/uploads\/2018\/10\/uhhuu1.jpg\" alt=\"\"><\/p>\n","protected":false},"excerpt":{"rendered":"<p>El vodka de qualitat m\u00e9s fam\u00f3s i fiable d&#8217;Est\u00f2nia t\u00e9 un sabor i aroma suaus i neutres gr\u00e0cies a la moderna i innovadora filtraci\u00f3 de carboni. Viru Valge est\u00e0 fet d&#8217;alcohol elaborat amb gra d&#8217;Est\u00f2nia i aigua especialment processada. La gamma tamb\u00e9 inclou vodkes amb sabor a Viru Valge, components ideals per a c\u00f2ctels: \u2013 Nabiu \u2013 Cirera \u2013 Mango \u2013 Poma verde \u2013 Magrana \u2013 S\u00edndria <\/p>\n","protected":false},"featured_media":75120,"comment_status":"open","ping_status":"closed","template":"","meta":{"_acf_changed":false},"product_brand":[],"product_cat":[417,349],"product_tag":[],"class_list":{"0":"post-79191","1":"product","2":"type-product","3":"status-publish","4":"has-post-thumbnail","6":"product_cat-vodka-ca","7":"product_cat-begudes-alcoholiques-ca","9":"first","10":"instock","11":"taxable","12":"shipping-taxable","13":"purchasable","14":"product-type-simple"},"acf":[],"aioseo_notices":[],"jetpack_sharing_enabled":true,"_links":{"self":[{"href":"https:\/\/whisky.ad\/ca\/wp-json\/wp\/v2\/product\/79191","targetHints":{"allow":["GET"]}}],"collection":[{"href":"https:\/\/whisky.ad\/ca\/wp-json\/wp\/v2\/product"}],"about":[{"href":"https:\/\/whisky.ad\/ca\/wp-json\/wp\/v2\/types\/product"}],"replies":[{"embeddable":true,"href":"https:\/\/whisky.ad\/ca\/wp-json\/wp\/v2\/comments?post=79191"}],"wp:featuredmedia":[{"embeddable":true,"href":"https:\/\/whisky.ad\/ca\/wp-json\/wp\/v2\/media\/75120"}],"wp:attachment":[{"href":"https:\/\/whisky.ad\/ca\/wp-json\/wp\/v2\/media?parent=79191"}],"wp:term":[{"taxonomy":"product_brand","embeddable":true,"href":"https:\/\/whisky.ad\/ca\/wp-json\/wp\/v2\/product_brand?post=79191"},{"taxonomy":"product_cat","embeddable":true,"href":"https:\/\/whisky.ad\/ca\/wp-json\/wp\/v2\/product_cat?post=79191"},{"taxonomy":"product_tag","embeddable":true,"href":"https:\/\/whisky.ad\/ca\/wp-json\/wp\/v2\/product_tag?post=79191"}],"curies":[{"name":"wp","href":"https:\/\/api.w.org\/{rel}","templated":true}]}}