{"id":79147,"date":"2023-08-05T11:07:32","date_gmt":"2023-08-05T10:07:32","guid":{"rendered":"https:\/\/whisky.ad\/product\/vana-tallinn-wild-spices-rum-0-5l-35\/"},"modified":"2023-08-05T11:07:32","modified_gmt":"2023-08-05T10:07:32","slug":"vana-tallinn-wild-spices-rum-0-5l-35","status":"publish","type":"product","link":"https:\/\/whisky.ad\/ca\/producte\/vana-tallinn-wild-spices-rum-0-5l-35\/","title":{"rendered":"Vana Tallinn Wild Spices Rum 0.5l 35%"},"content":{"rendered":"","protected":false},"excerpt":{"rendered":"<p>Vana Tallinn Wild Spices Rum \u00e9s una fusi\u00f3 captivadora del rom del Carib i les esp\u00e8cies ex\u00f2tiques que es troben en el licor original Vana Tallinn, conegut pel seu sabor excepcional i la seva rica hist\u00f2ria. El rom est\u00e0 elaborat amb cura per equilibrar la dol\u00e7or de les esp\u00e8cies amb el car\u00e0cter atrevit del rom, creant una barreja captivadora i harmoniosa. Al nas, podeu esperar una aroma seductora d&#8217;esp\u00e8cies c\u00e0lides, com ara canyella, nou moscada i clau, acompanyades de tocs de vainilla i caramel. La frag\u00e0ncia seductora prepara l&#8217;escenari per a una emocionant experi\u00e8ncia de degustaci\u00f3. Al primer glop, la textura suau i vellutada del rom acaricia el paladar, oferint una combinaci\u00f3 ben equilibrada de dol\u00e7or i esp\u00e8cies. Els sabors del rom del Carib s&#8217;entrellacen amb les esp\u00e8cies ex\u00f2tiques, creant una simfonia de gust que \u00e9s alhora captivadora i memorable. Mentre assaboreixes el rom, la deliciosa calor de les esp\u00e8cies cobra vida, deixant un regust agradable i satisfactori. El final \u00e9s llarg i suau, amb les esp\u00e8cies persistents al paladar, convidant a prendre un altre glop i assaborir l&#8217;experi\u00e8ncia. El rom Vana Tallinn Wild Spices \u00e9s un esperit notable i intrigant que ret homenatge a l&#8217;her\u00e8ncia de la marca alhora que ofereix una versi\u00f3 fresca i emocionant del rom especiat. Tant si es gaudeix net, sobre gel o en c\u00f2ctels creatius, aquest rom segur que captivar\u00e0 els sentits i deixar\u00e0 una impressi\u00f3 duradora de l&#8217;artesania est\u00f2nia i l&#8217;atractiu ex\u00f2tic. <\/p>\n","protected":false},"featured_media":77031,"comment_status":"open","ping_status":"closed","template":"","meta":{"_acf_changed":false},"product_brand":[],"product_cat":[371,370],"product_tag":[],"class_list":{"0":"post-79147","1":"product","2":"type-product","3":"status-publish","4":"has-post-thumbnail","6":"product_cat-especiat-ca","7":"product_cat-ron-ca","9":"first","10":"instock","11":"taxable","12":"shipping-taxable","13":"purchasable","14":"product-type-simple"},"acf":[],"aioseo_notices":[],"jetpack_sharing_enabled":true,"_links":{"self":[{"href":"https:\/\/whisky.ad\/ca\/wp-json\/wp\/v2\/product\/79147","targetHints":{"allow":["GET"]}}],"collection":[{"href":"https:\/\/whisky.ad\/ca\/wp-json\/wp\/v2\/product"}],"about":[{"href":"https:\/\/whisky.ad\/ca\/wp-json\/wp\/v2\/types\/product"}],"replies":[{"embeddable":true,"href":"https:\/\/whisky.ad\/ca\/wp-json\/wp\/v2\/comments?post=79147"}],"wp:featuredmedia":[{"embeddable":true,"href":"https:\/\/whisky.ad\/ca\/wp-json\/wp\/v2\/media\/77031"}],"wp:attachment":[{"href":"https:\/\/whisky.ad\/ca\/wp-json\/wp\/v2\/media?parent=79147"}],"wp:term":[{"taxonomy":"product_brand","embeddable":true,"href":"https:\/\/whisky.ad\/ca\/wp-json\/wp\/v2\/product_brand?post=79147"},{"taxonomy":"product_cat","embeddable":true,"href":"https:\/\/whisky.ad\/ca\/wp-json\/wp\/v2\/product_cat?post=79147"},{"taxonomy":"product_tag","embeddable":true,"href":"https:\/\/whisky.ad\/ca\/wp-json\/wp\/v2\/product_tag?post=79147"}],"curies":[{"name":"wp","href":"https:\/\/api.w.org\/{rel}","templated":true}]}}