{"id":79136,"date":"2023-08-05T11:10:06","date_gmt":"2023-08-05T10:10:06","guid":{"rendered":"https:\/\/whisky.ad\/product\/vana-tallinn-spiced-rum-1l-40\/"},"modified":"2023-08-05T11:10:06","modified_gmt":"2023-08-05T10:10:06","slug":"vana-tallinn-spiced-rum-1l-40","status":"publish","type":"product","link":"https:\/\/whisky.ad\/ca\/producte\/vana-tallinn-spiced-rum-1l-40\/","title":{"rendered":"Vana Tallinn Spiced Rum 1l 40%"},"content":{"rendered":"","protected":false},"excerpt":{"rendered":"<div class=\"flex flex-grow flex-col gap-3\">\n<div class=\"min-h-[20px] flex flex-col items-start gap-3 overflow-x-auto whitespace-pre-wrap break-words\">\n<div class=\"markdown prose w-full break-words dark:prose-invert light\">\n<p>Vana Tallinn \u00e9s un estimat i ic\u00f2nic licor a base de rom estoni\u00e0 que ocupa un lloc especial en el cor de molts entusiastes d&#8217;arreu del m\u00f3n. \u00c9s un producte de la reconeguda empresa est\u00f2nia Liviko, que elabora el licor des de 1960. Vana Tallinn est\u00e0 profundament arrelada a la cultura i la hist\u00f2ria d&#8217;Est\u00f2nia, la qual cosa la converteix en un s\u00edmbol de l&#8217;orgull nacional. Aquest distintiu licor \u00e9s una fusi\u00f3 de rom del Carib i una barreja curosament elaborada d&#8217;esp\u00e8cies i sabors naturals. La combinaci\u00f3 de rom envellit amb notes de vainilla, c\u00edtrics, canyella i altres ingredients secrets crea un perfil de gust complex i harmoni\u00f3s que \u00e9s realment \u00fanic. En obrir l&#8217;ampolla per primera vegada, l&#8217;aroma delici\u00f3s d&#8217;esp\u00e8cies dolces i vainilla c\u00e0lida omple l&#8217;aire, preparant l&#8217;escenari per a una experi\u00e8ncia de degustaci\u00f3 memorable. El gust \u00e9s suau, vellutat i ric, amb un perfecte equilibri de dol\u00e7or i esp\u00e8cies. Els sabors del rom es barregen perfectament amb les esp\u00e8cies arom\u00e0tiques, deixant un regust satisfactori i persistent. Vana Tallinn \u00e9s una beguda vers\u00e0til que es pot gaudir de diverses maneres. Sovint s&#8217;assaboreix net o sobre les roques per apreciar plenament els seus sabors complexos. A m\u00e9s, es pot utilitzar com a ingredient clau en una varietat de c\u00f2ctels, afegint un toc d&#8217;encant ex\u00f2tic i acollidor a les mescles cl\u00e0ssiques. M\u00e9s enll\u00e0 del seu sabor excepcional, Vana Tallinn es celebra pel seu env\u00e0s distintiu, amb un disseny elegant i nost\u00e0lgic que ret homenatge a Tallinn, la capital d&#8217;Est\u00f2nia. El nom del licor es tradueix a &#8220;Old Tallinn&#8221;, que evoca un sentit de la hist\u00f2ria i la tradici\u00f3. Tant si est\u00e0s gaudint d&#8217;una vetllada acollidora a casa, celebrant una ocasi\u00f3 especial o explorant els sabors \u00fanics d&#8217;Est\u00f2nia, Vana Tallinn promet una experi\u00e8ncia inoblidable que uneix la calidesa del rom del Carib i l&#8217;atractiu ex\u00f2tic de les esp\u00e8cies b\u00e0ltiques. \u00c9s una veritable encarnaci\u00f3 de l&#8217;artesania d&#8217;Est\u00f2nia i un testimoni de l&#8217;art tradicional de l&#8217;elaboraci\u00f3 de licors.  <\/p>\n<\/div>\n<\/div>\n<\/div>\n","protected":false},"featured_media":77037,"comment_status":"open","ping_status":"closed","template":"","meta":{"_acf_changed":false},"product_brand":[],"product_cat":[371,370],"product_tag":[],"class_list":{"0":"post-79136","1":"product","2":"type-product","3":"status-publish","4":"has-post-thumbnail","6":"product_cat-especiat-ca","7":"product_cat-ron-ca","9":"first","10":"instock","11":"taxable","12":"shipping-taxable","13":"purchasable","14":"product-type-simple"},"acf":[],"aioseo_notices":[],"jetpack_sharing_enabled":true,"_links":{"self":[{"href":"https:\/\/whisky.ad\/ca\/wp-json\/wp\/v2\/product\/79136","targetHints":{"allow":["GET"]}}],"collection":[{"href":"https:\/\/whisky.ad\/ca\/wp-json\/wp\/v2\/product"}],"about":[{"href":"https:\/\/whisky.ad\/ca\/wp-json\/wp\/v2\/types\/product"}],"replies":[{"embeddable":true,"href":"https:\/\/whisky.ad\/ca\/wp-json\/wp\/v2\/comments?post=79136"}],"wp:featuredmedia":[{"embeddable":true,"href":"https:\/\/whisky.ad\/ca\/wp-json\/wp\/v2\/media\/77037"}],"wp:attachment":[{"href":"https:\/\/whisky.ad\/ca\/wp-json\/wp\/v2\/media?parent=79136"}],"wp:term":[{"taxonomy":"product_brand","embeddable":true,"href":"https:\/\/whisky.ad\/ca\/wp-json\/wp\/v2\/product_brand?post=79136"},{"taxonomy":"product_cat","embeddable":true,"href":"https:\/\/whisky.ad\/ca\/wp-json\/wp\/v2\/product_cat?post=79136"},{"taxonomy":"product_tag","embeddable":true,"href":"https:\/\/whisky.ad\/ca\/wp-json\/wp\/v2\/product_tag?post=79136"}],"curies":[{"name":"wp","href":"https:\/\/api.w.org\/{rel}","templated":true}]}}