{"id":79128,"date":"2023-08-28T10:29:15","date_gmt":"2023-08-28T09:29:15","guid":{"rendered":"https:\/\/whisky.ad\/product\/upper-ten-40-0-7l\/"},"modified":"2023-12-13T11:56:10","modified_gmt":"2023-12-13T10:56:10","slug":"upper-ten-40-0-7l","status":"publish","type":"product","link":"https:\/\/whisky.ad\/ca\/producte\/upper-ten-40-0-7l\/","title":{"rendered":"Upper Ten 40% 0.7l"},"content":{"rendered":"","protected":false},"excerpt":{"rendered":"<p>**The Upper Ten Whisky: elevant la tradici\u00f3 a l&#8217;excel\u00b7l\u00e8ncia** Submergeix-te en el m\u00f3n de The Upper Ten Whisky, una encarnaci\u00f3 l\u00edquida del patrimoni, l&#8217;experi\u00e8ncia i la qualitat sense compromisos. Elaborat amb una minuciosa atenci\u00f3 als detalls i una dedicaci\u00f3 a la perfecci\u00f3, aquest whisky excepcional \u00e9s un testimoni de les tradicions consagrades que han definit el seu llegat. **Artesania i destil\u00b7laci\u00f3:** The Upper Ten Whisky \u00e9s el resultat de generacions de mestres destil\u00b7ladors que han perfeccionat les seves habilitats per crear un whisky que es distingeixi. El proc\u00e9s de destil\u00b7laci\u00f3 \u00e9s una simfonia d&#8217;art i ci\u00e8ncia, on nom\u00e9s es seleccionen acuradament els millors ingredients per garantir un producte final exquisit. La precisi\u00f3 de la destil\u00b7laci\u00f3 garanteix que cada gota capti l&#8217;ess\u00e8ncia del llegat de la marca. **Perfil de sabor:** En tastar The Upper Ten Whisky, es desplega un ric tap\u00eds de sabors. Les notes inicials es caracteritzen per una suau calidesa que introdueix al paladar capes de complexitat. Els tocs de roure proporcionen una base s\u00f2lida, complementada amb un joc d&#8217;esp\u00e8cies c\u00e0lides que ballen sobre les papil\u00b7les gustatives. Els subtils delicats de fruites madures afegeixen un toc de dol\u00e7or, creant un equilibri harmoni\u00f3s que perdura a mesura que el whisky evoluciona al paladar. **Versatilitat:** The Upper Ten Whisky \u00e9s tan vers\u00e0til com refinat. \u00c9s un whisky dissenyat per ser gaudit de diverses maneres, atenent les prefer\u00e8ncies individuals. Per a aquells que aprecien la puresa del sabor, assaborir-lo net ofereix una exploraci\u00f3 directa del seu complex perfil gustatiu. A les roques, The Upper Ten Whisky adquireix una nova dimensi\u00f3, ja que el fred suavitza lleugerament les seves notes, millorant l&#8217;experi\u00e8ncia general. ** Artesania de c\u00f2ctels:** Per a mix\u00f2legs i entusiastes dels c\u00f2ctels, The Upper Ten Whisky \u00e9s un llen\u00e7 exquisit per a la creativitat. El seu car\u00e0cter ben arrodonit li permet integrar-se perfectament en c\u00f2ctels cl\u00e0ssics o breus innovadors, afegint profunditat i sofisticaci\u00f3 a cada creaci\u00f3. **La tradici\u00f3 es troba amb la modernitat:** tot i que est\u00e0 arrelat a la tradici\u00f3, The Upper Ten Whisky no est\u00e0 lligat al passat. Representa una fusi\u00f3 de l&#8217;artesania atemporal i un enfocament modern de l&#8217;apreciaci\u00f3 del whisky. Aquest equilibri garanteix que atregui tant als coneixedors experimentats com als nouvinguts, unint generacions amb una apreciaci\u00f3 compartida per l&#8217;excel\u00b7l\u00e8ncia. **Una invitaci\u00f3 a l&#8217;eleg\u00e0ncia:** Cada ampolla de The Upper Ten Whisky \u00e9s una invitaci\u00f3 a experimentar l&#8217;eleg\u00e0ncia. Tant si es gaudeix en solitud durant moments de reflexi\u00f3 com si es comparteix entre amics durant les reunions de celebraci\u00f3, enriqueix l&#8217;ambient amb la seva pres\u00e8ncia distingida. Des del proc\u00e9s de destil\u00b7laci\u00f3 fins a l&#8217;abocament final, The Upper Ten Whisky \u00e9s un homenatge a la recerca de la perfecci\u00f3. \u00c9s un viatge pel sabor, un cop d&#8217;ullet a la tradici\u00f3 i una encarnaci\u00f3 de l&#8217;excel\u00b7l\u00e8ncia. Cada glop \u00e9s una immersi\u00f3 en l&#8217;art de l&#8217;elaboraci\u00f3 de whisky, una experi\u00e8ncia que captura l&#8217;ess\u00e8ncia d&#8217;un llegat que continua inspirant i delectant.<\/p>\n","protected":false},"featured_media":77268,"comment_status":"open","ping_status":"closed","template":"","meta":{"_acf_changed":false},"product_brand":[],"product_cat":[545,546],"product_tag":[],"class_list":{"0":"post-79128","1":"product","2":"type-product","3":"status-publish","4":"has-post-thumbnail","6":"product_cat-upper-ten-ca","7":"product_cat-norway-ca","9":"first","10":"instock","11":"taxable","12":"shipping-taxable","13":"purchasable","14":"product-type-simple"},"acf":[],"aioseo_notices":[],"jetpack_sharing_enabled":true,"_links":{"self":[{"href":"https:\/\/whisky.ad\/ca\/wp-json\/wp\/v2\/product\/79128","targetHints":{"allow":["GET"]}}],"collection":[{"href":"https:\/\/whisky.ad\/ca\/wp-json\/wp\/v2\/product"}],"about":[{"href":"https:\/\/whisky.ad\/ca\/wp-json\/wp\/v2\/types\/product"}],"replies":[{"embeddable":true,"href":"https:\/\/whisky.ad\/ca\/wp-json\/wp\/v2\/comments?post=79128"}],"wp:featuredmedia":[{"embeddable":true,"href":"https:\/\/whisky.ad\/ca\/wp-json\/wp\/v2\/media\/77268"}],"wp:attachment":[{"href":"https:\/\/whisky.ad\/ca\/wp-json\/wp\/v2\/media?parent=79128"}],"wp:term":[{"taxonomy":"product_brand","embeddable":true,"href":"https:\/\/whisky.ad\/ca\/wp-json\/wp\/v2\/product_brand?post=79128"},{"taxonomy":"product_cat","embeddable":true,"href":"https:\/\/whisky.ad\/ca\/wp-json\/wp\/v2\/product_cat?post=79128"},{"taxonomy":"product_tag","embeddable":true,"href":"https:\/\/whisky.ad\/ca\/wp-json\/wp\/v2\/product_tag?post=79128"}],"curies":[{"name":"wp","href":"https:\/\/api.w.org\/{rel}","templated":true}]}}