{"id":79124,"date":"2023-07-23T13:35:06","date_gmt":"2023-07-23T12:35:06","guid":{"rendered":"https:\/\/whisky.ad\/product\/tomintoul-45-yo-double-wood-matured\/"},"modified":"2023-07-23T13:35:06","modified_gmt":"2023-07-23T12:35:06","slug":"tomintoul-45-yo-double-wood-matured","status":"publish","type":"product","link":"https:\/\/whisky.ad\/ca\/producte\/tomintoul-45-yo-double-wood-matured\/","title":{"rendered":"Tomintoul 45 YO Double Wood Matured"},"content":{"rendered":"","protected":false},"excerpt":{"rendered":"<div class=\"flex flex-grow flex-col gap-3\">\n<div class=\"min-h-[20px] flex items-start overflow-x-auto whitespace-pre-wrap break-words flex-col gap-4\">\n<div class=\"markdown prose w-full break-words dark:prose-invert light\">\n<p><strong>Speyside Single Malt Scotch Whisky Distillery Bottling 70cl \/ 44.5%<\/strong><\/p>\n<p>Una oferta veritablement excepcional i molt escassa procedent de la estimada destil\u00b7leria Tomintoul de Speyside, aquesta malta es va destil\u00b7lar l&#8217;any 1973. Nom\u00e9s es van llan\u00e7ar unes escasses 240 ampolles 45 anys despr\u00e9s. Si voleu unir-vos als pocs afortunats que poden dir-se propietaris d&#8217;aquesta preciosa joia, heu d&#8217;estar preparats per aprofundir en la vostra cartera. Tanmateix, tingueu la seguretat que el paladar sumptu\u00f3s i la irresistible interacci\u00f3 de notes de xer\u00e8s i caf\u00e8 fan que valgui la pena una aventura. Nota de tast: Nas: la influ\u00e8ncia del xer\u00e8s net \u00e9s evident, en capes sobre una base dol\u00e7a de malt. Aromes intensament ceroses es barregen amb tocs de c\u00edtrics de taronja picant i la calidesa del bud\u00edn de Nadal. Boca: una experi\u00e8ncia rica i vellutata, ja que notes de fruits secs, xocolata, gra de caf\u00e8 moca i tanins de roure especiats competeixen per dominar, creant una simfonia captivadora de sabors. Final: el gran final \u00e9s sec i picant, deixant una impressi\u00f3 duradora que perdura luxosament al paladar.   <\/p>\n<\/div>\n<h2>PREU A DEMANDA<\/h2>\n<\/div>\n<\/div>\n","protected":false},"featured_media":76401,"comment_status":"open","ping_status":"closed","template":"","meta":{"_acf_changed":false},"product_brand":[],"product_cat":[540,343,360,315],"product_tag":[],"class_list":{"0":"post-79124","1":"product","2":"type-product","3":"status-publish","4":"has-post-thumbnail","6":"product_cat-tomintoul-ca","7":"product_cat-rar-i-colleccionable","8":"product_cat-whisky-per-marca-ca","9":"product_cat-escocia","11":"first","12":"instock","13":"taxable","14":"shipping-taxable","15":"product-type-simple"},"acf":[],"aioseo_notices":[],"jetpack_sharing_enabled":true,"_links":{"self":[{"href":"https:\/\/whisky.ad\/ca\/wp-json\/wp\/v2\/product\/79124","targetHints":{"allow":["GET"]}}],"collection":[{"href":"https:\/\/whisky.ad\/ca\/wp-json\/wp\/v2\/product"}],"about":[{"href":"https:\/\/whisky.ad\/ca\/wp-json\/wp\/v2\/types\/product"}],"replies":[{"embeddable":true,"href":"https:\/\/whisky.ad\/ca\/wp-json\/wp\/v2\/comments?post=79124"}],"wp:featuredmedia":[{"embeddable":true,"href":"https:\/\/whisky.ad\/ca\/wp-json\/wp\/v2\/media\/76401"}],"wp:attachment":[{"href":"https:\/\/whisky.ad\/ca\/wp-json\/wp\/v2\/media?parent=79124"}],"wp:term":[{"taxonomy":"product_brand","embeddable":true,"href":"https:\/\/whisky.ad\/ca\/wp-json\/wp\/v2\/product_brand?post=79124"},{"taxonomy":"product_cat","embeddable":true,"href":"https:\/\/whisky.ad\/ca\/wp-json\/wp\/v2\/product_cat?post=79124"},{"taxonomy":"product_tag","embeddable":true,"href":"https:\/\/whisky.ad\/ca\/wp-json\/wp\/v2\/product_tag?post=79124"}],"curies":[{"name":"wp","href":"https:\/\/api.w.org\/{rel}","templated":true}]}}