{"id":79118,"date":"2023-07-23T13:42:37","date_gmt":"2023-07-23T12:42:37","guid":{"rendered":"https:\/\/whisky.ad\/product\/tomintoul-30-yo-robert-fleming-30th-anniversary\/"},"modified":"2023-07-23T13:42:37","modified_gmt":"2023-07-23T12:42:37","slug":"tomintoul-30-yo-robert-fleming-30th-anniversary","status":"publish","type":"product","link":"https:\/\/whisky.ad\/ca\/producte\/tomintoul-30-yo-robert-fleming-30th-anniversary\/","title":{"rendered":"Tomintoul 30 YO Robert Fleming 30th Anniversary"},"content":{"rendered":"","protected":false},"excerpt":{"rendered":"<p><strong>Speyside Single Malt Scotch Whisky Distillery Bottling 70cl \/ 49.7%<\/strong><\/p>\n<div class=\"flex flex-grow flex-col gap-3\">\n<div class=\"min-h-[20px] flex items-start overflow-x-auto whitespace-pre-wrap break-words flex-col gap-4\">\n<div class=\"markdown prose w-full break-words dark:prose-invert light\">\n<p>Presentant un single malt Tomintoul robust i amb cos, envellit amb gr\u00e0cia durant tres d\u00e8cades impressionants en una \u00fanica b\u00f3ta d&#8217;ex-bourbon, abans del seu transcendental embotellat l&#8217;agost de 2021. Aquest llan\u00e7ament especial commemora el 30\u00e8 aniversari del paper del mestre destil\u00b7lador Robert Fleming com a custodi. de la estimada destil\u00b7leria Tomintoul. El nas d&#8217;aquest exquisit whisky est\u00e0 ple d&#8217;aromes captivadores, com la pruna picant i la pell de taronja confitada, seguida de la dol\u00e7or de la mel d&#8217;ac\u00e0cia, que recorda els pastissos de canyella acabats de fer. L&#8217;addici\u00f3 de notes de gingebre de tija i c\u00edtrics crea un bouquet harmoni\u00f3s i atractiu. A mesura que el l\u00edquid acarona el paladar, els deliciosos sabors de peres escalfades, strudel de poma i llimones en conserva prenen el protagonisme, acompanyats de la reconfortant pres\u00e8ncia de roure torrat. Tocs d&#8217;ametlla ensucrada i panses afegeixen un toc delici\u00f3s a aquest viatge sensorial. Nota de tast: Nas: el nas revela una deliciosa fusi\u00f3 de fruites d&#8217;os picants i pells confitades, barrejant-se harmoniosament amb la dol\u00e7or de la mel d&#8217;ac\u00e0cia. L&#8217;atractiu de la brioixeria danesa amb canyella i el toc del gingebre de tija es complementen perfectament amb subtils notes c\u00edtriques. Boca: El paladar \u00e9s una simfonia rica i en capes, agraciat amb notes de peres tendrament escalfades, l&#8217;ess\u00e8ncia reconfortant del strudel de poma i el sabor de les llimones conservades. Tocs de xarop daurat i esbarzers s&#8217;entrellacen amb la suau calidesa del clau d&#8217;olor i el roure torrat. Final: El gran final deixa una impressi\u00f3 duradora de panses de dolor dol\u00e7 i ametlles ensucrades, acompanyades de la delicada abra\u00e7ada de la mel de flors i les esp\u00e8cies persistents per al forn, assegurant un regust memorable i gratificant. <\/p>\n<\/div>\n<\/div>\n<\/div>\n<div class=\"flex justify-between lg:block\">\n<div class=\"text-gray-400 flex self-end lg:self-center justify-center mt-2 gap-2 md:gap-3 lg:gap-1 lg:absolute lg:top-0 lg:translate-x-full lg:right-0 lg:mt-0 lg:pl-2 visible\"><\/div>\n<\/div>\n<div class=\"flex-1 overflow-hidden\">\n<div class=\"react-scroll-to-bottom--css-duqcx-79elbk h-full dark:bg-gray-800\">\n<div class=\"react-scroll-to-bottom--css-duqcx-1n7m0yu\">\n<div class=\"flex flex-col h-full text-sm dark:bg-gray-800\">\n<div class=\"h-32 md:h-48 flex-shrink-0\"><\/div>\n<\/div>\n<\/div>\n<\/div>\n<\/div>\n<div class=\"absolute bottom-0 left-0 w-full border-t md:border-t-0 dark:border-white\/20 md:border-transparent md:dark:border-transparent md:bg-vert-light-gradient bg-white dark:bg-gray-800 md:!bg-transparent dark:md:bg-vert-dark-gradient pt-2 md:pl-2 md:w-[calc(100%-.5rem)]\">\n<form class=\"stretch mx-2 flex flex-row gap-3 last:mb-2 md:mx-4 md:last:mb-6 lg:mx-auto lg:max-w-2xl xl:max-w-3xl\">\n<div class=\"relative flex h-full flex-1 items-stretch md:flex-col\" role=\"presentation\">\n<div class=\"\">\n<div class=\"h-full flex ml-1 md:w-full md:m-auto md:mb-2 gap-0 md:gap-2 justify-center\"><\/div>\n<\/div>\n<\/div>\n<\/form>\n<\/div>\n","protected":false},"featured_media":76404,"comment_status":"open","ping_status":"closed","template":"","meta":{"_acf_changed":false},"product_brand":[],"product_cat":[540,343,360,315],"product_tag":[],"class_list":{"0":"post-79118","1":"product","2":"type-product","3":"status-publish","4":"has-post-thumbnail","6":"product_cat-tomintoul-ca","7":"product_cat-rar-i-colleccionable","8":"product_cat-whisky-per-marca-ca","9":"product_cat-escocia","11":"first","12":"instock","13":"taxable","14":"shipping-taxable","15":"product-type-simple"},"acf":[],"aioseo_notices":[],"jetpack_sharing_enabled":true,"_links":{"self":[{"href":"https:\/\/whisky.ad\/ca\/wp-json\/wp\/v2\/product\/79118","targetHints":{"allow":["GET"]}}],"collection":[{"href":"https:\/\/whisky.ad\/ca\/wp-json\/wp\/v2\/product"}],"about":[{"href":"https:\/\/whisky.ad\/ca\/wp-json\/wp\/v2\/types\/product"}],"replies":[{"embeddable":true,"href":"https:\/\/whisky.ad\/ca\/wp-json\/wp\/v2\/comments?post=79118"}],"wp:featuredmedia":[{"embeddable":true,"href":"https:\/\/whisky.ad\/ca\/wp-json\/wp\/v2\/media\/76404"}],"wp:attachment":[{"href":"https:\/\/whisky.ad\/ca\/wp-json\/wp\/v2\/media?parent=79118"}],"wp:term":[{"taxonomy":"product_brand","embeddable":true,"href":"https:\/\/whisky.ad\/ca\/wp-json\/wp\/v2\/product_brand?post=79118"},{"taxonomy":"product_cat","embeddable":true,"href":"https:\/\/whisky.ad\/ca\/wp-json\/wp\/v2\/product_cat?post=79118"},{"taxonomy":"product_tag","embeddable":true,"href":"https:\/\/whisky.ad\/ca\/wp-json\/wp\/v2\/product_tag?post=79118"}],"curies":[{"name":"wp","href":"https:\/\/api.w.org\/{rel}","templated":true}]}}