{"id":79115,"date":"2023-08-25T10:01:06","date_gmt":"2023-08-25T09:01:06","guid":{"rendered":"https:\/\/whisky.ad\/product\/tomintoul-25-years-old\/"},"modified":"2024-01-08T12:47:31","modified_gmt":"2024-01-08T11:47:31","slug":"tomintoul-25-years-old","status":"publish","type":"product","link":"https:\/\/whisky.ad\/ca\/producte\/tomintoul-25-years-old\/","title":{"rendered":"Tomintoul 25 Years Old (contact us!)"},"content":{"rendered":"","protected":false},"excerpt":{"rendered":"<p>Amb una atenci\u00f3 meticulosa, el mestre destil\u00b7lador, Robert Fleming, ha escollit les millors b\u00f3tes de Tomintoul per elaborar aquest single malt exquisit i harmoniosament complex. Despr\u00e9s d&#8217;haver experimentat una maduraci\u00f3 dins de les millors b\u00f3tes de bourbon, Tomintoul 25 Years Old es presenta ara com un whisky atrevit, sabor\u00f3s i carregat de fruites, amb un final persistent. Aquest extraordinari single malt va ser guardonat amb el t\u00edtol de Millor whisky escoc\u00e8s a The Global Spirits Masters 2020.<\/p>\n","protected":false},"featured_media":77142,"comment_status":"open","ping_status":"closed","template":"","meta":{"_acf_changed":false},"product_brand":[],"product_cat":[540,343,315],"product_tag":[],"class_list":{"0":"post-79115","1":"product","2":"type-product","3":"status-publish","4":"has-post-thumbnail","6":"product_cat-tomintoul-ca","7":"product_cat-rar-i-colleccionable","8":"product_cat-escocia","10":"first","11":"instock","12":"taxable","13":"shipping-taxable","14":"product-type-simple"},"acf":[],"aioseo_notices":[],"jetpack_sharing_enabled":true,"_links":{"self":[{"href":"https:\/\/whisky.ad\/ca\/wp-json\/wp\/v2\/product\/79115","targetHints":{"allow":["GET"]}}],"collection":[{"href":"https:\/\/whisky.ad\/ca\/wp-json\/wp\/v2\/product"}],"about":[{"href":"https:\/\/whisky.ad\/ca\/wp-json\/wp\/v2\/types\/product"}],"replies":[{"embeddable":true,"href":"https:\/\/whisky.ad\/ca\/wp-json\/wp\/v2\/comments?post=79115"}],"wp:featuredmedia":[{"embeddable":true,"href":"https:\/\/whisky.ad\/ca\/wp-json\/wp\/v2\/media\/77142"}],"wp:attachment":[{"href":"https:\/\/whisky.ad\/ca\/wp-json\/wp\/v2\/media?parent=79115"}],"wp:term":[{"taxonomy":"product_brand","embeddable":true,"href":"https:\/\/whisky.ad\/ca\/wp-json\/wp\/v2\/product_brand?post=79115"},{"taxonomy":"product_cat","embeddable":true,"href":"https:\/\/whisky.ad\/ca\/wp-json\/wp\/v2\/product_cat?post=79115"},{"taxonomy":"product_tag","embeddable":true,"href":"https:\/\/whisky.ad\/ca\/wp-json\/wp\/v2\/product_tag?post=79115"}],"curies":[{"name":"wp","href":"https:\/\/api.w.org\/{rel}","templated":true}]}}