{"id":79112,"date":"2023-08-25T09:59:41","date_gmt":"2023-08-25T08:59:41","guid":{"rendered":"https:\/\/whisky.ad\/product\/tomintoul-21-years-old\/"},"modified":"2024-01-08T14:40:39","modified_gmt":"2024-01-08T13:40:39","slug":"tomintoul-21-years-old","status":"publish","type":"product","link":"https:\/\/whisky.ad\/ca\/producte\/tomintoul-21-years-old\/","title":{"rendered":"Tomintoul 21 Years Old (contact us!)"},"content":{"rendered":"","protected":false},"excerpt":{"rendered":"<p>L&#8217;expert destil\u00b7lador, Robert Fleming, tria acuradament les b\u00f3tes de roure americ\u00e0 d&#8217;ex-bourbon de la m\u00e9s alta qualitat per a madurar el whisky escoc\u00e8s Single Malt de Tomintoul de 21 anys. El resultat \u00e9s un single malt complex i aclamat per la cr\u00edtica que ofereix una gran quantitat d&#8217;aromes que inclouen fruites c\u00edtriques picants, un sabor de caramel delici\u00f3s i c\u00e0lid i que culmina amb un final suaument especiat&#8221;.<\/p>\n","protected":false},"featured_media":77145,"comment_status":"open","ping_status":"closed","template":"","meta":{"_acf_changed":false},"product_brand":[],"product_cat":[540,343,315],"product_tag":[],"class_list":{"0":"post-79112","1":"product","2":"type-product","3":"status-publish","4":"has-post-thumbnail","6":"product_cat-tomintoul-ca","7":"product_cat-rar-i-colleccionable","8":"product_cat-escocia","10":"first","11":"instock","12":"taxable","13":"shipping-taxable","14":"product-type-simple"},"acf":[],"aioseo_notices":[],"jetpack_sharing_enabled":true,"_links":{"self":[{"href":"https:\/\/whisky.ad\/ca\/wp-json\/wp\/v2\/product\/79112","targetHints":{"allow":["GET"]}}],"collection":[{"href":"https:\/\/whisky.ad\/ca\/wp-json\/wp\/v2\/product"}],"about":[{"href":"https:\/\/whisky.ad\/ca\/wp-json\/wp\/v2\/types\/product"}],"replies":[{"embeddable":true,"href":"https:\/\/whisky.ad\/ca\/wp-json\/wp\/v2\/comments?post=79112"}],"wp:featuredmedia":[{"embeddable":true,"href":"https:\/\/whisky.ad\/ca\/wp-json\/wp\/v2\/media\/77145"}],"wp:attachment":[{"href":"https:\/\/whisky.ad\/ca\/wp-json\/wp\/v2\/media?parent=79112"}],"wp:term":[{"taxonomy":"product_brand","embeddable":true,"href":"https:\/\/whisky.ad\/ca\/wp-json\/wp\/v2\/product_brand?post=79112"},{"taxonomy":"product_cat","embeddable":true,"href":"https:\/\/whisky.ad\/ca\/wp-json\/wp\/v2\/product_cat?post=79112"},{"taxonomy":"product_tag","embeddable":true,"href":"https:\/\/whisky.ad\/ca\/wp-json\/wp\/v2\/product_tag?post=79112"}],"curies":[{"name":"wp","href":"https:\/\/api.w.org\/{rel}","templated":true}]}}