{"id":79105,"date":"2023-11-18T11:42:06","date_gmt":"2023-11-18T10:42:06","guid":{"rendered":"https:\/\/whisky.ad\/product\/strathcolm-8yo-single-grain-07l-40\/"},"modified":"2023-11-18T11:42:06","modified_gmt":"2023-11-18T10:42:06","slug":"strathcolm-8yo-single-grain-07l-40","status":"publish","type":"product","link":"https:\/\/whisky.ad\/ca\/producte\/strathcolm-8yo-single-grain-07l-40\/","title":{"rendered":"Strathcolm 8yo Single Grain 0,7l 40%"},"content":{"rendered":"","protected":false},"excerpt":{"rendered":"<p>Strathcolm Single Grain 8 Years s&#8217;ha elaborat utilitzant nom\u00e9s els millors blats i ordi maltes. \u00c9s un tipus de whisky produ\u00eft per la destil\u00b7leria Strathcolm a Esc\u00f2cia. Conegut per la seva dol\u00e7or i dol\u00e7or, presenta notes de vainilla, caramel i toffee.  <\/p>\n","protected":false},"featured_media":77691,"comment_status":"open","ping_status":"closed","template":"","meta":{"_acf_changed":false},"product_brand":[],"product_cat":[315,484],"product_tag":[],"class_list":{"0":"post-79105","1":"product","2":"type-product","3":"status-publish","4":"has-post-thumbnail","6":"product_cat-escocia","7":"product_cat-strathcolm-ca","9":"first","10":"instock","11":"taxable","12":"shipping-taxable","13":"purchasable","14":"product-type-simple"},"acf":[],"aioseo_notices":[],"jetpack_sharing_enabled":true,"_links":{"self":[{"href":"https:\/\/whisky.ad\/ca\/wp-json\/wp\/v2\/product\/79105","targetHints":{"allow":["GET"]}}],"collection":[{"href":"https:\/\/whisky.ad\/ca\/wp-json\/wp\/v2\/product"}],"about":[{"href":"https:\/\/whisky.ad\/ca\/wp-json\/wp\/v2\/types\/product"}],"replies":[{"embeddable":true,"href":"https:\/\/whisky.ad\/ca\/wp-json\/wp\/v2\/comments?post=79105"}],"wp:featuredmedia":[{"embeddable":true,"href":"https:\/\/whisky.ad\/ca\/wp-json\/wp\/v2\/media\/77691"}],"wp:attachment":[{"href":"https:\/\/whisky.ad\/ca\/wp-json\/wp\/v2\/media?parent=79105"}],"wp:term":[{"taxonomy":"product_brand","embeddable":true,"href":"https:\/\/whisky.ad\/ca\/wp-json\/wp\/v2\/product_brand?post=79105"},{"taxonomy":"product_cat","embeddable":true,"href":"https:\/\/whisky.ad\/ca\/wp-json\/wp\/v2\/product_cat?post=79105"},{"taxonomy":"product_tag","embeddable":true,"href":"https:\/\/whisky.ad\/ca\/wp-json\/wp\/v2\/product_tag?post=79105"}],"curies":[{"name":"wp","href":"https:\/\/api.w.org\/{rel}","templated":true}]}}