{"id":79099,"date":"2023-08-28T10:22:50","date_gmt":"2023-08-28T09:22:50","guid":{"rendered":"https:\/\/whisky.ad\/product\/southern-comfort-original-35-0-7l\/"},"modified":"2023-08-28T10:22:50","modified_gmt":"2023-08-28T09:22:50","slug":"southern-comfort-original-35-0-7l","status":"publish","type":"product","link":"https:\/\/whisky.ad\/ca\/producte\/southern-comfort-original-35-0-7l\/","title":{"rendered":"Southern Comfort Original 35% 0.7l"},"content":{"rendered":"","protected":false},"excerpt":{"rendered":"<p>**Southern Comfort Original: un cl\u00e0ssic atemporal** Southern Comfort Original \u00e9s una aut\u00e8ntica icona al m\u00f3n dels licors, conegut per la seva rica hist\u00f2ria i el seu perfil de sabor \u00fanic. Des dels seus inicis l&#8217;any 1874, ha continuat sent un s\u00edmbol de qualitat i innovaci\u00f3 inquebrantables, resistint la prova del temps com un esperit estimat i vers\u00e0til. Elaborat amb la combinaci\u00f3 perfecta de whisky, fruites i esp\u00e8cies, Southern Comfort Original ofereix un sabor distintiu que \u00e9s suau, sabor\u00f3s i acollidor. La seva creaci\u00f3 va ser impulsada per la visi\u00f3 de M.W. Heron, un home que es va atrevir a desafiar les convencions i va intentar redefinir qu\u00e8 podia ser el whisky. Aquesta recepta original va n\u00e9ixer del desig de crear un whisky que fos diferent de la norma, un que no fos dur ni aclaparador, sin\u00f3 suau, senzill i delici\u00f3s. L&#8217;acurada selecci\u00f3 i barreja de fruites d&#8217;os i esp\u00e8cies de M.W. Heron va donar com a resultat un sabor realment innovador en aquell moment, preparant l&#8217;escenari per al llegat perdurable de Southern Comfort. La versatilitat de Southern Comfort Original \u00e9s realment notable. \u00c9s un testimoni de l&#8217;adaptabilitat de l&#8217;esperit, tant si es gaudeix sol sobre gel, com si es barreja en un c\u00f2ctel cl\u00e0ssic o s&#8217;incorpora a begudes modernes innovadores. La seva capacitat de barrejar-se perfectament amb una varietat de mescladors i sabors l&#8217;ha convertit en el favorit entre els cambrers i els entusiastes, afegint constantment un toc d&#8217;hospitalitat del sud a qualsevol reuni\u00f3. El llegat de Southern Comfort Original no nom\u00e9s est\u00e0 marcat pel seu sabor excepcional, sin\u00f3 tamb\u00e9 per la seva profunda connexi\u00f3 amb la hist\u00f2ria i la cultura. Des del seu paper com a s\u00edmbol en temps de guerra fins a la seva pres\u00e8ncia en l&#8217;escena de la m\u00fasica i l&#8217;entreteniment, Southern Comfort s&#8217;ha teixit en el teixit de la vida americana, representant una barreja de tradici\u00f3 i modernitat. Tant si es beu lentament com si es gaudeix en un c\u00f2ctel o s&#8217;utilitza com a ingredient en creacions culin\u00e0ries, Southern Comfort Original continua captivant i delectant generacions d&#8217;entusiastes dels esperits. El seu atractiu atemporal \u00e9s un recordatori que algunes coses s\u00f3n massa bones per passar de moda, i segueix sent un veritable cl\u00e0ssic en el m\u00f3n dels esperits.<\/p>\n","protected":false},"featured_media":77247,"comment_status":"open","ping_status":"closed","template":"","meta":{"_acf_changed":false},"product_brand":[],"product_cat":[379],"product_tag":[],"class_list":{"0":"post-79099","1":"product","2":"type-product","3":"status-publish","4":"has-post-thumbnail","6":"product_cat-kentucky-ca","8":"first","9":"instock","10":"taxable","11":"shipping-taxable","12":"purchasable","13":"product-type-simple"},"acf":[],"aioseo_notices":[],"jetpack_sharing_enabled":true,"_links":{"self":[{"href":"https:\/\/whisky.ad\/ca\/wp-json\/wp\/v2\/product\/79099","targetHints":{"allow":["GET"]}}],"collection":[{"href":"https:\/\/whisky.ad\/ca\/wp-json\/wp\/v2\/product"}],"about":[{"href":"https:\/\/whisky.ad\/ca\/wp-json\/wp\/v2\/types\/product"}],"replies":[{"embeddable":true,"href":"https:\/\/whisky.ad\/ca\/wp-json\/wp\/v2\/comments?post=79099"}],"wp:featuredmedia":[{"embeddable":true,"href":"https:\/\/whisky.ad\/ca\/wp-json\/wp\/v2\/media\/77247"}],"wp:attachment":[{"href":"https:\/\/whisky.ad\/ca\/wp-json\/wp\/v2\/media?parent=79099"}],"wp:term":[{"taxonomy":"product_brand","embeddable":true,"href":"https:\/\/whisky.ad\/ca\/wp-json\/wp\/v2\/product_brand?post=79099"},{"taxonomy":"product_cat","embeddable":true,"href":"https:\/\/whisky.ad\/ca\/wp-json\/wp\/v2\/product_cat?post=79099"},{"taxonomy":"product_tag","embeddable":true,"href":"https:\/\/whisky.ad\/ca\/wp-json\/wp\/v2\/product_tag?post=79099"}],"curies":[{"name":"wp","href":"https:\/\/api.w.org\/{rel}","templated":true}]}}