{"id":79095,"date":"2023-08-28T10:24:40","date_gmt":"2023-08-28T09:24:40","guid":{"rendered":"https:\/\/whisky.ad\/product\/southern-comfort-black-40-1l\/"},"modified":"2023-08-28T10:24:40","modified_gmt":"2023-08-28T09:24:40","slug":"southern-comfort-black-40-1l","status":"publish","type":"product","link":"https:\/\/whisky.ad\/ca\/producte\/southern-comfort-black-40-1l\/","title":{"rendered":"Southern Comfort Black 40% 1l"},"content":{"rendered":"","protected":false},"excerpt":{"rendered":"<p>**Southern Comfort Black: una evoluci\u00f3 atrevida** Southern Comfort Black sorgeix com una evoluci\u00f3 atrevida de l&#8217;original cl\u00e0ssic, redefinint els l\u00edmits del sabor i l&#8217;experi\u00e8ncia dins de la fam\u00edlia Southern Comfort. Aquesta expressi\u00f3 contempor\u00e0nia ret homenatge a la tradici\u00f3 alhora que adopta un perfil m\u00e9s atrevit i ric que ressona amb les prefer\u00e8ncies modernes. Amb la seva tonalitat fosca i profunda i el seu car\u00e0cter intensificat, Southern Comfort Black agafa l&#8217;ess\u00e8ncia distintiva de l&#8217;original i l&#8217;amplifica. Elaborada amb la mateixa minuciosa atenci\u00f3 a la qualitat que ha definit Southern Comfort durant d\u00e8cades, aquesta variant introdueix una nova dimensi\u00f3 de complexitat i profunditat. La barreja de whisky, fruites i esp\u00e8cies que defineix Southern Comfort Black est\u00e0 curosament seleccionada per aconseguir un equilibri harmoni\u00f3s entre tradici\u00f3 i innovaci\u00f3. El resultat \u00e9s un esperit que posseeix la calidesa i la comoditat familiars de l&#8217;original, alhora que ofereix una interacci\u00f3 intrigant de sabors i aromes m\u00e9s profunds. Ideal per a aquells que busquen una experi\u00e8ncia de degustaci\u00f3 m\u00e9s intensa i robusta, Southern Comfort Black captura l&#8217;ess\u00e8ncia de la confian\u00e7a i la sofisticaci\u00f3. La seva versatilitat segueix sent una pedra angular del llegat Southern Comfort, assegurant que es pot assaborir directament, sobre les roques o com a ingredient clau en c\u00f2ctels contemporanis que exigeixen un gir atrevit. En un m\u00f3n on els gustos estan en constant evoluci\u00f3, Southern Comfort Black \u00e9s un testimoni del comprom\u00eds de la marca d&#8217;adoptar el canvi mentre es mant\u00e9 fidel al seu patrimoni. \u00c9s un homenatge als esperits atrevits que han obert el cam\u00ed abans, i una invitaci\u00f3 als aventurers moderns a explorar les profunditats de sabor que el Southern Comfort pot oferir. Tant si es gaudeix durant moments de reflexi\u00f3, celebracions compartides o experiments innovadors de mixologia, Southern Comfort Black convida els entusiastes a experimentar una nova interpretaci\u00f3 d&#8217;un cl\u00e0ssic perdurable. \u00c9s un cop d&#8217;ull al passat i un brindis al futur, que encapsula l&#8217;esperit del viatge continu de descobriment de Southern Comfort.<\/p>\n","protected":false},"featured_media":77250,"comment_status":"open","ping_status":"closed","template":"","meta":{"_acf_changed":false},"product_brand":[],"product_cat":[379],"product_tag":[],"class_list":{"0":"post-79095","1":"product","2":"type-product","3":"status-publish","4":"has-post-thumbnail","6":"product_cat-kentucky-ca","8":"first","9":"instock","10":"taxable","11":"shipping-taxable","12":"purchasable","13":"product-type-simple"},"acf":[],"aioseo_notices":[],"jetpack_sharing_enabled":true,"_links":{"self":[{"href":"https:\/\/whisky.ad\/ca\/wp-json\/wp\/v2\/product\/79095","targetHints":{"allow":["GET"]}}],"collection":[{"href":"https:\/\/whisky.ad\/ca\/wp-json\/wp\/v2\/product"}],"about":[{"href":"https:\/\/whisky.ad\/ca\/wp-json\/wp\/v2\/types\/product"}],"replies":[{"embeddable":true,"href":"https:\/\/whisky.ad\/ca\/wp-json\/wp\/v2\/comments?post=79095"}],"wp:featuredmedia":[{"embeddable":true,"href":"https:\/\/whisky.ad\/ca\/wp-json\/wp\/v2\/media\/77250"}],"wp:attachment":[{"href":"https:\/\/whisky.ad\/ca\/wp-json\/wp\/v2\/media?parent=79095"}],"wp:term":[{"taxonomy":"product_brand","embeddable":true,"href":"https:\/\/whisky.ad\/ca\/wp-json\/wp\/v2\/product_brand?post=79095"},{"taxonomy":"product_cat","embeddable":true,"href":"https:\/\/whisky.ad\/ca\/wp-json\/wp\/v2\/product_cat?post=79095"},{"taxonomy":"product_tag","embeddable":true,"href":"https:\/\/whisky.ad\/ca\/wp-json\/wp\/v2\/product_tag?post=79095"}],"curies":[{"name":"wp","href":"https:\/\/api.w.org\/{rel}","templated":true}]}}