{"id":79088,"date":"2023-08-28T10:42:35","date_gmt":"2023-08-28T09:42:35","guid":{"rendered":"https:\/\/whisky.ad\/product\/sazerac-rye-45-0-7l\/"},"modified":"2023-08-28T10:42:35","modified_gmt":"2023-08-28T09:42:35","slug":"sazerac-rye-45-0-7l","status":"publish","type":"product","link":"https:\/\/whisky.ad\/ca\/producte\/sazerac-rye-45-0-7l\/","title":{"rendered":"Sazerac Rye 45% 0.7l"},"content":{"rendered":"","protected":false},"excerpt":{"rendered":"<p>**Sazerac Rye: A Symphony of Refined Craftsmanship** Sazerac Rye \u00e9s un testimoni de l&#8217;artesania meticulosa i la hist\u00f2ria hist\u00f2rica que l&#8217;han convertit en un emblema de l&#8217;excel\u00b7l\u00e8ncia del whisky de s\u00e8gol. Arrelat en un patrimoni que es remunta al segle XIX, aquest ic\u00f2nic s\u00e8gol encarna l&#8217;ess\u00e8ncia de la tradici\u00f3 alhora que encarna l&#8217;esperit d&#8217;innovaci\u00f3. **Un llegat hist\u00f2ric:** Anomenat despr\u00e9s de la Sazerac Coffee House de Nova Orleans, on es va elaborar per primera vegada el c\u00f2ctel que porta el seu nom, Sazerac Rye porta un llegat que ret homenatge al ric tap\u00eds cultural dels seus or\u00edgens. Impregnat de les tradicions de la ciutat, aquest whisky de s\u00e8gol captura l&#8217;ess\u00e8ncia d&#8217;una \u00e8poca alhora que es mant\u00e9 com un s\u00edmbol de qualitat perdurable. **El proc\u00e9s de destil\u00b7laci\u00f3:** El viatge de Sazerac Rye comen\u00e7a amb la selecci\u00f3 dels millors grans de s\u00e8gol, minuciosament m\u00f2lts a la perfecci\u00f3. El proc\u00e9s de destil\u00b7laci\u00f3, guiat per generacions d&#8217;expertesa, garanteix l&#8217;extracci\u00f3 dels sabors essencials que defineixen aquest esperit excepcional. El resultat \u00e9s un whisky de s\u00e8gol que captura la complexitat del gra, harmonitzant el car\u00e0cter distint del s\u00e8gol amb una suavitat que delecta el paladar. **Flavor Symphony:** Des del primer glop, Sazerac Rye revela una simfonia de sabors que ballen a trav\u00e9s dels sentits. Les notes inicials ofereixen una delicada esp\u00e8cie que desperta el paladar, seguida d&#8217;una calidesa que embolcalla amb gr\u00e0cia la boca. Apareixen tocs de fruita i roure, afegint capes de profunditat i complexitat a l&#8217;experi\u00e8ncia. El final \u00e9s un crescendo de sabors equilibrats que perdura molt despr\u00e9s de cada glop. **Envellit a la perfecci\u00f3:** La maduraci\u00f3 del s\u00e8gol Sazerac t\u00e9 lloc en b\u00f3tes de roure, on l&#8217;esperit experimenta una transformaci\u00f3 que li d\u00f3na car\u00e0cter i eleg\u00e0ncia. La interacci\u00f3 entre el s\u00e8gol i la fusta crea una fusi\u00f3 harm\u00f2nica de sabors, assegurant una profunditat notable que evoluciona amb el temps. **Disfruti vers\u00e0til:** La versatilitat de Sazerac Rye el converteix en un tresor per als entusiastes que aprecien el car\u00e0cter refinat del whisky de s\u00e8gol. Ja sigui assaborit net per experimentar els seus sabors complexos o mostrat en c\u00f2ctels cl\u00e0ssics que rendeixen homenatge al seu patrimoni, aquest whisky de s\u00e8gol aporta un toc de sofisticaci\u00f3 a qualsevol ocasi\u00f3. **Un brindis atemporal:** Cada ampolla de s\u00e8gol Sazerac porta dins l&#8217;ess\u00e8ncia de la hist\u00f2ria i la innovaci\u00f3. \u00c9s un homenatge als artesans que han donat forma al seu recorregut i un cop d&#8217;ullet als qui aprecien la simfonia de sabors que presenta. Amb cada abocament, Sazerac Rye convida els entusiastes a unir-se en un brindis atemporal per les tradicions perdurables que el converteixen en una veritable obra mestra del whisky de s\u00e8gol.<\/p>\n","protected":false},"featured_media":77256,"comment_status":"open","ping_status":"closed","template":"","meta":{"_acf_changed":false},"product_brand":[],"product_cat":[380,379],"product_tag":[],"class_list":{"0":"post-79088","1":"product","2":"type-product","3":"status-publish","4":"has-post-thumbnail","6":"product_cat-sazerac-ca","7":"product_cat-kentucky-ca","9":"first","10":"instock","11":"taxable","12":"shipping-taxable","13":"purchasable","14":"product-type-simple"},"acf":[],"aioseo_notices":[],"jetpack_sharing_enabled":true,"_links":{"self":[{"href":"https:\/\/whisky.ad\/ca\/wp-json\/wp\/v2\/product\/79088","targetHints":{"allow":["GET"]}}],"collection":[{"href":"https:\/\/whisky.ad\/ca\/wp-json\/wp\/v2\/product"}],"about":[{"href":"https:\/\/whisky.ad\/ca\/wp-json\/wp\/v2\/types\/product"}],"replies":[{"embeddable":true,"href":"https:\/\/whisky.ad\/ca\/wp-json\/wp\/v2\/comments?post=79088"}],"wp:featuredmedia":[{"embeddable":true,"href":"https:\/\/whisky.ad\/ca\/wp-json\/wp\/v2\/media\/77256"}],"wp:attachment":[{"href":"https:\/\/whisky.ad\/ca\/wp-json\/wp\/v2\/media?parent=79088"}],"wp:term":[{"taxonomy":"product_brand","embeddable":true,"href":"https:\/\/whisky.ad\/ca\/wp-json\/wp\/v2\/product_brand?post=79088"},{"taxonomy":"product_cat","embeddable":true,"href":"https:\/\/whisky.ad\/ca\/wp-json\/wp\/v2\/product_cat?post=79088"},{"taxonomy":"product_tag","embeddable":true,"href":"https:\/\/whisky.ad\/ca\/wp-json\/wp\/v2\/product_tag?post=79088"}],"curies":[{"name":"wp","href":"https:\/\/api.w.org\/{rel}","templated":true}]}}