{"id":79073,"date":"2023-07-25T12:47:28","date_gmt":"2023-07-25T11:47:28","guid":{"rendered":"https:\/\/whisky.ad\/product\/san-in-regular-whisky-40-0-7l\/"},"modified":"2023-07-25T12:47:28","modified_gmt":"2023-07-25T11:47:28","slug":"san-in-regular-whisky-40-0-7l","status":"publish","type":"product","link":"https:\/\/whisky.ad\/ca\/producte\/san-in-regular-whisky-40-0-7l\/","title":{"rendered":"SAN-IN REGULAR WHISKY 40% 0.7L"},"content":{"rendered":"","protected":false},"excerpt":{"rendered":"<div class=\"flex flex-grow flex-col gap-3\">\n<div class=\"min-h-[20px] flex items-start overflow-x-auto whitespace-pre-wrap break-words flex-col gap-4\">\n<div class=\"markdown prose w-full break-words dark:prose-invert light\">\n<p>La destil\u00b7leria Kurayoshi, situada a la ciutat del seu hom\u00f2nim a la prefectura de Tottori, elabora licors japonesos des de 1910. Aquesta microdestil\u00b7leria ha deixat una marca en la ind\u00fastria produint una gran varietat de begudes exquisides, com ara sake, shochu i brandy, combinant t\u00e8cniques tradicionals amb enfocaments innovadors. Beneficiant-se de la seva proximitat al mont Daisen, la destil\u00b7leria t\u00e9 el privilegi d&#8217;aprovisionar-se d&#8217;aigua dol\u00e7a de les abundants nevades d&#8217;aquesta majestuosa muntanya. Aquesta aigua pura afegeix un element distintiu a les seves creacions, contribuint a la qualitat excepcional dels seus espirituosos. Els whiskies que emanen de la destil\u00b7leria Kurayoshi han obtingut un gran reconeixement en competicions internacionals, impressionant els jurats exigents i acumulant nombrosos premis, especialment en tasts a cegues coneguts pels seus minuciosos est\u00e0ndards. Tanmateix, a causa del seu comprom\u00eds amb la producci\u00f3 artesanal, la producci\u00f3 de la destil\u00b7leria segueix sent limitada, donant lloc a estocs preciosos i rars. <\/p>\n<div class=\"flex flex-grow flex-col gap-3\">\n<div class=\"min-h-[20px] flex items-start overflow-x-auto whitespace-pre-wrap break-words flex-col gap-4\">\n<div class=\"markdown prose w-full break-words dark:prose-invert light\">\n<p>The San-In, a distinguished blended whiskey range hailing from Kurayoshi Distillery, is meticulously crafted with two distinct references. Through careful barrel aging, The San-In Blended Japanese Whisky has acquired delightful vanilla and fruity notes, culminating in a lingering pear taste on the finish. Situada a la pintoresca ciutat de Kurayoshi, dins de la prefectura de Tottori, a l&#8217;oest del Jap\u00f3, la destil\u00b7leria est\u00e0 envoltada d&#8217;un paisatge ser\u00e8 i ofereix acc\u00e9s a aigua pura procedent de la nevada de la majestuosa serralada de Daisen. L&#8217;elevada temperatura anual de la regi\u00f3 juga un paper crucial en el proc\u00e9s d&#8217;envelliment del whisky, millorant-ne els sabors i la complexitat. A m\u00e9s, l&#8217;aigua subterr\u00e0nia pura de la muntanya Daisen contribueix al car\u00e0cter suau i suau del whisky, fent-lo una experi\u00e8ncia deliciosa i refrescant per als coneixedors de begudes espirituoses.<\/p>\n<div class=\"flex flex-grow flex-col gap-3\">\n<div class=\"min-h-[20px] flex items-start overflow-x-auto whitespace-pre-wrap break-words flex-col gap-4\">\n<div class=\"markdown prose w-full break-words dark:prose-invert light\">\n<p>Notes de tast:<\/p>\n<ul>\n<li>Aspecte: Presenta una tonalitat captivadora, combinant un marr\u00f3 ric amb reflexos daurats.<\/li>\n<li>Nas: una deliciosa barreja d&#8217;aromes de pera, vainilla i albercoc omple els sentits.<\/li>\n<li>Boca: En boca ofereix una barreja harmoniosa de mel\u00f3, pera i un subtil toc de gingebre, complementat amb un toc de vainilla i un toc d&#8217;encens.<\/li>\n<li>Acabat: El final \u00e9s impecablement equilibrat, deixant una sensaci\u00f3 c\u00e0lida i dol\u00e7a que perdura amb gr\u00e0cia.<\/li>\n<\/ul>\n<\/div>\n<\/div>\n<\/div>\n<\/div>\n<\/div>\n<\/div>\n<\/div>\n<\/div>\n<\/div>\n","protected":false},"featured_media":76905,"comment_status":"open","ping_status":"closed","template":"","meta":{"_acf_changed":false},"product_brand":[],"product_cat":[509,360,478],"product_tag":[],"class_list":{"0":"post-79073","1":"product","2":"type-product","3":"status-publish","4":"has-post-thumbnail","6":"product_cat-japan-ca","7":"product_cat-whisky-per-marca-ca","8":"product_cat-san-in-ca-2","10":"first","11":"instock","12":"taxable","13":"shipping-taxable","14":"purchasable","15":"product-type-simple"},"acf":[],"aioseo_notices":[],"jetpack_sharing_enabled":true,"_links":{"self":[{"href":"https:\/\/whisky.ad\/ca\/wp-json\/wp\/v2\/product\/79073","targetHints":{"allow":["GET"]}}],"collection":[{"href":"https:\/\/whisky.ad\/ca\/wp-json\/wp\/v2\/product"}],"about":[{"href":"https:\/\/whisky.ad\/ca\/wp-json\/wp\/v2\/types\/product"}],"replies":[{"embeddable":true,"href":"https:\/\/whisky.ad\/ca\/wp-json\/wp\/v2\/comments?post=79073"}],"wp:featuredmedia":[{"embeddable":true,"href":"https:\/\/whisky.ad\/ca\/wp-json\/wp\/v2\/media\/76905"}],"wp:attachment":[{"href":"https:\/\/whisky.ad\/ca\/wp-json\/wp\/v2\/media?parent=79073"}],"wp:term":[{"taxonomy":"product_brand","embeddable":true,"href":"https:\/\/whisky.ad\/ca\/wp-json\/wp\/v2\/product_brand?post=79073"},{"taxonomy":"product_cat","embeddable":true,"href":"https:\/\/whisky.ad\/ca\/wp-json\/wp\/v2\/product_cat?post=79073"},{"taxonomy":"product_tag","embeddable":true,"href":"https:\/\/whisky.ad\/ca\/wp-json\/wp\/v2\/product_tag?post=79073"}],"curies":[{"name":"wp","href":"https:\/\/api.w.org\/{rel}","templated":true}]}}