{"id":79070,"date":"2023-07-25T12:40:55","date_gmt":"2023-07-25T11:40:55","guid":{"rendered":"https:\/\/whisky.ad\/product\/san-in-bourbon-barrel-japanese-whisky-43-0-7l\/"},"modified":"2023-07-25T12:40:55","modified_gmt":"2023-07-25T11:40:55","slug":"san-in-bourbon-barrel-japanese-whisky-43-0-7l","status":"publish","type":"product","link":"https:\/\/whisky.ad\/ca\/producte\/san-in-bourbon-barrel-japanese-whisky-43-0-7l\/","title":{"rendered":"SAN-IN BOURBON BARREL JAPANESE WHISKY 43% 0.7L"},"content":{"rendered":"","protected":false},"excerpt":{"rendered":"<div class=\"flex flex-grow flex-col gap-3\">\n<div class=\"min-h-[20px] flex items-start overflow-x-auto whitespace-pre-wrap break-words flex-col gap-4\">\n<div class=\"markdown prose w-full break-words dark:prose-invert light\">\n<p>La destil\u00b7leria Kurayoshi, situada a la ciutat del seu hom\u00f2nim a la prefectura de Tottori, elabora licors japonesos des de 1910. Aquesta microdestil\u00b7leria ha deixat una marca en la ind\u00fastria produint una gran varietat de begudes exquisides, com ara sake, shochu i brandy, combinant t\u00e8cniques tradicionals amb enfocaments innovadors. Beneficiant-se de la seva proximitat al mont Daisen, la destil\u00b7leria t\u00e9 el privilegi d&#8217;aprovisionar-se d&#8217;aigua dol\u00e7a de les abundants nevades d&#8217;aquesta majestuosa muntanya. Aquesta aigua pura afegeix un element distintiu a les seves creacions, contribuint a la qualitat excepcional dels seus espirituosos. Els whiskies que emanen de la destil\u00b7leria Kurayoshi han obtingut un gran reconeixement en competicions internacionals, impressionant els jurats exigents i acumulant nombrosos premis, especialment en tasts a cegues coneguts pels seus minuciosos est\u00e0ndards. Tanmateix, a causa del seu comprom\u00eds amb la producci\u00f3 artesanal, la producci\u00f3 de la destil\u00b7leria segueix sent limitada, donant lloc a estocs preciosos i rars. <\/p>\n<div class=\"flex flex-grow flex-col gap-3\">\n<div class=\"min-h-[20px] flex items-start overflow-x-auto whitespace-pre-wrap break-words flex-col gap-4\">\n<div class=\"markdown prose w-full break-words dark:prose-invert light\">\n<p>El San-In, la distingida gamma de whisky de barreja de la destil\u00b7leria Kurayoshi, inclou dues expressions excepcionals. Envellit en b\u00f3tes ex-bourbon, The San-In despr\u00e8n una frescor notable i un car\u00e0cter afruitat delici\u00f3s. El seu perfil arom\u00e0tic \u00e9s abundant, oferint una gran quantitat d&#8217;olors atractius. L&#8217;elevada temperatura anual de la regi\u00f3 t\u00e9 un paper important en el proc\u00e9s d&#8217;envelliment del whisky, contribuint a la seva riquesa i complexitat. A m\u00e9s, l&#8217;acc\u00e9s de la destil\u00b7leria a l&#8217;aigua subterr\u00e0nia pura de la pr\u00edstina muntanya de Daisen imparteix un sabor suau i suau a aquest whisky lleuger i vigoritzant, el que el converteix en una experi\u00e8ncia realment deliciosa i refrescant per als paladars m\u00e9s exigents.  <\/p>\n<div class=\"flex flex-grow flex-col gap-3\">\n<div class=\"min-h-[20px] flex items-start overflow-x-auto whitespace-pre-wrap break-words flex-col gap-4\">\n<div class=\"markdown prose w-full break-words dark:prose-invert light\">\n<p>Notes de tast:<\/p>\n<ul>\n<li>Aspecte: una tonalitat c\u00e0lida i acollidora que recorda la canyella saluda l&#8217;ull.<\/li>\n<li>Nas: al nas, delicioses aromes de vainilla i xarop d&#8217;aur\u00f3 creen un bouquet atractiu.<\/li>\n<li>Boca: El paladar est\u00e0 tractat amb una harmoniosa barreja de ratlladura de taronja, llimona i vainilla, que ofereix una experi\u00e8ncia suau i suau amb delicades notes de galetes.<\/li>\n<li>Final: El final es caracteritza per una suau ess\u00e8ncia de vainilla i les agradables notes afruitades de pera, deixant una impressi\u00f3 satisfact\u00f2ria i persistent.<\/li>\n<\/ul>\n<\/div>\n<\/div>\n<\/div>\n<\/div>\n<\/div>\n<\/div>\n<\/div>\n<\/div>\n<\/div>\n","protected":false},"featured_media":76902,"comment_status":"open","ping_status":"closed","template":"","meta":{"_acf_changed":false},"product_brand":[],"product_cat":[509,360,478],"product_tag":[],"class_list":{"0":"post-79070","1":"product","2":"type-product","3":"status-publish","4":"has-post-thumbnail","6":"product_cat-japan-ca","7":"product_cat-whisky-per-marca-ca","8":"product_cat-san-in-ca-2","10":"first","11":"instock","12":"taxable","13":"shipping-taxable","14":"purchasable","15":"product-type-simple"},"acf":[],"aioseo_notices":[],"jetpack_sharing_enabled":true,"_links":{"self":[{"href":"https:\/\/whisky.ad\/ca\/wp-json\/wp\/v2\/product\/79070","targetHints":{"allow":["GET"]}}],"collection":[{"href":"https:\/\/whisky.ad\/ca\/wp-json\/wp\/v2\/product"}],"about":[{"href":"https:\/\/whisky.ad\/ca\/wp-json\/wp\/v2\/types\/product"}],"replies":[{"embeddable":true,"href":"https:\/\/whisky.ad\/ca\/wp-json\/wp\/v2\/comments?post=79070"}],"wp:featuredmedia":[{"embeddable":true,"href":"https:\/\/whisky.ad\/ca\/wp-json\/wp\/v2\/media\/76902"}],"wp:attachment":[{"href":"https:\/\/whisky.ad\/ca\/wp-json\/wp\/v2\/media?parent=79070"}],"wp:term":[{"taxonomy":"product_brand","embeddable":true,"href":"https:\/\/whisky.ad\/ca\/wp-json\/wp\/v2\/product_brand?post=79070"},{"taxonomy":"product_cat","embeddable":true,"href":"https:\/\/whisky.ad\/ca\/wp-json\/wp\/v2\/product_cat?post=79070"},{"taxonomy":"product_tag","embeddable":true,"href":"https:\/\/whisky.ad\/ca\/wp-json\/wp\/v2\/product_tag?post=79070"}],"curies":[{"name":"wp","href":"https:\/\/api.w.org\/{rel}","templated":true}]}}