{"id":79059,"date":"2018-11-13T17:52:29","date_gmt":"2018-11-13T16:52:29","guid":{"rendered":"https:\/\/whisky.ad\/product\/salmiakki-nordic-liquorice-liqueur-500ml-32-vol\/"},"modified":"2018-11-13T17:52:29","modified_gmt":"2018-11-13T16:52:29","slug":"salmiakki-nordic-liquorice-liqueur-500ml-32-vol","status":"publish","type":"product","link":"https:\/\/whisky.ad\/ca\/producte\/salmiakki-nordic-liquorice-liqueur-500ml-32-vol\/","title":{"rendered":"Salmiakki Nordic Liquorice Liqueur (500ml 32% vol.)"},"content":{"rendered":"","protected":false},"excerpt":{"rendered":"<p>Aquest exquisit licor de regal\u00e8ssia n\u00f2rdica \u00e9s la combinaci\u00f3 de sabors dol\u00e7os i amarg-salats, la regal\u00e8ssia i l&#8217;an\u00eds es poden detectar al gust. El licor s&#8217;ha elaborat amb aigua de processament tecnol\u00f2gic, aiguardent de gran qualitat, sucre, caramel de sucre, salmiakki i aroma de regal\u00e8ssia. <\/p>\n","protected":false},"featured_media":75744,"comment_status":"open","ping_status":"closed","template":"","meta":{"_acf_changed":false},"product_brand":[],"product_cat":[423,349],"product_tag":[537],"class_list":{"0":"post-79059","1":"product","2":"type-product","3":"status-publish","4":"has-post-thumbnail","6":"product_cat-licor","7":"product_cat-begudes-alcoholiques-ca","8":"product_tag-liquorice-ca","10":"first","11":"instock","12":"taxable","13":"shipping-taxable","14":"purchasable","15":"product-type-simple"},"acf":[],"aioseo_notices":[],"jetpack_sharing_enabled":true,"_links":{"self":[{"href":"https:\/\/whisky.ad\/ca\/wp-json\/wp\/v2\/product\/79059","targetHints":{"allow":["GET"]}}],"collection":[{"href":"https:\/\/whisky.ad\/ca\/wp-json\/wp\/v2\/product"}],"about":[{"href":"https:\/\/whisky.ad\/ca\/wp-json\/wp\/v2\/types\/product"}],"replies":[{"embeddable":true,"href":"https:\/\/whisky.ad\/ca\/wp-json\/wp\/v2\/comments?post=79059"}],"wp:featuredmedia":[{"embeddable":true,"href":"https:\/\/whisky.ad\/ca\/wp-json\/wp\/v2\/media\/75744"}],"wp:attachment":[{"href":"https:\/\/whisky.ad\/ca\/wp-json\/wp\/v2\/media?parent=79059"}],"wp:term":[{"taxonomy":"product_brand","embeddable":true,"href":"https:\/\/whisky.ad\/ca\/wp-json\/wp\/v2\/product_brand?post=79059"},{"taxonomy":"product_cat","embeddable":true,"href":"https:\/\/whisky.ad\/ca\/wp-json\/wp\/v2\/product_cat?post=79059"},{"taxonomy":"product_tag","embeddable":true,"href":"https:\/\/whisky.ad\/ca\/wp-json\/wp\/v2\/product_tag?post=79059"}],"curies":[{"name":"wp","href":"https:\/\/api.w.org\/{rel}","templated":true}]}}