{"id":79052,"date":"2020-01-12T11:03:29","date_gmt":"2020-01-12T10:03:29","guid":{"rendered":"https:\/\/whisky.ad\/product\/ruffino-riserva-ducale-chianti-classico-riserva-docg\/"},"modified":"2024-01-12T15:28:38","modified_gmt":"2024-01-12T14:28:38","slug":"ruffino-riserva-ducale-chianti-classico-riserva-docg","status":"publish","type":"product","link":"https:\/\/whisky.ad\/ca\/producte\/ruffino-riserva-ducale-chianti-classico-riserva-docg\/","title":{"rendered":"Ruffino Riserva Ducale Chianti Classico Riserva DOCG"},"content":{"rendered":"<p class=\"rating-heading\">92Points: The Tasting Panel, September 2017<\/p>\n<h5>-Ra\u00efm: 80% Sangiovese, Cabernet Sauvignon i Merlot -Color: vermell rob\u00ed profund. -Olor: Aquest vi complex es caracteritza per notes de cirera i violeta amb delicades notes de tabac, pebre blanc i un toc de s\u00edlex. -Perfil de tast: Riserva Ducale Chianti Classico Riserva est\u00e0 ben equilibrat al paladar, amb tanins vellutats, acidesa ferma i un final de roman\u00ed persistent. La seva estructura li permetr\u00e0 envellir entre dos i cinc anys, si no m\u00e9s. -Maridatge: Gaudeix d&#8217;aquesta joia toscana atemporal amb els favorits italians com ara prosciutto i altres antipasti, risotto de bolets, pasta bolonyesa i pollastre cacciatore. O amaniu-lo amb carns senzilles a la brasa i verdures rostides per a un plat cl\u00e0ssic de la Toscana.<\/p>\n<\/h5>\n","protected":false},"excerpt":{"rendered":"<p class=\"rating-heading\">92Points: The Tasting Panel, September 2017<\/p>\n<h5>-Ra\u00efm: 80% Sangiovese, Cabernet Sauvignon i Merlot -Color: vermell rob\u00ed profund. -Olor: Aquest vi complex es caracteritza per notes de cirera i violeta amb delicades notes de tabac, pebre blanc i un toc de s\u00edlex. -Perfil de tast: Riserva Ducale Chianti Classico Riserva est\u00e0 ben equilibrat al paladar, amb tanins vellutats, acidesa ferma i un final de roman\u00ed persistent. La seva estructura li permetr\u00e0 envellir entre dos i cinc anys, si no m\u00e9s. -Maridatge: Gaudeix d&#8217;aquesta joia toscana atemporal amb els favorits italians com ara prosciutto i altres antipasti, risotto de bolets, pasta bolonyesa i pollastre cacciatore. O amaniu-lo amb carns senzilles a la brasa i verdures rostides per a un plat cl\u00e0ssic de la Toscana.<\/p>\n<\/h5>\n","protected":false},"featured_media":75804,"comment_status":"open","ping_status":"closed","template":"","meta":{"_acf_changed":false},"product_brand":[],"product_cat":[534,391],"product_tag":[],"class_list":{"0":"post-79052","1":"product","2":"type-product","3":"status-publish","4":"has-post-thumbnail","6":"product_cat-tuscany-ca","7":"product_cat-vins-ca","9":"first","10":"outofstock","11":"taxable","12":"shipping-taxable","13":"purchasable","14":"product-type-simple"},"acf":[],"aioseo_notices":[],"jetpack_sharing_enabled":true,"_links":{"self":[{"href":"https:\/\/whisky.ad\/ca\/wp-json\/wp\/v2\/product\/79052","targetHints":{"allow":["GET"]}}],"collection":[{"href":"https:\/\/whisky.ad\/ca\/wp-json\/wp\/v2\/product"}],"about":[{"href":"https:\/\/whisky.ad\/ca\/wp-json\/wp\/v2\/types\/product"}],"replies":[{"embeddable":true,"href":"https:\/\/whisky.ad\/ca\/wp-json\/wp\/v2\/comments?post=79052"}],"wp:featuredmedia":[{"embeddable":true,"href":"https:\/\/whisky.ad\/ca\/wp-json\/wp\/v2\/media\/75804"}],"wp:attachment":[{"href":"https:\/\/whisky.ad\/ca\/wp-json\/wp\/v2\/media?parent=79052"}],"wp:term":[{"taxonomy":"product_brand","embeddable":true,"href":"https:\/\/whisky.ad\/ca\/wp-json\/wp\/v2\/product_brand?post=79052"},{"taxonomy":"product_cat","embeddable":true,"href":"https:\/\/whisky.ad\/ca\/wp-json\/wp\/v2\/product_cat?post=79052"},{"taxonomy":"product_tag","embeddable":true,"href":"https:\/\/whisky.ad\/ca\/wp-json\/wp\/v2\/product_tag?post=79052"}],"curies":[{"name":"wp","href":"https:\/\/api.w.org\/{rel}","templated":true}]}}