{"id":79048,"date":"2020-01-11T19:49:31","date_gmt":"2020-01-11T18:49:31","guid":{"rendered":"https:\/\/whisky.ad\/product\/ruffino-modus-toscana-igt-2016\/"},"modified":"2024-01-12T12:44:37","modified_gmt":"2024-01-12T11:44:37","slug":"ruffino-modus-toscana-igt-2016","status":"publish","type":"product","link":"https:\/\/whisky.ad\/ca\/producte\/ruffino-modus-toscana-igt-2016\/","title":{"rendered":"Ruffino Modus Toscana IGT 2016"},"content":{"rendered":"<div class=\"image-caption\">\n<h5 class=\"rating-heading\">93 Points: James Suckling, August 2017<\/h5>\n<\/div>\n<h5>-Ra\u00efm: 34% Sangiovese, 33% Cabernet S, 33% Merlot -Color: vermell rub\u00ed. -Aroma: al nas intensa i intrigant, aromes inicials de fruites vermelles i negres madures, com cireres, prunes i petites baies negres, t\u00edpiques de Sangiovese, es complementen amb notes d\u2019esp\u00e8cies, tabac dol\u00e7 i notes bals\u00e0miques refinades. -Perfil degustador: amb cos modern i d\u2019estil s\u00faper tosc\u00e0 modern, aquest vi \u00e9s ric amb tanins sedosos i sabors de fruita de mora madura i cacau. Sabors vibrants de fruita fresca del Sangiovese, el Cabernet Sauvignon i el Merlot es teixen juntament amb la seva finor, aportant un car\u00e0cter distintiu propi. Maridatges alimentaris: el Modus \u00e9s meravell\u00f3s per si sol, o serveix-los amb plats agosarats com l\u2019\u00e0nec amb olives i pancetta, manicotis farcits de vedella amb salsa bolonyesa i formatges envellits com taleggio, pecorino i gouda.    <\/h5>\n","protected":false},"excerpt":{"rendered":"<div class=\"image-caption\">\n<h5 class=\"rating-heading\">93 Points: James Suckling, August 2017<\/h5>\n<\/div>\n<h5>-Ra\u00efms: 34% Sangiovese, 33% Cabernet S, 33% Merlot -Color: vermell rob\u00ed. -Olor: al nas intens i intrigant, les aromes inicials de fruites vermelles i negres madures, com cireres, prunes i petites baies negres, t\u00edpics del Sangiovese, es complementen amb notes d&#8217;esp\u00e8cies, tabac dol\u00e7 i notes bals\u00e0miques refinades. -Perfil degustador: amb un cos modern i un estil tosc\u00e0 s\u00faper modern, aquest vi \u00e9s ric en tanins sedosos i aromes de fruita de mora madura i cacau. Els sabors vibrants de fruita fresca de Sangiovese, Cabernet Sauvignon i Merlot es teixeixen juntament amb la seva delicadesa, aportant un car\u00e0cter distintiu propi. Maridatge: els Modus s\u00f3n meravellosos per si sols, o els serveixen amb plats atrevits com \u00e0nec amb olives i pancetta, manicotti farcits de salsa bolonyesa de vedella i formatges curats com taleggio, pecorino i gouda.    <\/h5>\n","protected":false},"featured_media":75792,"comment_status":"open","ping_status":"closed","template":"","meta":{"_acf_changed":false},"product_brand":[],"product_cat":[534,391],"product_tag":[],"class_list":{"0":"post-79048","1":"product","2":"type-product","3":"status-publish","4":"has-post-thumbnail","6":"product_cat-tuscany-ca","7":"product_cat-vins-ca","9":"first","10":"outofstock","11":"taxable","12":"shipping-taxable","13":"purchasable","14":"product-type-simple"},"acf":[],"aioseo_notices":[],"jetpack_sharing_enabled":true,"_links":{"self":[{"href":"https:\/\/whisky.ad\/ca\/wp-json\/wp\/v2\/product\/79048","targetHints":{"allow":["GET"]}}],"collection":[{"href":"https:\/\/whisky.ad\/ca\/wp-json\/wp\/v2\/product"}],"about":[{"href":"https:\/\/whisky.ad\/ca\/wp-json\/wp\/v2\/types\/product"}],"replies":[{"embeddable":true,"href":"https:\/\/whisky.ad\/ca\/wp-json\/wp\/v2\/comments?post=79048"}],"wp:featuredmedia":[{"embeddable":true,"href":"https:\/\/whisky.ad\/ca\/wp-json\/wp\/v2\/media\/75792"}],"wp:attachment":[{"href":"https:\/\/whisky.ad\/ca\/wp-json\/wp\/v2\/media?parent=79048"}],"wp:term":[{"taxonomy":"product_brand","embeddable":true,"href":"https:\/\/whisky.ad\/ca\/wp-json\/wp\/v2\/product_brand?post=79048"},{"taxonomy":"product_cat","embeddable":true,"href":"https:\/\/whisky.ad\/ca\/wp-json\/wp\/v2\/product_cat?post=79048"},{"taxonomy":"product_tag","embeddable":true,"href":"https:\/\/whisky.ad\/ca\/wp-json\/wp\/v2\/product_tag?post=79048"}],"curies":[{"name":"wp","href":"https:\/\/api.w.org\/{rel}","templated":true}]}}