{"id":79039,"date":"2020-01-12T11:13:38","date_gmt":"2020-01-12T10:13:38","guid":{"rendered":"https:\/\/whisky.ad\/product\/ruffino-fiasco-chianti-superiore-docg\/"},"modified":"2024-01-12T12:23:40","modified_gmt":"2024-01-12T11:23:40","slug":"ruffino-fiasco-chianti-superiore-docg","status":"publish","type":"product","link":"https:\/\/whisky.ad\/ca\/producte\/ruffino-fiasco-chianti-superiore-docg\/","title":{"rendered":"Ruffino Fiasco Chianti Superiore DOCG"},"content":{"rendered":"<div class=\"wpb_column vc_column_container vc_col-sm-6\">\n<div class=\"vc_column-inner \">\n<div class=\"wpb_wrapper\">\n<div class=\"wpb_text_column wpb_content_element \">\n<div class=\"wpb_wrapper\">\n<div class=\"top\">\n<div class=\"heading-box\">\n<h5><\/h5>\n<\/div>\n<\/div>\n<\/div>\n<\/div>\n<\/div>\n<\/div>\n<\/div>\n<div class=\"wpb_column vc_column_container vc_col-sm-6\">\n<div class=\"vc_column-inner vc_custom_1573075010405\">\n<div class=\"wpb_wrapper\">\n<div class=\"wpb_single_image wpb_content_element vc_align_left vc_custom_1578823887832\"><\/div>\n<\/div>\n<\/div>\n<\/div>\n","protected":false},"excerpt":{"rendered":"<h5>-Raim: 70% Sangiovese, 30% Canaiolo, Colorino i altres varietats vermelles -Color: vermell rub\u00ed. -Aroma: el Ruffino Chianti DOCG es un vino f\u00e1cil y f\u00e1cil de consumir, que presenta predominio arom\u00e1tico frutal y floral, con notas de especias y avellanas. -Perfil de degustaci\u00f3n: En boca, Chianti DOCG es suau con un cos mitj\u00e0 i bon equilibri, que presenta unes caracter\u00edstiques afruitades agradables. -Aparells alimentaris: combina aquest Chianti DOCG amb una gran varietat de plats tradicionals italians com raviolis, pizza margherita i carpaccio de vedella. Ser\u00e1 sencillamente perfecto. Su brillantez y acidez tambi\u00e9n se convierten en un gran acompa\u00f1ante para platos internacionales como la cl\u00e1sica hamburguesa.     <\/h5>\n","protected":false},"featured_media":75807,"comment_status":"open","ping_status":"closed","template":"","meta":{"_acf_changed":false},"product_brand":[],"product_cat":[534,391],"product_tag":[],"class_list":{"0":"post-79039","1":"product","2":"type-product","3":"status-publish","4":"has-post-thumbnail","6":"product_cat-tuscany-ca","7":"product_cat-vins-ca","9":"first","10":"outofstock","11":"taxable","12":"shipping-taxable","13":"purchasable","14":"product-type-simple"},"acf":[],"aioseo_notices":[],"jetpack_sharing_enabled":true,"_links":{"self":[{"href":"https:\/\/whisky.ad\/ca\/wp-json\/wp\/v2\/product\/79039","targetHints":{"allow":["GET"]}}],"collection":[{"href":"https:\/\/whisky.ad\/ca\/wp-json\/wp\/v2\/product"}],"about":[{"href":"https:\/\/whisky.ad\/ca\/wp-json\/wp\/v2\/types\/product"}],"replies":[{"embeddable":true,"href":"https:\/\/whisky.ad\/ca\/wp-json\/wp\/v2\/comments?post=79039"}],"wp:featuredmedia":[{"embeddable":true,"href":"https:\/\/whisky.ad\/ca\/wp-json\/wp\/v2\/media\/75807"}],"wp:attachment":[{"href":"https:\/\/whisky.ad\/ca\/wp-json\/wp\/v2\/media?parent=79039"}],"wp:term":[{"taxonomy":"product_brand","embeddable":true,"href":"https:\/\/whisky.ad\/ca\/wp-json\/wp\/v2\/product_brand?post=79039"},{"taxonomy":"product_cat","embeddable":true,"href":"https:\/\/whisky.ad\/ca\/wp-json\/wp\/v2\/product_cat?post=79039"},{"taxonomy":"product_tag","embeddable":true,"href":"https:\/\/whisky.ad\/ca\/wp-json\/wp\/v2\/product_tag?post=79039"}],"curies":[{"name":"wp","href":"https:\/\/api.w.org\/{rel}","templated":true}]}}