{"id":79034,"date":"2020-01-12T11:21:25","date_gmt":"2020-01-12T10:21:25","guid":{"rendered":"https:\/\/whisky.ad\/product\/ruffino-chianti-docg\/"},"modified":"2024-01-12T12:13:51","modified_gmt":"2024-01-12T11:13:51","slug":"ruffino-chianti-docg","status":"publish","type":"product","link":"https:\/\/whisky.ad\/ca\/producte\/ruffino-chianti-docg\/","title":{"rendered":"Ruffino Chianti DOCG"},"content":{"rendered":"<p>-Raisin : 70% Sangiovese, 30% Canaiolo, Colorino i altres varietats vermelles -Color : vermell rub\u00ed. -Ar\u00f4me : le Ruffino Chianti DOCG est un vin facile \u00e0 boire et \u00e0 consommer, qui pr\u00e9sente des ar\u00f4mes fruit\u00e9s et floraux pr\u00e9dominants, avec des notes d&#8217;esp\u00e8ces et d&#8217;avellanes. -Profil de d\u00e9gustation : En boca, le Chianti DOCG est suau amb un cos mitj\u00e0 i bon equilibri, que presenta unes caracter\u00edstiques afruitades agradablement. -Pr\u00e9parations alimentaires : combinez ce Chianti DOCG avec une grande vari\u00e9t\u00e9 de plats traditionnels italiens comme les raviolis, la pizza margherita et le carpaccio de vedella. Le r\u00e9sultat sera parfait. Ce vin brillant et acide se transforme \u00e9galement en un excellent accompagnement pour les plats pr\u00e9f\u00e9r\u00e9s des consommateurs internationaux, comme le hamburger classique.<\/p>\n","protected":false},"excerpt":{"rendered":"<p>-Raim: 70% Sangiovese, 30% Canaiolo, Colorino i altres varietats vermelles -Color: vermell rub\u00ed. -Aroma: el Ruffino Chianti DOCG es un vino f\u00e1cil y f\u00e1cil de consumir, que presenta predominio arom\u00e1tico frutal y floral, con notas de especias y avellanas. -Perfil de degustaci\u00f3n: En boca, Chianti DOCG es suau con un cos mitj\u00e0 i bon equilibri, que presenta unes caracter\u00edstiques afruitades agradables. -Aparells alimentaris: combina aquest Chianti DOCG amb una gran varietat de plats tradicionals italians com raviolis, pizza margherita i carpaccio de vedella. Ser\u00e1 sencillamente perfecto. Su brillantez y acidez tambi\u00e9n se convierten en un gran acompa\u00f1ante para platos internacionales como la cl\u00e1sica hamburguesa.<\/p>\n","protected":false},"featured_media":75810,"comment_status":"open","ping_status":"closed","template":"","meta":{"_acf_changed":false},"product_brand":[],"product_cat":[534,391],"product_tag":[],"class_list":{"0":"post-79034","1":"product","2":"type-product","3":"status-publish","4":"has-post-thumbnail","6":"product_cat-tuscany-ca","7":"product_cat-vins-ca","9":"first","10":"instock","11":"taxable","12":"shipping-taxable","13":"purchasable","14":"product-type-simple"},"acf":[],"aioseo_notices":[],"jetpack_sharing_enabled":true,"_links":{"self":[{"href":"https:\/\/whisky.ad\/ca\/wp-json\/wp\/v2\/product\/79034","targetHints":{"allow":["GET"]}}],"collection":[{"href":"https:\/\/whisky.ad\/ca\/wp-json\/wp\/v2\/product"}],"about":[{"href":"https:\/\/whisky.ad\/ca\/wp-json\/wp\/v2\/types\/product"}],"replies":[{"embeddable":true,"href":"https:\/\/whisky.ad\/ca\/wp-json\/wp\/v2\/comments?post=79034"}],"wp:featuredmedia":[{"embeddable":true,"href":"https:\/\/whisky.ad\/ca\/wp-json\/wp\/v2\/media\/75810"}],"wp:attachment":[{"href":"https:\/\/whisky.ad\/ca\/wp-json\/wp\/v2\/media?parent=79034"}],"wp:term":[{"taxonomy":"product_brand","embeddable":true,"href":"https:\/\/whisky.ad\/ca\/wp-json\/wp\/v2\/product_brand?post=79034"},{"taxonomy":"product_cat","embeddable":true,"href":"https:\/\/whisky.ad\/ca\/wp-json\/wp\/v2\/product_cat?post=79034"},{"taxonomy":"product_tag","embeddable":true,"href":"https:\/\/whisky.ad\/ca\/wp-json\/wp\/v2\/product_tag?post=79034"}],"curies":[{"name":"wp","href":"https:\/\/api.w.org\/{rel}","templated":true}]}}