{"id":79031,"date":"2023-08-04T16:47:08","date_gmt":"2023-08-04T15:47:08","guid":{"rendered":"https:\/\/whisky.ad\/product\/ron-esclavo-xo-cask-0-5l-65\/"},"modified":"2024-01-06T19:04:10","modified_gmt":"2024-01-06T18:04:10","slug":"ron-esclavo-xo-cask-0-5l-65","status":"publish","type":"product","link":"https:\/\/whisky.ad\/ca\/producte\/ron-esclavo-xo-cask-0-5l-65\/","title":{"rendered":"Ron Esclavo XO Cask Dominican Rum 0.5l 65%"},"content":{"rendered":"","protected":false},"excerpt":{"rendered":"<p>Ron Esclavo \u00e9s un homenatge als esclaus que van pagar un preu alt en la hist\u00f2ria de la canya de sucre i el rom. La s\u00e8rie consta de quatre delicats roms premium de la Rep\u00fablica Dominicana, tots envellits tropicalment. Cada edici\u00f3 est\u00e0 elaborada amb passi\u00f3, utilitzant canyes de sucre tallades a m\u00e0 i b\u00f3tes de roure americ\u00e0 i franc\u00e8s.  <\/p>\n<p>&nbsp;<\/p>\n<p>Ron Esclavo XO Cask \u00e9s un rom premium elaborat amb melassa de canya de sucre que madura al clima tropical de la Rep\u00fablica Dominicana. Durant un per\u00edode de dotze a quinze anys, aquest rom envelleix en b\u00f3tes de roure americ\u00e0 i franc\u00e8s. <\/p>\n<p>&nbsp;<\/p>\n<h3>Notes de tast<\/h3>\n<p><strong>Nas:<\/strong> una nota agredol\u00e7a combinada amb tocs de coco i cera d&#8217;abella. <strong>Boca:<\/strong> amb cos amb una textura greixosa. Panses de rom combinades amb xocolata negra. Afegeix un final amarg contrastant.<\/p>\n<p>&nbsp;<\/p>\n<p>&nbsp;<\/p>\n<p>&nbsp;<\/p>\n<p>&nbsp;<\/p>\n","protected":false},"featured_media":77070,"comment_status":"open","ping_status":"closed","template":"","meta":{"_acf_changed":false},"product_brand":[],"product_cat":[402,370],"product_tag":[],"class_list":{"0":"post-79031","1":"product","2":"type-product","3":"status-publish","4":"has-post-thumbnail","6":"product_cat-republica-dominicana-ca","7":"product_cat-ron-ca","9":"first","10":"instock","11":"taxable","12":"shipping-taxable","13":"purchasable","14":"product-type-simple"},"acf":[],"aioseo_notices":[],"jetpack_sharing_enabled":true,"_links":{"self":[{"href":"https:\/\/whisky.ad\/ca\/wp-json\/wp\/v2\/product\/79031","targetHints":{"allow":["GET"]}}],"collection":[{"href":"https:\/\/whisky.ad\/ca\/wp-json\/wp\/v2\/product"}],"about":[{"href":"https:\/\/whisky.ad\/ca\/wp-json\/wp\/v2\/types\/product"}],"replies":[{"embeddable":true,"href":"https:\/\/whisky.ad\/ca\/wp-json\/wp\/v2\/comments?post=79031"}],"wp:featuredmedia":[{"embeddable":true,"href":"https:\/\/whisky.ad\/ca\/wp-json\/wp\/v2\/media\/77070"}],"wp:attachment":[{"href":"https:\/\/whisky.ad\/ca\/wp-json\/wp\/v2\/media?parent=79031"}],"wp:term":[{"taxonomy":"product_brand","embeddable":true,"href":"https:\/\/whisky.ad\/ca\/wp-json\/wp\/v2\/product_brand?post=79031"},{"taxonomy":"product_cat","embeddable":true,"href":"https:\/\/whisky.ad\/ca\/wp-json\/wp\/v2\/product_cat?post=79031"},{"taxonomy":"product_tag","embeddable":true,"href":"https:\/\/whisky.ad\/ca\/wp-json\/wp\/v2\/product_tag?post=79031"}],"curies":[{"name":"wp","href":"https:\/\/api.w.org\/{rel}","templated":true}]}}