{"id":79028,"date":"2023-08-04T15:02:21","date_gmt":"2023-08-04T14:02:21","guid":{"rendered":"https:\/\/whisky.ad\/product\/ron-esclavo-gran-reserva-overproof-0-5l-57-5\/"},"modified":"2024-01-08T12:12:36","modified_gmt":"2024-01-08T11:12:36","slug":"ron-esclavo-gran-reserva-overproof-0-5l-57-5","status":"publish","type":"product","link":"https:\/\/whisky.ad\/ca\/producte\/ron-esclavo-gran-reserva-overproof-0-5l-57-5\/","title":{"rendered":"Ron Esclavo Gran Reserva Overproof Dominican Rum 0.5l 57.5%"},"content":{"rendered":"","protected":false},"excerpt":{"rendered":"<p>Ron Esclavo \u00e9s un homenatge als esclaus que van pagar un preu alt en la hist\u00f2ria de la canya de sucre i el rom. La s\u00e8rie consta de quatre delicats roms premium de la Rep\u00fablica Dominicana, tots envellits tropicalment. Cada edici\u00f3 est\u00e0 elaborada amb passi\u00f3, utilitzant canyes de sucre tallades a m\u00e0 i b\u00f3tes de roure americ\u00e0 i franc\u00e8s.  <\/p>\n<p>Ron Esclavo Gran Reserva Overproof \u00e9s un rom premium elaborat amb suc de canya de sucre fresc que madura al clima tropical de la Rep\u00fablica Dominicana. Durant un per\u00edode de tres a cinc anys, aquest rom envelleix en b\u00f3tes de roure americ\u00e0 i franc\u00e8s. <\/p>\n<p>&nbsp;<\/p>\n<h3><strong>Notes de tast<\/strong><\/h3>\n<p><strong>Nas:<\/strong> Intenses aromes de vainilla i fusta que es desenvolupen en delicioses notes de mango recobert de xocolata i grans de caf\u00e8 torrat. <strong>Boca:<\/strong> Lleuger i dol\u00e7 amb notes de xocolata amb llet, pacanes i xarop d&#8217;aur\u00f3, acabant amb una fina amargor.<\/p>\n","protected":false},"featured_media":77064,"comment_status":"open","ping_status":"closed","template":"","meta":{"_acf_changed":false},"product_brand":[],"product_cat":[402,370],"product_tag":[],"class_list":{"0":"post-79028","1":"product","2":"type-product","3":"status-publish","4":"has-post-thumbnail","6":"product_cat-republica-dominicana-ca","7":"product_cat-ron-ca","9":"first","10":"instock","11":"taxable","12":"shipping-taxable","13":"purchasable","14":"product-type-simple"},"acf":[],"aioseo_notices":[],"jetpack_sharing_enabled":true,"_links":{"self":[{"href":"https:\/\/whisky.ad\/ca\/wp-json\/wp\/v2\/product\/79028","targetHints":{"allow":["GET"]}}],"collection":[{"href":"https:\/\/whisky.ad\/ca\/wp-json\/wp\/v2\/product"}],"about":[{"href":"https:\/\/whisky.ad\/ca\/wp-json\/wp\/v2\/types\/product"}],"replies":[{"embeddable":true,"href":"https:\/\/whisky.ad\/ca\/wp-json\/wp\/v2\/comments?post=79028"}],"wp:featuredmedia":[{"embeddable":true,"href":"https:\/\/whisky.ad\/ca\/wp-json\/wp\/v2\/media\/77064"}],"wp:attachment":[{"href":"https:\/\/whisky.ad\/ca\/wp-json\/wp\/v2\/media?parent=79028"}],"wp:term":[{"taxonomy":"product_brand","embeddable":true,"href":"https:\/\/whisky.ad\/ca\/wp-json\/wp\/v2\/product_brand?post=79028"},{"taxonomy":"product_cat","embeddable":true,"href":"https:\/\/whisky.ad\/ca\/wp-json\/wp\/v2\/product_cat?post=79028"},{"taxonomy":"product_tag","embeddable":true,"href":"https:\/\/whisky.ad\/ca\/wp-json\/wp\/v2\/product_tag?post=79028"}],"curies":[{"name":"wp","href":"https:\/\/api.w.org\/{rel}","templated":true}]}}