{"id":79025,"date":"2023-08-03T11:06:57","date_gmt":"2023-08-03T10:06:57","guid":{"rendered":"https:\/\/whisky.ad\/product\/ron-esclavo-gran-reserva-0-7l-40\/"},"modified":"2024-01-08T12:14:06","modified_gmt":"2024-01-08T11:14:06","slug":"ron-esclavo-gran-reserva-0-7l-40","status":"publish","type":"product","link":"https:\/\/whisky.ad\/ca\/producte\/ron-esclavo-gran-reserva-0-7l-40\/","title":{"rendered":"Ron Esclavo Gran Reserva Dominican Rum 0.7l 40%"},"content":{"rendered":"","protected":false},"excerpt":{"rendered":"<p>Gran Reserva &#8211; Ron Esclavo, una exquisida gamma de roms premium procedents de la Rep\u00fablica Dominicana, elaborats meticulosament a partir de cultius d&#8217;origen local per artesans especialitzats. Tot el proc\u00e9s de producci\u00f3, des de la fermentaci\u00f3 fins a la destil\u00b7laci\u00f3, t\u00e9 lloc a la mateixa illa preciosa. Alcoholes Fins Dominicanos, el major productor d&#8217;alcohol de la Rep\u00fablica Dominicana, supervisa amb orgull la creaci\u00f3 d&#8217;aquests roms excepcionals, assegurant que nom\u00e9s les millors canyes de sucre de la regi\u00f3 es trobin a la barreja. El seu comprom\u00eds amb la comunitat ofereix oportunitats laborals a centenars de locals, refor\u00e7ant el seu paper important a la regi\u00f3. El nom &#8220;Esclavo&#8221;, que significa &#8220;esclau&#8221; en castell\u00e0, ret homenatge al context hist\u00f2ric de la producci\u00f3 de rom, en honor a aquells que van patir immenses pen\u00faries, que ens van permetre assaborir la magnific\u00e8ncia d&#8217;aquest esperit extraordinari avui. En recon\u00e8ixer aquest passat fosc, aprofundim el nostre agra\u00efment pel progr\u00e9s i els aven\u00e7os dins de la ind\u00fastria del rom. En nas, Gran Reserva delecta amb exuberants notes d&#8217;albercoc complementades amb una subtil picor que transici\u00f3 amb gr\u00e0cia a aromes atractius de sucre moreno, xocolata amb llet i xarop d&#8217;aur\u00f3. En boca ofereix una dol\u00e7or deliciosa amb suaus notes de vainilla fresca. La seva naturalesa de cos lleuger revela delicats matisos de caf\u00e8 i xocolata negra, afegint capes de profunditat i complexitat a aquest rom notable. <\/p>\n","protected":false},"featured_media":76983,"comment_status":"open","ping_status":"closed","template":"","meta":{"_acf_changed":false},"product_brand":[],"product_cat":[402,370],"product_tag":[],"class_list":{"0":"post-79025","1":"product","2":"type-product","3":"status-publish","4":"has-post-thumbnail","6":"product_cat-republica-dominicana-ca","7":"product_cat-ron-ca","9":"first","10":"instock","11":"taxable","12":"shipping-taxable","13":"purchasable","14":"product-type-simple"},"acf":[],"aioseo_notices":[],"jetpack_sharing_enabled":true,"_links":{"self":[{"href":"https:\/\/whisky.ad\/ca\/wp-json\/wp\/v2\/product\/79025","targetHints":{"allow":["GET"]}}],"collection":[{"href":"https:\/\/whisky.ad\/ca\/wp-json\/wp\/v2\/product"}],"about":[{"href":"https:\/\/whisky.ad\/ca\/wp-json\/wp\/v2\/types\/product"}],"replies":[{"embeddable":true,"href":"https:\/\/whisky.ad\/ca\/wp-json\/wp\/v2\/comments?post=79025"}],"wp:featuredmedia":[{"embeddable":true,"href":"https:\/\/whisky.ad\/ca\/wp-json\/wp\/v2\/media\/76983"}],"wp:attachment":[{"href":"https:\/\/whisky.ad\/ca\/wp-json\/wp\/v2\/media?parent=79025"}],"wp:term":[{"taxonomy":"product_brand","embeddable":true,"href":"https:\/\/whisky.ad\/ca\/wp-json\/wp\/v2\/product_brand?post=79025"},{"taxonomy":"product_cat","embeddable":true,"href":"https:\/\/whisky.ad\/ca\/wp-json\/wp\/v2\/product_cat?post=79025"},{"taxonomy":"product_tag","embeddable":true,"href":"https:\/\/whisky.ad\/ca\/wp-json\/wp\/v2\/product_tag?post=79025"}],"curies":[{"name":"wp","href":"https:\/\/api.w.org\/{rel}","templated":true}]}}