{"id":79017,"date":"2023-08-05T11:28:57","date_gmt":"2023-08-05T10:28:57","guid":{"rendered":"https:\/\/whisky.ad\/product\/ron-cristobal-nina-12yo-0-7l-40\/"},"modified":"2024-01-06T18:17:42","modified_gmt":"2024-01-06T17:17:42","slug":"ron-cristobal-nina-12yo-0-7l-40","status":"publish","type":"product","link":"https:\/\/whisky.ad\/ca\/producte\/ron-cristobal-nina-12yo-0-7l-40\/","title":{"rendered":"Ron Cristobal Ni\u00f1a 12Yo Dominican Rum 0.7l 40%"},"content":{"rendered":"","protected":false},"excerpt":{"rendered":"<div class=\"flex flex-grow flex-col gap-3\">\n<div class=\"min-h-[20px] flex flex-col items-start gap-3 overflow-x-auto whitespace-pre-wrap break-words\">\n<div class=\"markdown prose w-full break-words dark:prose-invert light\">\n<p>Ron Crist\u00f3bal Ni\u00f1a \u00e9s un rom premium excepcional que prov\u00e9 de la Rep\u00fablica Dominicana, on s&#8217;elabora meticulosament amb la m\u00e0xima cura i dedicaci\u00f3. El nom del vaixell ins\u00edgnia de Crist\u00f2for Colom &#8220;La Ni\u00f1a&#8221;, aquest rom ret homenatge a l&#8217;esperit d&#8217;exploraci\u00f3 i descoberta. Nota de tast: El Ron Crist\u00f3bal Ni\u00f1a saluda els sentits amb un aroma ric i acollidor de fruites tropicals, incloent pl\u00e0tans madurs i pinyes sucoses, amb tocs de vainilla i roure torrat. El glop inicial revela una textura suau i vellutata que cobreix el paladar, oferint una fusi\u00f3 de sabors ben equilibrada. Espereu una interacci\u00f3 deliciosa de caramel, toffee i sucre moreno, complementat amb la calidesa d&#8217;esp\u00e8cies ex\u00f2tiques com la canyella i la nou moscada. A mesura que el viatge continua, la complexitat del rom es desplega amb un toc de mel i una subtil nota de tabac. El final \u00e9s llarg i satisfactori, deixant un postgust persistent i elegant, dol\u00e7 i picant. Ron Crist\u00f3bal Ni\u00f1a \u00e9s un ep\u00edtom de l&#8217;artesania, produ\u00eft amb la millor canya de sucre i envellit en b\u00f3tes de roure per assolir tot el seu potencial. Aconsegueix un equilibri perfecte entre dol\u00e7or i profunditat, el que el fa ideal per beure net o sobre uns quants gla\u00e7ons, cosa que us permet apreciar plenament les complexitats del seu perfil de sabor. Amb el seu gust captivador i el seu nom evocador, Ron Crist\u00f3bal Ni\u00f1a captura l&#8217;esperit d&#8217;exploraci\u00f3 i celebraci\u00f3, convidant-te a embarcar-te en el teu propi viatge de descoberta amb cada glop. Tant si sou un entusiasta experimentat del rom com si sou un aspirant a coneixedor, aquest rom dominic\u00e0 de primera qualitat segur que deixar\u00e0 una impressi\u00f3 duradora d&#8217;indulg\u00e8ncia i d&#8217;apreciaci\u00f3 per l&#8217;art de fer rom. <\/p>\n<\/div>\n<\/div>\n<\/div>\n","protected":false},"featured_media":77040,"comment_status":"open","ping_status":"closed","template":"","meta":{"_acf_changed":false},"product_brand":[],"product_cat":[402,370],"product_tag":[],"class_list":{"0":"post-79017","1":"product","2":"type-product","3":"status-publish","4":"has-post-thumbnail","6":"product_cat-republica-dominicana-ca","7":"product_cat-ron-ca","9":"first","10":"instock","11":"taxable","12":"shipping-taxable","13":"purchasable","14":"product-type-simple"},"acf":[],"aioseo_notices":[],"jetpack_sharing_enabled":true,"_links":{"self":[{"href":"https:\/\/whisky.ad\/ca\/wp-json\/wp\/v2\/product\/79017","targetHints":{"allow":["GET"]}}],"collection":[{"href":"https:\/\/whisky.ad\/ca\/wp-json\/wp\/v2\/product"}],"about":[{"href":"https:\/\/whisky.ad\/ca\/wp-json\/wp\/v2\/types\/product"}],"replies":[{"embeddable":true,"href":"https:\/\/whisky.ad\/ca\/wp-json\/wp\/v2\/comments?post=79017"}],"wp:featuredmedia":[{"embeddable":true,"href":"https:\/\/whisky.ad\/ca\/wp-json\/wp\/v2\/media\/77040"}],"wp:attachment":[{"href":"https:\/\/whisky.ad\/ca\/wp-json\/wp\/v2\/media?parent=79017"}],"wp:term":[{"taxonomy":"product_brand","embeddable":true,"href":"https:\/\/whisky.ad\/ca\/wp-json\/wp\/v2\/product_brand?post=79017"},{"taxonomy":"product_cat","embeddable":true,"href":"https:\/\/whisky.ad\/ca\/wp-json\/wp\/v2\/product_cat?post=79017"},{"taxonomy":"product_tag","embeddable":true,"href":"https:\/\/whisky.ad\/ca\/wp-json\/wp\/v2\/product_tag?post=79017"}],"curies":[{"name":"wp","href":"https:\/\/api.w.org\/{rel}","templated":true}]}}