{"id":79011,"date":"2023-11-17T16:59:19","date_gmt":"2023-11-17T15:59:19","guid":{"rendered":"https:\/\/whisky.ad\/product\/rammstein-10-yo-irish-whisky-07l-43\/"},"modified":"2023-11-17T16:59:19","modified_gmt":"2023-11-17T15:59:19","slug":"rammstein-10-yo-irish-whisky-07l-43","status":"publish","type":"product","link":"https:\/\/whisky.ad\/ca\/producte\/rammstein-10-yo-irish-whisky-07l-43\/","title":{"rendered":"Rammstein 10 YO Irish Whisky 0,7l 43%"},"content":{"rendered":"","protected":false},"excerpt":{"rendered":"<p>Destil\u00b7lat i envellit a Irlanda, el whisky Rammstein \u00e9s una barreja de gra triple destil\u00b7lat i una malta doble destil\u00b7lada. Envellit durant 10 anys en b\u00f3tes ex Bourbon i acabat durant un m\u00ednim de 6 mesos en b\u00f3tes ex Sherry. Amb un delicat nas afruitat i un gust suau d&#8217;esp\u00e8cies i vainilla.  <\/p>\n","protected":false},"featured_media":77676,"comment_status":"open","ping_status":"closed","template":"","meta":{"_acf_changed":false},"product_brand":[],"product_cat":[503,360,475],"product_tag":[],"class_list":{"0":"post-79011","1":"product","2":"type-product","3":"status-publish","4":"has-post-thumbnail","6":"product_cat-ireland-ca","7":"product_cat-whisky-per-marca-ca","8":"product_cat-rammstein-ca","10":"first","11":"instock","12":"purchasable","13":"product-type-simple"},"acf":[],"aioseo_notices":[],"jetpack_sharing_enabled":true,"_links":{"self":[{"href":"https:\/\/whisky.ad\/ca\/wp-json\/wp\/v2\/product\/79011","targetHints":{"allow":["GET"]}}],"collection":[{"href":"https:\/\/whisky.ad\/ca\/wp-json\/wp\/v2\/product"}],"about":[{"href":"https:\/\/whisky.ad\/ca\/wp-json\/wp\/v2\/types\/product"}],"replies":[{"embeddable":true,"href":"https:\/\/whisky.ad\/ca\/wp-json\/wp\/v2\/comments?post=79011"}],"wp:featuredmedia":[{"embeddable":true,"href":"https:\/\/whisky.ad\/ca\/wp-json\/wp\/v2\/media\/77676"}],"wp:attachment":[{"href":"https:\/\/whisky.ad\/ca\/wp-json\/wp\/v2\/media?parent=79011"}],"wp:term":[{"taxonomy":"product_brand","embeddable":true,"href":"https:\/\/whisky.ad\/ca\/wp-json\/wp\/v2\/product_brand?post=79011"},{"taxonomy":"product_cat","embeddable":true,"href":"https:\/\/whisky.ad\/ca\/wp-json\/wp\/v2\/product_cat?post=79011"},{"taxonomy":"product_tag","embeddable":true,"href":"https:\/\/whisky.ad\/ca\/wp-json\/wp\/v2\/product_tag?post=79011"}],"curies":[{"name":"wp","href":"https:\/\/api.w.org\/{rel}","templated":true}]}}