{"id":79008,"date":"2023-07-23T17:28:19","date_gmt":"2023-07-23T16:28:19","guid":{"rendered":"https:\/\/whisky.ad\/product\/port-ellen-33-yo\/"},"modified":"2023-07-23T17:28:19","modified_gmt":"2023-07-23T16:28:19","slug":"port-ellen-33-yo","status":"publish","type":"product","link":"https:\/\/whisky.ad\/ca\/producte\/port-ellen-33-yo\/","title":{"rendered":"Port Ellen 33 YO"},"content":{"rendered":"","protected":false},"excerpt":{"rendered":"<p><strong>Islay Single Malt Scotch Whisky, Hunter Laing 70cl \/ 58,3%<\/strong><\/p>\n<p>Un dels embotellats m\u00e9s rars d&#8217;aquesta venerada destil\u00b7leria, ara tancada, els llan\u00e7aments de la qual ja s\u00f3n relativament escassos. Nom\u00e9s es van alliberar 108 ampolles de l&#8217;\u00fanica b\u00f3ta de xer\u00e8s. Aquest whisky en particular va ser destil\u00b7lat el setembre de 1982, envellit durant 33 anys i embotellat a la for\u00e7a de la b\u00f3ta (no dilu\u00eft) l&#8217;octubre de 2015.  <\/p>\n","protected":false},"featured_media":76389,"comment_status":"open","ping_status":"closed","template":"","meta":{"_acf_changed":false},"product_brand":[],"product_cat":[343,360,315,472],"product_tag":[],"class_list":{"0":"post-79008","1":"product","2":"type-product","3":"status-publish","4":"has-post-thumbnail","6":"product_cat-rar-i-colleccionable","7":"product_cat-whisky-per-marca-ca","8":"product_cat-escocia","9":"product_cat-port-ellen-ca","11":"first","12":"instock","13":"taxable","14":"shipping-taxable","15":"product-type-simple"},"acf":[],"aioseo_notices":[],"jetpack_sharing_enabled":true,"_links":{"self":[{"href":"https:\/\/whisky.ad\/ca\/wp-json\/wp\/v2\/product\/79008","targetHints":{"allow":["GET"]}}],"collection":[{"href":"https:\/\/whisky.ad\/ca\/wp-json\/wp\/v2\/product"}],"about":[{"href":"https:\/\/whisky.ad\/ca\/wp-json\/wp\/v2\/types\/product"}],"replies":[{"embeddable":true,"href":"https:\/\/whisky.ad\/ca\/wp-json\/wp\/v2\/comments?post=79008"}],"wp:featuredmedia":[{"embeddable":true,"href":"https:\/\/whisky.ad\/ca\/wp-json\/wp\/v2\/media\/76389"}],"wp:attachment":[{"href":"https:\/\/whisky.ad\/ca\/wp-json\/wp\/v2\/media?parent=79008"}],"wp:term":[{"taxonomy":"product_brand","embeddable":true,"href":"https:\/\/whisky.ad\/ca\/wp-json\/wp\/v2\/product_brand?post=79008"},{"taxonomy":"product_cat","embeddable":true,"href":"https:\/\/whisky.ad\/ca\/wp-json\/wp\/v2\/product_cat?post=79008"},{"taxonomy":"product_tag","embeddable":true,"href":"https:\/\/whisky.ad\/ca\/wp-json\/wp\/v2\/product_tag?post=79008"}],"curies":[{"name":"wp","href":"https:\/\/api.w.org\/{rel}","templated":true}]}}