{"id":79004,"date":"2023-08-28T14:15:06","date_gmt":"2023-08-28T13:15:06","guid":{"rendered":"https:\/\/whisky.ad\/product\/peychauds-bitter-296ml-35\/"},"modified":"2023-08-28T14:15:06","modified_gmt":"2023-08-28T13:15:06","slug":"peychauds-bitter-296ml-35","status":"publish","type":"product","link":"https:\/\/whisky.ad\/ca\/producte\/peychauds-bitter-296ml-35\/","title":{"rendered":"Peychaud\u00b4s Bitter 296ml. 35%"},"content":{"rendered":"","protected":false},"excerpt":{"rendered":"<p>Arribat a Nova Orleans des de l&#8217;anterior col\u00f2nia francesa de Sant Domingo (actual Hait\u00ed), Antoine Am\u00e9d\u00e9e Peychaud es va establir el 1832 com a propietari d&#8217;una apotecaria situada al cor del barri franc\u00e8s. Aqu\u00ed, va elaborar magistralment els seus coneguts amargs. Aquests amargs van servir com a complement vigoritzant als elixirs que adornaven les prestatgeries de la seva farm\u00e0cia. Amb el temps, la popularitat dels amargs de Peychaud va cr\u00e9ixer de manera exponencial, convertint-se en una mercaderia estimada. Aquest llegat perdurable perdura ja que el m\u00e8tode de Peychaud, que consisteix a infusionar licors destil\u00b7lats amb una varietat de productes bot\u00e0nics, segueix sent rellevant en l&#8217;actualitat. Els amargs de Peychaud assumeixen un paper fonamental com a element fonamental en el c\u00f2ctel oficial Sazerac i s\u00f3n una pedra angular indispensable en qualsevol entorn de bar refinat.   <\/p>\n","protected":false},"featured_media":77295,"comment_status":"open","ping_status":"closed","template":"","meta":{"_acf_changed":false},"product_brand":[],"product_cat":[412,349],"product_tag":[],"class_list":{"0":"post-79004","1":"product","2":"type-product","3":"status-publish","4":"has-post-thumbnail","6":"product_cat-bitter-ca","7":"product_cat-begudes-alcoholiques-ca","9":"first","10":"outofstock","11":"taxable","12":"shipping-taxable","13":"product-type-simple"},"acf":[],"aioseo_notices":[],"jetpack_sharing_enabled":true,"_links":{"self":[{"href":"https:\/\/whisky.ad\/ca\/wp-json\/wp\/v2\/product\/79004","targetHints":{"allow":["GET"]}}],"collection":[{"href":"https:\/\/whisky.ad\/ca\/wp-json\/wp\/v2\/product"}],"about":[{"href":"https:\/\/whisky.ad\/ca\/wp-json\/wp\/v2\/types\/product"}],"replies":[{"embeddable":true,"href":"https:\/\/whisky.ad\/ca\/wp-json\/wp\/v2\/comments?post=79004"}],"wp:featuredmedia":[{"embeddable":true,"href":"https:\/\/whisky.ad\/ca\/wp-json\/wp\/v2\/media\/77295"}],"wp:attachment":[{"href":"https:\/\/whisky.ad\/ca\/wp-json\/wp\/v2\/media?parent=79004"}],"wp:term":[{"taxonomy":"product_brand","embeddable":true,"href":"https:\/\/whisky.ad\/ca\/wp-json\/wp\/v2\/product_brand?post=79004"},{"taxonomy":"product_cat","embeddable":true,"href":"https:\/\/whisky.ad\/ca\/wp-json\/wp\/v2\/product_cat?post=79004"},{"taxonomy":"product_tag","embeddable":true,"href":"https:\/\/whisky.ad\/ca\/wp-json\/wp\/v2\/product_tag?post=79004"}],"curies":[{"name":"wp","href":"https:\/\/api.w.org\/{rel}","templated":true}]}}