{"id":79000,"date":"2023-08-28T15:13:33","date_gmt":"2023-08-28T14:13:33","guid":{"rendered":"https:\/\/whisky.ad\/product\/paul-john-pedro-ximenez-single-malt-48-0-7l\/"},"modified":"2024-01-06T13:49:03","modified_gmt":"2024-01-06T12:49:03","slug":"paul-john-pedro-ximenez-single-malt-48-0-7l","status":"publish","type":"product","link":"https:\/\/whisky.ad\/ca\/producte\/paul-john-pedro-ximenez-single-malt-48-0-7l\/","title":{"rendered":"Paul John Pedro Ximenez Single Malt 48% 0.7l"},"content":{"rendered":"","protected":false},"excerpt":{"rendered":"<p>PAUL JOHN PEDRO XIM\u00c9NEZ INDIAN SINGLE MALT WHISKY #PaulJohnPX Alcohol per volum: 48% Sorgint de les costes soleades de Goa, aquesta extraordin\u00e0ria single malt \u00edndia, adornada amb profunds tons de coure, compta amb intricades frag\u00e0ncies de figa i albercoc, embellides amb un proposta de pl\u00e0tan. El paladar presenta una gran varietat de sabors profunds, com ara l&#8217;ordi dol\u00e7 acompanyat de mantega vellutada, fruits secs i una opulenta ess\u00e8ncia de past\u00eds de Nadal. La culminaci\u00f3 \u00e9s un final prolongat i exquisit, caracteritzat per un dol\u00e7 de xocolata indulgent, una delicada ratlladura de taronja i notes subtils de fruits secs ex\u00f2tics amarats de vi. L&#8217;ess\u00e8ncia del Paul John PX est\u00e0 profundament plasmada pel seu homenatge al reconegut xer\u00e8s de postres espanyol intensament dol\u00e7 i fosc, despr\u00e9s d&#8217;haver experimentat un espl\u00e8ndid refinament dins de les b\u00f3tes de Pedro Xim\u00e9nez meticulosament escollides. Aroma: figa i albercoc amb un toc esquivant de pl\u00e0tan. Sabor: una simfonia d&#8217;ordi dol\u00e7 entrella\u00e7ada amb mantega vellutada, fruits secs i la riquesa del past\u00eds de Nadal. Final: est\u00e8s i refinat, amb l&#8217;opul\u00e8ncia del caramel de xocolata, l&#8217;ess\u00e8ncia de la pell de taronja i la intriga de fruits secs ex\u00f2tics amb infusi\u00f3 de vi. Harmonia: ressonant amb la dol\u00e7or semblant a un robust xer\u00e8s de postres espanyol, refinat amb gr\u00e0cia gr\u00e0cies a la seva exquisida maduraci\u00f3 en b\u00f3tes de Pedro Ximenez acuradament seleccionades. Color: coure profund.<\/p>\n","protected":false},"featured_media":77337,"comment_status":"open","ping_status":"closed","template":"","meta":{"_acf_changed":false},"product_brand":[],"product_cat":[531,469],"product_tag":[],"class_list":{"0":"post-79000","1":"product","2":"type-product","3":"status-publish","4":"has-post-thumbnail","6":"product_cat-india-ca","7":"product_cat-paul-john-ca","9":"first","10":"instock","11":"taxable","12":"shipping-taxable","13":"purchasable","14":"product-type-simple"},"acf":[],"aioseo_notices":[],"jetpack_sharing_enabled":true,"_links":{"self":[{"href":"https:\/\/whisky.ad\/ca\/wp-json\/wp\/v2\/product\/79000","targetHints":{"allow":["GET"]}}],"collection":[{"href":"https:\/\/whisky.ad\/ca\/wp-json\/wp\/v2\/product"}],"about":[{"href":"https:\/\/whisky.ad\/ca\/wp-json\/wp\/v2\/types\/product"}],"replies":[{"embeddable":true,"href":"https:\/\/whisky.ad\/ca\/wp-json\/wp\/v2\/comments?post=79000"}],"wp:featuredmedia":[{"embeddable":true,"href":"https:\/\/whisky.ad\/ca\/wp-json\/wp\/v2\/media\/77337"}],"wp:attachment":[{"href":"https:\/\/whisky.ad\/ca\/wp-json\/wp\/v2\/media?parent=79000"}],"wp:term":[{"taxonomy":"product_brand","embeddable":true,"href":"https:\/\/whisky.ad\/ca\/wp-json\/wp\/v2\/product_brand?post=79000"},{"taxonomy":"product_cat","embeddable":true,"href":"https:\/\/whisky.ad\/ca\/wp-json\/wp\/v2\/product_cat?post=79000"},{"taxonomy":"product_tag","embeddable":true,"href":"https:\/\/whisky.ad\/ca\/wp-json\/wp\/v2\/product_tag?post=79000"}],"curies":[{"name":"wp","href":"https:\/\/api.w.org\/{rel}","templated":true}]}}