{"id":78997,"date":"2023-08-28T15:09:08","date_gmt":"2023-08-28T14:09:08","guid":{"rendered":"https:\/\/whisky.ad\/product\/paul-john-peated-select-cask-55-5-0-7l\/"},"modified":"2023-08-28T15:09:08","modified_gmt":"2023-08-28T14:09:08","slug":"paul-john-peated-select-cask-55-5-0-7l","status":"publish","type":"product","link":"https:\/\/whisky.ad\/ca\/producte\/paul-john-peated-select-cask-55-5-0-7l\/","title":{"rendered":"Paul John Peated Select Cask 55.5% 0.7l"},"content":{"rendered":"","protected":false},"excerpt":{"rendered":"<p>Presentaci\u00f3 de Peated Select Cask Indian Single Malt Whisky #PaulJohnPeatedSelectCask Alcohol per volum (ABV): 55,5% Goa, un llen\u00e7 sempre atractiu, no deixa de captivar. Tant si es tracta d&#8217;endinsar-se en els seus innombrables personatges, el seu tap\u00eds hist\u00f2ric, el seu esperit contemporani vibrant o la seva exuber\u00e0ncia desenfrenada, l&#8217;atractiu continua sense parar. Un regne de sorpreses constants, especialment per a l&#8217;intr\u00e8pid explorador. Endinsa&#8217;t al regne de Paul John Select Cask Peated, una encarnaci\u00f3 de la sorpresa fins i tot per als coneixedors del whisky m\u00e9s experimentats. Una interacci\u00f3 harm\u00f2nica de sabors inesperats adorna els sentits, creant una libaci\u00f3 impecable. Cada glop encapsula l&#8217;ess\u00e8ncia de Goa en la seva totalitat. Aroma: les aromes entrella\u00e7ades de fumat, dol\u00e7or i terrositat es subratllen amb suaus ecos d&#8217;esp\u00e8cies. Sabor: Enmig de les capes de sucres cruixents de Muscovado i Demerara, es desplega el car\u00e0cter fumat del Single Malt, aconseguint un equilibri exquisit. Un subtil corrent d&#8217;esp\u00e8cies emana de l&#8217;hickory i tocs de cacau a l&#8217;estil dominic\u00e0. Acabat: el subtil desenlla\u00e7 d&#8217;aquest Single Malt revela notes de cacau dominic\u00e0 entrella\u00e7ades amb l&#8217;ess\u00e8ncia picant de la melmelada. Color: resplendent en una tonalitat de caoba daurada, reflex de la seva profunditat. Maridatge: aquest whisky excepcionalment complex garanteix la companyia de plats que s&#8217;harmonitzen perfectament. Els bistecs suculents i tendres i la riquesa del formatge blau serveixen com a socis ideals, que us permeten desentranyar l&#8217;intricat tap\u00eds d&#8217;aquesta espl\u00e8ndida malta de Goan.<\/p>\n","protected":false},"featured_media":77322,"comment_status":"open","ping_status":"closed","template":"","meta":{"_acf_changed":false},"product_brand":[],"product_cat":[531,469],"product_tag":[],"class_list":{"0":"post-78997","1":"product","2":"type-product","3":"status-publish","4":"has-post-thumbnail","6":"product_cat-india-ca","7":"product_cat-paul-john-ca","9":"first","10":"outofstock","11":"taxable","12":"shipping-taxable","13":"product-type-simple"},"acf":[],"aioseo_notices":[],"jetpack_sharing_enabled":true,"_links":{"self":[{"href":"https:\/\/whisky.ad\/ca\/wp-json\/wp\/v2\/product\/78997","targetHints":{"allow":["GET"]}}],"collection":[{"href":"https:\/\/whisky.ad\/ca\/wp-json\/wp\/v2\/product"}],"about":[{"href":"https:\/\/whisky.ad\/ca\/wp-json\/wp\/v2\/types\/product"}],"replies":[{"embeddable":true,"href":"https:\/\/whisky.ad\/ca\/wp-json\/wp\/v2\/comments?post=78997"}],"wp:featuredmedia":[{"embeddable":true,"href":"https:\/\/whisky.ad\/ca\/wp-json\/wp\/v2\/media\/77322"}],"wp:attachment":[{"href":"https:\/\/whisky.ad\/ca\/wp-json\/wp\/v2\/media?parent=78997"}],"wp:term":[{"taxonomy":"product_brand","embeddable":true,"href":"https:\/\/whisky.ad\/ca\/wp-json\/wp\/v2\/product_brand?post=78997"},{"taxonomy":"product_cat","embeddable":true,"href":"https:\/\/whisky.ad\/ca\/wp-json\/wp\/v2\/product_cat?post=78997"},{"taxonomy":"product_tag","embeddable":true,"href":"https:\/\/whisky.ad\/ca\/wp-json\/wp\/v2\/product_tag?post=78997"}],"curies":[{"name":"wp","href":"https:\/\/api.w.org\/{rel}","templated":true}]}}