{"id":78995,"date":"2023-08-28T15:15:17","date_gmt":"2023-08-28T14:15:17","guid":{"rendered":"https:\/\/whisky.ad\/product\/paul-john-oloroso-select-cask-48-0-7l\/"},"modified":"2024-01-06T13:43:21","modified_gmt":"2024-01-06T12:43:21","slug":"paul-john-oloroso-select-cask-48-0-7l","status":"publish","type":"product","link":"https:\/\/whisky.ad\/ca\/producte\/paul-john-oloroso-select-cask-48-0-7l\/","title":{"rendered":"Paul John Oloroso Select Cask 48% 0.7l"},"content":{"rendered":"","protected":false},"excerpt":{"rendered":"<p>PAUL JOHN OLOROSO SELECT CASK INDIAN SINGLE MALT WHISKY #PaulJohnOlorosoSelectCask Alcohol per volum: 48% Un llan\u00e7ament distintiu del whisky indi single malt de les costes assolellades de Goa, l&#8217;Oloroso Select Cask \u00e9s una explosi\u00f3 fascinant de sabors extraordinaris. Amb tons profunds de caoba, aquesta variant excepcional desplega un mosaic arom\u00e0tic d&#8217;olors amb influ\u00e8ncia de xer\u00e8s, mostrant matisos de pr\u00e9ssec i albercoc acompanyats de subtils tocs de melassa i taronja sanguina. Meticulosament refinat en b\u00f3tes d&#8217;Oloroso, el seu paladar vellutat est\u00e0 adornat amb una harmoniosa barreja de xocolata amb nou i la riquesa del past\u00eds Melton Hunt. El final prolongat ressona amb intensitat i dol\u00e7or, resultat de la profunda infusi\u00f3 d&#8217;esp\u00e8cies robustes de les b\u00f3tes d&#8217;Oloroso, entrella\u00e7ades intricadament amb matisos de caf\u00e8 moka i xocolata negra de luxe. Aroma: Emanen notes de pr\u00e9ssec, albercoc, juntament amb delicades traces de melassa i taronja sanguina. Sabor: un perfil suau i dol\u00e7 amb matisos de xocolata amb nou i l&#8217;opul\u00e8ncia del past\u00eds Melton Hunt. Final: perdurable, potent i dol\u00e7, enriquit per la deliciosa influ\u00e8ncia de les esp\u00e8cies robustes de b\u00f3ta d&#8217;Oloroso, complementades amb un toc de caf\u00e8 moka i sumptuosa xocolata negra. Harmonia: un single malt complex i intens, que mostra una gamma explosiva de sabors sensacionals. Color: caoba profund.<\/p>\n","protected":false},"featured_media":77340,"comment_status":"open","ping_status":"closed","template":"","meta":{"_acf_changed":false},"product_brand":[],"product_cat":[531,469],"product_tag":[],"class_list":{"0":"post-78995","1":"product","2":"type-product","3":"status-publish","4":"has-post-thumbnail","6":"product_cat-india-ca","7":"product_cat-paul-john-ca","9":"first","10":"instock","11":"taxable","12":"shipping-taxable","13":"purchasable","14":"product-type-simple"},"acf":[],"aioseo_notices":[],"jetpack_sharing_enabled":true,"_links":{"self":[{"href":"https:\/\/whisky.ad\/ca\/wp-json\/wp\/v2\/product\/78995","targetHints":{"allow":["GET"]}}],"collection":[{"href":"https:\/\/whisky.ad\/ca\/wp-json\/wp\/v2\/product"}],"about":[{"href":"https:\/\/whisky.ad\/ca\/wp-json\/wp\/v2\/types\/product"}],"replies":[{"embeddable":true,"href":"https:\/\/whisky.ad\/ca\/wp-json\/wp\/v2\/comments?post=78995"}],"wp:featuredmedia":[{"embeddable":true,"href":"https:\/\/whisky.ad\/ca\/wp-json\/wp\/v2\/media\/77340"}],"wp:attachment":[{"href":"https:\/\/whisky.ad\/ca\/wp-json\/wp\/v2\/media?parent=78995"}],"wp:term":[{"taxonomy":"product_brand","embeddable":true,"href":"https:\/\/whisky.ad\/ca\/wp-json\/wp\/v2\/product_brand?post=78995"},{"taxonomy":"product_cat","embeddable":true,"href":"https:\/\/whisky.ad\/ca\/wp-json\/wp\/v2\/product_cat?post=78995"},{"taxonomy":"product_tag","embeddable":true,"href":"https:\/\/whisky.ad\/ca\/wp-json\/wp\/v2\/product_tag?post=78995"}],"curies":[{"name":"wp","href":"https:\/\/api.w.org\/{rel}","templated":true}]}}