{"id":78992,"date":"2023-08-28T15:20:02","date_gmt":"2023-08-28T14:20:02","guid":{"rendered":"https:\/\/whisky.ad\/product\/paul-john-mithuna-58-0-7l\/"},"modified":"2024-01-06T13:39:16","modified_gmt":"2024-01-06T12:39:16","slug":"paul-john-mithuna-58-0-7l","status":"publish","type":"product","link":"https:\/\/whisky.ad\/ca\/producte\/paul-john-mithuna-58-0-7l\/","title":{"rendered":"Paul John Mithuna 58% 0.7l"},"content":{"rendered":"","protected":false},"excerpt":{"rendered":"<p>MITHUNA INDIAN SINGLE MALT WHISKY #MithunabyPaulJohn Alcohol per volum: 58% Mithuna, una oferta distingida de la s\u00e8rie Paul John Zodiac, pren el seu nom de l&#8217;equivalent indi del tercer signe del zod\u00edac, Gemini. Sense tor\u00e7ar i presentada sense filtraci\u00f3 freda, aquesta expressi\u00f3 madura en b\u00f3tes de roure verge americ\u00e0, culminant amb un toc final en b\u00f3tes ex-bourbon. Imbu\u00efts de tons de roure envellit, les aromes que es desenvolupen s\u00f3n les de la regal\u00e8ssia sofisticada, acompanyades del subtil encant de la cera d&#8217;abelles, que finalment condueixen a una sumptuosa revelaci\u00f3 de mel d&#8217;ulmo sobre matisos cruixents torrats, lligats amb delicats tocs de vainilla. El paladar t&#8217;embolcalla amb sabors rics semblants al caf\u00e8 moka, la ratlladura de la pell de taronja i una suau abra\u00e7ada d&#8217;esp\u00e8cies, tot equilibrat harm\u00f2nicament sobre una base de tanins actius, barrejat amb olis tendres i xiuxiueigs de cacau fosc. La conclusi\u00f3 ressona amb una longitud indulgent i una complexitat complexa, ja que una simfonia de sucres polifac\u00e8tics balla al costat de delicades notes de mel. Celebrant la coneguda dualitat de Gemini, aquest single malt indi reflecteix la interacci\u00f3 de forces contrastades. Teixeix h\u00e0bilment tanins secs i austers amb sucres deliciosos i moka sobre olis delicats, pintant un retrat fascinant de la complexitat. Color: roure envellit. Aroma: un tap\u00eds d&#8217;aromes de regal\u00e8ssia i la suau calidesa de la cera d&#8217;abella, entrella\u00e7at amb l&#8217;ess\u00e8ncia acollidora de la mel d&#8217;ulmo sobre torrades cruixents, accentuades per notes suaus de vainilla. Boca: Explorar el paladar revela la gran riquesa del caf\u00e8 moka, la ratlladura vibrant de la pell de taronja i l&#8217;abra\u00e7ada d&#8217;esp\u00e8cies delicades, tot aix\u00f2 portat sobre les ales de tanins actius i abra\u00e7at per olis suaus, coronats amb la subtilesa dels tons foscos de cacau. Final: desplegant-se amb gr\u00e0cia, el final persisteix en la complexitat, adornat amb sucres multicapa i notes de mel elegants que perduren delicadament.<\/p>\n","protected":false},"featured_media":77346,"comment_status":"open","ping_status":"closed","template":"","meta":{"_acf_changed":false},"product_brand":[],"product_cat":[531,469],"product_tag":[],"class_list":{"0":"post-78992","1":"product","2":"type-product","3":"status-publish","4":"has-post-thumbnail","6":"product_cat-india-ca","7":"product_cat-paul-john-ca","9":"first","10":"outofstock","11":"taxable","12":"shipping-taxable","13":"product-type-simple"},"acf":[],"aioseo_notices":[],"jetpack_sharing_enabled":true,"_links":{"self":[{"href":"https:\/\/whisky.ad\/ca\/wp-json\/wp\/v2\/product\/78992","targetHints":{"allow":["GET"]}}],"collection":[{"href":"https:\/\/whisky.ad\/ca\/wp-json\/wp\/v2\/product"}],"about":[{"href":"https:\/\/whisky.ad\/ca\/wp-json\/wp\/v2\/types\/product"}],"replies":[{"embeddable":true,"href":"https:\/\/whisky.ad\/ca\/wp-json\/wp\/v2\/comments?post=78992"}],"wp:featuredmedia":[{"embeddable":true,"href":"https:\/\/whisky.ad\/ca\/wp-json\/wp\/v2\/media\/77346"}],"wp:attachment":[{"href":"https:\/\/whisky.ad\/ca\/wp-json\/wp\/v2\/media?parent=78992"}],"wp:term":[{"taxonomy":"product_brand","embeddable":true,"href":"https:\/\/whisky.ad\/ca\/wp-json\/wp\/v2\/product_brand?post=78992"},{"taxonomy":"product_cat","embeddable":true,"href":"https:\/\/whisky.ad\/ca\/wp-json\/wp\/v2\/product_cat?post=78992"},{"taxonomy":"product_tag","embeddable":true,"href":"https:\/\/whisky.ad\/ca\/wp-json\/wp\/v2\/product_tag?post=78992"}],"curies":[{"name":"wp","href":"https:\/\/api.w.org\/{rel}","templated":true}]}}