{"id":78989,"date":"2023-08-28T15:16:58","date_gmt":"2023-08-28T14:16:58","guid":{"rendered":"https:\/\/whisky.ad\/product\/paul-john-kanya-50-0-7l\/"},"modified":"2023-08-28T15:16:58","modified_gmt":"2023-08-28T14:16:58","slug":"paul-john-kanya-50-0-7l","status":"publish","type":"product","link":"https:\/\/whisky.ad\/ca\/producte\/paul-john-kanya-50-0-7l\/","title":{"rendered":"Paul John Kanya 50% 0.7l"},"content":{"rendered":"","protected":false},"excerpt":{"rendered":"<p>KANYA INDIAN SINGLE MALT WHISKEY #KanyabyPaulJohn Alcohol per volum: 50% Procedent de les costes de Goa banyades pel sol, aquesta variant \u00fanica sense torba encarna una delicada puresa real\u00e7ada per matisos de fruita mel i un suau toc d&#8217;esp\u00e8cies. Guiat per Mercuri i simbolitzat per la verge, Kanya representa la digna contrapart \u00edndia de la captivadora Verge, el sis\u00e8 signe del zod\u00edac de la matriu celestial. Amb una sensibilitat terrosa i femenina, aquesta interpretaci\u00f3 d&#8217;ambre profund encarna els atributs b\u00e0sics de la Kanya. Envellit durant un per\u00edode de 7 anys en b\u00f3tes de roure blanc americ\u00e0, emana delicioses aromes d&#8217;esp\u00e8cies picants i fruites tropicals que us demanen a gaudir de la seva dol\u00e7or cremosa i de mantega. El final gratificant revela notes de roure torrat harmoniosament entrella\u00e7ades amb c\u00e0lides xiuxiueis d&#8217;esp\u00e8cies, subratllades delicadament per un toc de sal, gravant un record durador. Reunint complexitats rars i una sequedat magistralment equilibrada, el Kanya, amb el seu encant captivador, emergeix com un dels whiskies indis de textura m\u00e9s delicada mai embotellats. Aroma: Les primeres notes de c\u00edtrics lleugers es barregen amb la riquesa de la mel de manuka; una pres\u00e8ncia robusta de malta es barreja amb art amb l&#8217;ess\u00e8ncia de pr\u00e9ssec madur, albercoc i vainilla. Sabor: Pas en boca impecable caracteritzat per una cremositat opulenta. El roure imparteix un sabor a caramel de mantega suau, dol\u00e7 i totalment delici\u00f3s. Final: abra\u00e7ant el paladar amb una simfonia d&#8217;esp\u00e8cies c\u00e0lides teixides en roure torrat, un subtil corrent de salat assegura una conclusi\u00f3 c\u00e0lida i acollidora. Harmonia: un whisky extraordin\u00e0riament complex, on el car\u00e0cter de malta pronunciat i la sequedat meticulosament equilibrada es combinen per establir aquest whisky com una de les expressions \u00edndies m\u00e9s vellutats que mai han adornat una ampolla.<\/p>\n","protected":false},"featured_media":77343,"comment_status":"open","ping_status":"closed","template":"","meta":{"_acf_changed":false},"product_brand":[],"product_cat":[531,469],"product_tag":[],"class_list":{"0":"post-78989","1":"product","2":"type-product","3":"status-publish","4":"has-post-thumbnail","6":"product_cat-india-ca","7":"product_cat-paul-john-ca","9":"first","10":"instock","11":"taxable","12":"shipping-taxable","13":"purchasable","14":"product-type-simple"},"acf":[],"aioseo_notices":[],"jetpack_sharing_enabled":true,"_links":{"self":[{"href":"https:\/\/whisky.ad\/ca\/wp-json\/wp\/v2\/product\/78989","targetHints":{"allow":["GET"]}}],"collection":[{"href":"https:\/\/whisky.ad\/ca\/wp-json\/wp\/v2\/product"}],"about":[{"href":"https:\/\/whisky.ad\/ca\/wp-json\/wp\/v2\/types\/product"}],"replies":[{"embeddable":true,"href":"https:\/\/whisky.ad\/ca\/wp-json\/wp\/v2\/comments?post=78989"}],"wp:featuredmedia":[{"embeddable":true,"href":"https:\/\/whisky.ad\/ca\/wp-json\/wp\/v2\/media\/77343"}],"wp:attachment":[{"href":"https:\/\/whisky.ad\/ca\/wp-json\/wp\/v2\/media?parent=78989"}],"wp:term":[{"taxonomy":"product_brand","embeddable":true,"href":"https:\/\/whisky.ad\/ca\/wp-json\/wp\/v2\/product_brand?post=78989"},{"taxonomy":"product_cat","embeddable":true,"href":"https:\/\/whisky.ad\/ca\/wp-json\/wp\/v2\/product_cat?post=78989"},{"taxonomy":"product_tag","embeddable":true,"href":"https:\/\/whisky.ad\/ca\/wp-json\/wp\/v2\/product_tag?post=78989"}],"curies":[{"name":"wp","href":"https:\/\/api.w.org\/{rel}","templated":true}]}}