{"id":78986,"date":"2023-08-28T15:06:11","date_gmt":"2023-08-28T14:06:11","guid":{"rendered":"https:\/\/whisky.ad\/product\/paul-john-edited-single-malt-46-0-7l\/"},"modified":"2023-08-28T15:06:11","modified_gmt":"2023-08-28T14:06:11","slug":"paul-john-edited-single-malt-46-0-7l","status":"publish","type":"product","link":"https:\/\/whisky.ad\/ca\/producte\/paul-john-edited-single-malt-46-0-7l\/","title":{"rendered":"Paul John Edited Single Malt 46% 0.7l"},"content":{"rendered":"","protected":false},"excerpt":{"rendered":"<p>Presentant el whisky de malt individual indi editat #PaulJohnEdited Alcohol per volum (ABV): 46% elaborat per a l&#8217;excepcionalitat, Edited \u00e9s un testimoni de la nostra experi\u00e8ncia inigualable en l&#8217;art del single malt. Amb una composici\u00f3 meticulosa, emergeix un subtil toc de torba, derivat minuciosament de perfils de b\u00f3tes acuradament seleccionats. Una simfonia per a l&#8217;aficionat del whisky m\u00e9s exigent, on el domini no t\u00e9 l\u00edmits. Escolteu com es desenvolupen les hist\u00f2ries de la costa de Goa, sense filtres i indomables. Aroma: entrella\u00e7at amb fils de mel i cacau s&#8217;amaga un delicat vel de fum, acompanyat de l&#8217;atractiu d&#8217;un cop d&#8217;espresso. Aprofundir ens revela els secrets de les ess\u00e8ncies afruitats. Gust: l&#8217;abra\u00e7ada herbosa de l&#8217;ordi pren el primer pla, donant pas amablement a xiuxiueigs de torba matisats. Aquests suaus tons fumats ceden amb gr\u00e0cia a un esclat de menta i moka, participant en una dansa harm\u00f2nica. Acabat: us espera un comiat prolongat i sense presses. Un xiuxiueig d&#8217;esp\u00e8cies i menta de xocolata perdura, finalment s&#8217;acomiada amb un recordatori suau de la pres\u00e8ncia de la torba. Color: or ambre radiant, reflex de la seva ess\u00e8ncia. Maridatge: els discrets matisos de torba i els matisos de menta de xocolata d&#8217;aquest Single Malt troben els seus companys perfectes en un guisat de xai suaument especiat o l&#8217;abra\u00e7ada de xocolata negra.<\/p>\n","protected":false},"featured_media":77313,"comment_status":"open","ping_status":"closed","template":"","meta":{"_acf_changed":false},"product_brand":[],"product_cat":[531,469],"product_tag":[],"class_list":{"0":"post-78986","1":"product","2":"type-product","3":"status-publish","4":"has-post-thumbnail","6":"product_cat-india-ca","7":"product_cat-paul-john-ca","9":"first","10":"instock","11":"taxable","12":"shipping-taxable","13":"purchasable","14":"product-type-simple"},"acf":[],"aioseo_notices":[],"jetpack_sharing_enabled":true,"_links":{"self":[{"href":"https:\/\/whisky.ad\/ca\/wp-json\/wp\/v2\/product\/78986","targetHints":{"allow":["GET"]}}],"collection":[{"href":"https:\/\/whisky.ad\/ca\/wp-json\/wp\/v2\/product"}],"about":[{"href":"https:\/\/whisky.ad\/ca\/wp-json\/wp\/v2\/types\/product"}],"replies":[{"embeddable":true,"href":"https:\/\/whisky.ad\/ca\/wp-json\/wp\/v2\/comments?post=78986"}],"wp:featuredmedia":[{"embeddable":true,"href":"https:\/\/whisky.ad\/ca\/wp-json\/wp\/v2\/media\/77313"}],"wp:attachment":[{"href":"https:\/\/whisky.ad\/ca\/wp-json\/wp\/v2\/media?parent=78986"}],"wp:term":[{"taxonomy":"product_brand","embeddable":true,"href":"https:\/\/whisky.ad\/ca\/wp-json\/wp\/v2\/product_brand?post=78986"},{"taxonomy":"product_cat","embeddable":true,"href":"https:\/\/whisky.ad\/ca\/wp-json\/wp\/v2\/product_cat?post=78986"},{"taxonomy":"product_tag","embeddable":true,"href":"https:\/\/whisky.ad\/ca\/wp-json\/wp\/v2\/product_tag?post=78986"}],"curies":[{"name":"wp","href":"https:\/\/api.w.org\/{rel}","templated":true}]}}