{"id":78982,"date":"2023-08-28T15:11:42","date_gmt":"2023-08-28T14:11:42","guid":{"rendered":"https:\/\/whisky.ad\/product\/paul-john-classic-select-cask-55-2-0-7l\/"},"modified":"2023-08-28T15:11:42","modified_gmt":"2023-08-28T14:11:42","slug":"paul-john-classic-select-cask-55-2-0-7l","status":"publish","type":"product","link":"https:\/\/whisky.ad\/ca\/producte\/paul-john-classic-select-cask-55-2-0-7l\/","title":{"rendered":"Paul John Classic Select Cask 55.2% 0.7l"},"content":{"rendered":"","protected":false},"excerpt":{"rendered":"<p>PAUL JOHN CLASSIC SELECT CASK INDIAN SINGLE MALT WHISKY #PaulJohnClassicSelectCask Alcohol per volum: 55,2% Embarca&#8217;t en un viatge per Goa tropical amb cada glop del Classic Select Cask. L&#8217;abundant vitalitat d&#8217;aquest Single Malt acaricia els vostres sentits des del principi. Elaborat a trav\u00e9s d&#8217;una maduraci\u00f3 meticulosa en estils de b\u00f3ta escollits amb cura i embotellat amb la seva for\u00e7a natural sense patir filtraci\u00f3 freda. Submergeix-te en l&#8217;exuberant ess\u00e8ncia tropical, presentada a l&#8217;aut\u00e8ntica moda de Goa. Aroma: notes de fruita i malta intrincadament teixits amb tocs de mel. Un subtil suggeriment de bourbon afegeix un atractiu atractiu. Sabor: al glop inicial, els sabors d&#8217;ordi maltejat saluden el vostre paladar. Una fusi\u00f3 captivadora de bourbon, mel de manuka i regal\u00e8ssia, forma un nucli captivador. Enmig d&#8217;aquest viatge delici\u00f3s, emergeix una inesperada nota de bresca torrada que sorpr\u00e8n agradablement els sentits. Acabat: la culminaci\u00f3 d&#8217;aquest Single Malt est\u00e0 agraciada per un acabat elegant i suau, amb matisos deliciosos de Demerara que asseguren una conclusi\u00f3 suau i acollidora. Color: to ambre profund. Maridatge: Les esp\u00e8cies amb infusi\u00f3 de roure i el comportament refinat d&#8217;aquest cl\u00e0ssic indi complementen perfectament plats com el salm\u00f3 fumat, el pernil o fins i tot un sufl\u00e9 de xocolata indulgent.<\/p>\n","protected":false},"featured_media":77331,"comment_status":"open","ping_status":"closed","template":"","meta":{"_acf_changed":false},"product_brand":[],"product_cat":[531,469],"product_tag":[],"class_list":{"0":"post-78982","1":"product","2":"type-product","3":"status-publish","4":"has-post-thumbnail","6":"product_cat-india-ca","7":"product_cat-paul-john-ca","9":"first","10":"outofstock","11":"taxable","12":"shipping-taxable","13":"product-type-simple"},"acf":[],"aioseo_notices":[],"jetpack_sharing_enabled":true,"_links":{"self":[{"href":"https:\/\/whisky.ad\/ca\/wp-json\/wp\/v2\/product\/78982","targetHints":{"allow":["GET"]}}],"collection":[{"href":"https:\/\/whisky.ad\/ca\/wp-json\/wp\/v2\/product"}],"about":[{"href":"https:\/\/whisky.ad\/ca\/wp-json\/wp\/v2\/types\/product"}],"replies":[{"embeddable":true,"href":"https:\/\/whisky.ad\/ca\/wp-json\/wp\/v2\/comments?post=78982"}],"wp:featuredmedia":[{"embeddable":true,"href":"https:\/\/whisky.ad\/ca\/wp-json\/wp\/v2\/media\/77331"}],"wp:attachment":[{"href":"https:\/\/whisky.ad\/ca\/wp-json\/wp\/v2\/media?parent=78982"}],"wp:term":[{"taxonomy":"product_brand","embeddable":true,"href":"https:\/\/whisky.ad\/ca\/wp-json\/wp\/v2\/product_brand?post=78982"},{"taxonomy":"product_cat","embeddable":true,"href":"https:\/\/whisky.ad\/ca\/wp-json\/wp\/v2\/product_cat?post=78982"},{"taxonomy":"product_tag","embeddable":true,"href":"https:\/\/whisky.ad\/ca\/wp-json\/wp\/v2\/product_tag?post=78982"}],"curies":[{"name":"wp","href":"https:\/\/api.w.org\/{rel}","templated":true}]}}