{"id":78978,"date":"2023-08-28T15:04:34","date_gmt":"2023-08-28T14:04:34","guid":{"rendered":"https:\/\/whisky.ad\/product\/paul-john-brilliance-single-malt-46-0-7l\/"},"modified":"2023-08-28T15:04:34","modified_gmt":"2023-08-28T14:04:34","slug":"paul-john-brilliance-single-malt-46-0-7l","status":"publish","type":"product","link":"https:\/\/whisky.ad\/ca\/producte\/paul-john-brilliance-single-malt-46-0-7l\/","title":{"rendered":"Paul John Brilliance Single Malt 46% 0.7l"},"content":{"rendered":"","protected":false},"excerpt":{"rendered":"<p>Us presentem el Brilliance Indian Single Malt Whisky #PaulJohnBrilliance Alcohol per volum (ABV): 46% Procedent de les costes assolellades de Goa, \u00cdndia, aquest whisky indi Single Malt sense picar, adornat amb una tonalitat de coure radiant, us convida a assaborir la seva delicada dol\u00e7or. complementat amb una suau brisa d&#8217;esp\u00e8cies. La seva suavitat vellutada acaricia el paladar, revelant una cruixent \u00fanica amb infusi\u00f3 de cacau, que condueix a un profund final de roure americ\u00e0 entrella\u00e7at amb delicioses notes de cremositat de vainilla. Submergeix-te en l&#8217;art d&#8217;aquesta obra mestra meticulosament elaborada i sense filtraci\u00f3 de fred. Aroma: els sucres Demerara desprenen una aroma delicada dol\u00e7or, subratllada per xiuxiueigs de canyella, un toc de mel i esp\u00e8cies subtils. Sabor: una simfonia de dol\u00e7or i danses d&#8217;esp\u00e8cies dins d&#8217;aquest Single Malt. La suavitat de mel troba harmonia amb una deliciosa cruixent cruixent que recorda a una barra de xocolata. Fins i tot hi ha un rastre subtil de cacau al fons. Final: La brillantor s&#8217;acomiada amb un acabat suau i sense presses, adornat amb tocs d&#8217;esp\u00e8cies suaus i vainilla rica i profunda. Color: coure radiant, que recorda les facetes brillants. Maridatge: amb les seves opulentes capes de vainilla i accents d&#8217;esp\u00e8cies discrets, aquest Single Malt \u00e9s el company perfecte per a pastissos de fruita indulgents i plats de carn \u00edndia a la graella exquisidament preparats.<\/p>\n","protected":false},"featured_media":77307,"comment_status":"open","ping_status":"closed","template":"","meta":{"_acf_changed":false},"product_brand":[],"product_cat":[531,469],"product_tag":[],"class_list":{"0":"post-78978","1":"product","2":"type-product","3":"status-publish","4":"has-post-thumbnail","6":"product_cat-india-ca","7":"product_cat-paul-john-ca","9":"first","10":"instock","11":"taxable","12":"shipping-taxable","13":"purchasable","14":"product-type-simple"},"acf":[],"aioseo_notices":[],"jetpack_sharing_enabled":true,"_links":{"self":[{"href":"https:\/\/whisky.ad\/ca\/wp-json\/wp\/v2\/product\/78978","targetHints":{"allow":["GET"]}}],"collection":[{"href":"https:\/\/whisky.ad\/ca\/wp-json\/wp\/v2\/product"}],"about":[{"href":"https:\/\/whisky.ad\/ca\/wp-json\/wp\/v2\/types\/product"}],"replies":[{"embeddable":true,"href":"https:\/\/whisky.ad\/ca\/wp-json\/wp\/v2\/comments?post=78978"}],"wp:featuredmedia":[{"embeddable":true,"href":"https:\/\/whisky.ad\/ca\/wp-json\/wp\/v2\/media\/77307"}],"wp:attachment":[{"href":"https:\/\/whisky.ad\/ca\/wp-json\/wp\/v2\/media?parent=78978"}],"wp:term":[{"taxonomy":"product_brand","embeddable":true,"href":"https:\/\/whisky.ad\/ca\/wp-json\/wp\/v2\/product_brand?post=78978"},{"taxonomy":"product_cat","embeddable":true,"href":"https:\/\/whisky.ad\/ca\/wp-json\/wp\/v2\/product_cat?post=78978"},{"taxonomy":"product_tag","embeddable":true,"href":"https:\/\/whisky.ad\/ca\/wp-json\/wp\/v2\/product_tag?post=78978"}],"curies":[{"name":"wp","href":"https:\/\/api.w.org\/{rel}","templated":true}]}}