{"id":78975,"date":"2023-08-28T15:07:33","date_gmt":"2023-08-28T14:07:33","guid":{"rendered":"https:\/\/whisky.ad\/product\/paul-john-bold-single-malt-46-0-7l\/"},"modified":"2023-08-28T15:07:33","modified_gmt":"2023-08-28T14:07:33","slug":"paul-john-bold-single-malt-46-0-7l","status":"publish","type":"product","link":"https:\/\/whisky.ad\/ca\/producte\/paul-john-bold-single-malt-46-0-7l\/","title":{"rendered":"Paul John Bold Single Malt 46% 0.7l"},"content":{"rendered":"","protected":false},"excerpt":{"rendered":"<p>Presentaci\u00f3 de Bold Indian Single Malt Whisky #PaulJohnBold Alcohol per volum (ABV): 46% Embarca&#8217;t en una atrevida odissea que et guiar\u00e0 pels paisatges inexplorats de Goa. Desvetllant els seus enigmes m\u00e9s estimats, Bold et convida a sortir dels camins trillats i submergir-te en l&#8217;ess\u00e8ncia captivadora d&#8217;aquest refugi costaner. Aroma: emergeix d&#8217;una delicada ratlla de fum, un remol\u00ed de mel de Manuka, esp\u00e8cies picants i un toc de regal\u00e8ssia vermella d&#8217;esquena bourbon embolcalla els sentits. Sabor: Aquesta malta, que es fon perfectament al paladar, introdueix una simfonia de sabors xocant com onades tumultuoses. El lliurament inicial ofereix una experi\u00e8ncia sublimament vellutada, adornada amb notes de mel inspirades en roure. I just quan creieu que n&#8217;heu descobert sencer, us sorpr\u00e8n una segona onada d&#8217;esp\u00e8cies. Aix\u00f2 \u00e9s succe\u00eft per una sensaci\u00f3 borrosa i fumat que cobreix el paladar, deixant enrere una onada de melassa seca, cendra de torba i un toc de coure. Final: Bold s&#8217;acomiada amb un final suau i persistent, acompanyat d&#8217;un xiuxiueig de coure que progressivament afirma la seva pres\u00e8ncia. Una barreja espl\u00e8ndida de matisos de moka fumat, acariciada per esp\u00e8cies intricades, adorna els sentits. Color: una encarnaci\u00f3 d&#8217;or l\u00edquid, brillant d&#8217;atractiu.<\/p>\n","protected":false},"featured_media":77319,"comment_status":"open","ping_status":"closed","template":"","meta":{"_acf_changed":false},"product_brand":[],"product_cat":[531,469],"product_tag":[],"class_list":{"0":"post-78975","1":"product","2":"type-product","3":"status-publish","4":"has-post-thumbnail","6":"product_cat-india-ca","7":"product_cat-paul-john-ca","9":"first","10":"instock","11":"taxable","12":"shipping-taxable","13":"purchasable","14":"product-type-simple"},"acf":[],"aioseo_notices":[],"jetpack_sharing_enabled":true,"_links":{"self":[{"href":"https:\/\/whisky.ad\/ca\/wp-json\/wp\/v2\/product\/78975","targetHints":{"allow":["GET"]}}],"collection":[{"href":"https:\/\/whisky.ad\/ca\/wp-json\/wp\/v2\/product"}],"about":[{"href":"https:\/\/whisky.ad\/ca\/wp-json\/wp\/v2\/types\/product"}],"replies":[{"embeddable":true,"href":"https:\/\/whisky.ad\/ca\/wp-json\/wp\/v2\/comments?post=78975"}],"wp:featuredmedia":[{"embeddable":true,"href":"https:\/\/whisky.ad\/ca\/wp-json\/wp\/v2\/media\/77319"}],"wp:attachment":[{"href":"https:\/\/whisky.ad\/ca\/wp-json\/wp\/v2\/media?parent=78975"}],"wp:term":[{"taxonomy":"product_brand","embeddable":true,"href":"https:\/\/whisky.ad\/ca\/wp-json\/wp\/v2\/product_brand?post=78975"},{"taxonomy":"product_cat","embeddable":true,"href":"https:\/\/whisky.ad\/ca\/wp-json\/wp\/v2\/product_cat?post=78975"},{"taxonomy":"product_tag","embeddable":true,"href":"https:\/\/whisky.ad\/ca\/wp-json\/wp\/v2\/product_tag?post=78975"}],"curies":[{"name":"wp","href":"https:\/\/api.w.org\/{rel}","templated":true}]}}