{"id":78972,"date":"2023-08-03T10:57:00","date_gmt":"2023-08-03T09:57:00","guid":{"rendered":"https:\/\/whisky.ad\/product\/patridom-seleccion-exclusiva-12-yo-0-7l-40\/"},"modified":"2024-01-08T12:15:59","modified_gmt":"2024-01-08T11:15:59","slug":"patridom-seleccion-exclusiva-12-yo-0-7l-40","status":"publish","type":"product","link":"https:\/\/whisky.ad\/ca\/producte\/patridom-seleccion-exclusiva-12-yo-0-7l-40\/","title":{"rendered":"Patridom Selecci\u00f3n Exclusiva Dominican Rum12 YO 0.7L 40%"},"content":{"rendered":"","protected":false},"excerpt":{"rendered":"<div class=\"flex flex-grow flex-col gap-3\">\n<div class=\"min-h-[20px] flex flex-col items-start gap-3 overflow-x-auto whitespace-pre-wrap break-words\">\n<div class=\"markdown prose w-full break-words dark:prose-invert light\">\n<p>Patridom 12, una deliciosa fusi\u00f3 de roms purs de suc de canya i roms de melassa originaris de la Rep\u00fablica Dominicana. Aquests roms fins s&#8217;envelleixen acuradament en b\u00f3tes de roure franc\u00e8s i americ\u00e0 dins del sistema de solera, cosa que els permet desenvolupar els seus rics sabors durant 6 a 12 anys. Antigament conegut com a Ron Esclavo de 12 anys, Patridom 12 conserva la seva qualitat excepcional i l&#8217;ess\u00e8ncia inalterada. \u00c9s nom\u00e9s un membre de la gamma b\u00e0sica de Patridom, que compta amb quatre expressions diferents, cadascuna oferint el seu propi perfil de sabor captivador. Produ\u00eft per Alcoholes Fins Dominicanos, Patridom garanteix l&#8217;autenticitat dels seus roms obtenint les seves canyes de sucre exclusivament dels abundants camps de la Rep\u00fablica Dominicana. Entre aquestes expressions hi ha Patridom Selecci\u00f3n Exclusiva, un rom premium elaborat a partir de melassa de canya de sucre i madurat art\u00edsticament al clima tropical de la Rep\u00fablica Dominicana. Envellit pacientment de sis a dotze anys en una harmoniosa barreja de b\u00f3tes de roure americ\u00e0 i roure franc\u00e8s, aquest rom exquisit promet una experi\u00e8ncia gustativa realment excepcional. <\/p>\n<\/div>\n<\/div>\n<\/div>\n","protected":false},"featured_media":76980,"comment_status":"open","ping_status":"closed","template":"","meta":{"_acf_changed":false},"product_brand":[],"product_cat":[402,370],"product_tag":[],"class_list":{"0":"post-78972","1":"product","2":"type-product","3":"status-publish","4":"has-post-thumbnail","6":"product_cat-republica-dominicana-ca","7":"product_cat-ron-ca","9":"first","10":"instock","11":"taxable","12":"shipping-taxable","13":"purchasable","14":"product-type-simple"},"acf":[],"aioseo_notices":[],"jetpack_sharing_enabled":true,"_links":{"self":[{"href":"https:\/\/whisky.ad\/ca\/wp-json\/wp\/v2\/product\/78972","targetHints":{"allow":["GET"]}}],"collection":[{"href":"https:\/\/whisky.ad\/ca\/wp-json\/wp\/v2\/product"}],"about":[{"href":"https:\/\/whisky.ad\/ca\/wp-json\/wp\/v2\/types\/product"}],"replies":[{"embeddable":true,"href":"https:\/\/whisky.ad\/ca\/wp-json\/wp\/v2\/comments?post=78972"}],"wp:featuredmedia":[{"embeddable":true,"href":"https:\/\/whisky.ad\/ca\/wp-json\/wp\/v2\/media\/76980"}],"wp:attachment":[{"href":"https:\/\/whisky.ad\/ca\/wp-json\/wp\/v2\/media?parent=78972"}],"wp:term":[{"taxonomy":"product_brand","embeddable":true,"href":"https:\/\/whisky.ad\/ca\/wp-json\/wp\/v2\/product_brand?post=78972"},{"taxonomy":"product_cat","embeddable":true,"href":"https:\/\/whisky.ad\/ca\/wp-json\/wp\/v2\/product_cat?post=78972"},{"taxonomy":"product_tag","embeddable":true,"href":"https:\/\/whisky.ad\/ca\/wp-json\/wp\/v2\/product_tag?post=78972"}],"curies":[{"name":"wp","href":"https:\/\/api.w.org\/{rel}","templated":true}]}}